{"id":644,"date":"2020-08-17T13:35:29","date_gmt":"2020-08-17T13:35:29","guid":{"rendered":"https:\/\/www.jornadaebpmg.com.br\/?page_id=644"},"modified":"2020-09-09T15:48:27","modified_gmt":"2020-09-09T15:48:27","slug":"mutantes-2","status":"publish","type":"page","link":"https:\/\/www.jornadaebpmg.com.br\/2020\/mutantes-2\/","title":{"rendered":"Mutantes 2"},"content":{"rendered":"<p>[vc_row row_height_percent=&#8221;0&#8243; overlay_alpha=&#8221;50&#8243; gutter_size=&#8221;0&#8243; column_width_percent=&#8221;100&#8243; shift_y=&#8221;0&#8243; z_index=&#8221;0&#8243; desktop_visibility=&#8221;yes&#8221; mobile_visibility=&#8221;yes&#8221;][vc_column column_width_percent=&#8221;100&#8243; position_vertical=&#8221;middle&#8221; gutter_size=&#8221;3&#8243; overlay_alpha=&#8221;50&#8243; shift_x=&#8221;0&#8243; shift_y=&#8221;1&#8243; shift_y_fixed=&#8221;yes&#8221; shift_y_down=&#8221;0&#8243; z_index=&#8221;0&#8243; medium_width=&#8221;5&#8243; mobile_width=&#8221;5&#8243; css_animation=&#8221;bottom-t-top&#8221; width=&#8221;1\/2&#8243;][vc_empty_space empty_h=&#8221;3&#8243;][vc_empty_space empty_h=&#8221;3&#8243;][vc_column_text css_animation=&#8221;alpha-anim&#8221; animation_speed=&#8221;400&#8243;]<img decoding=\"async\" src=\"https:\/\/www.jornadaebpmg.com.br\/2020\/wp-content\/uploads\/2020\/07\/jornada_logo.png\" alt=\"Jornada\" \/>[\/vc_column_text][\/vc_column][vc_column column_width_percent=&#8221;90&#8243; position_horizontal=&#8221;right&#8221; position_vertical=&#8221;bottom&#8221; align_horizontal=&#8221;align_right&#8221; gutter_size=&#8221;3&#8243; overlay_alpha=&#8221;50&#8243; shift_x=&#8221;0&#8243; shift_y=&#8221;0&#8243; shift_y_down=&#8221;0&#8243; z_index=&#8221;0&#8243; medium_width=&#8221;3&#8243; align_mobile=&#8221;align_right_mobile&#8221; mobile_width=&#8221;3&#8243; width=&#8221;1\/2&#8243;][vc_column_text css_animation=&#8221;bottom-t-top&#8221; animation_speed=&#8221;200&#8243;]<img decoding=\"async\" src=\"https:\/\/www.jornadaebpmg.com.br\/2020\/wp-content\/uploads\/2020\/07\/logos.png\" alt=\"Jornada\" \/>[\/vc_column_text][\/vc_column][\/vc_row][vc_row row_height_percent=&#8221;0&#8243; overlay_alpha=&#8221;50&#8243; gutter_size=&#8221;3&#8243; column_width_percent=&#8221;100&#8243; shift_y=&#8221;-3&#8243; shift_y_fixed=&#8221;yes&#8221; z_index=&#8221;0&#8243; medium_visibility=&#8221;yes&#8221; mobile_visibility=&#8221;yes&#8221;][vc_column column_width_percent=&#8221;100&#8243; position_horizontal=&#8221;left&#8221; position_vertical=&#8221;middle&#8221; gutter_size=&#8221;3&#8243; overlay_alpha=&#8221;50&#8243; shift_x=&#8221;0&#8243; shift_y=&#8221;0&#8243; shift_y_down=&#8221;0&#8243; z_index=&#8221;0&#8243; medium_width=&#8221;3&#8243; mobile_width=&#8221;0&#8243; width=&#8221;1\/4&#8243; el_id=&#8221;logo1&#8243;][vc_column_text css_animation=&#8221;alpha-anim&#8221; animation_speed=&#8221;400&#8243;]<img decoding=\"async\" class=\"imagemfixa\" src=\"https:\/\/www.jornadaebpmg.com.br\/2020\/wp-content\/uploads\/2020\/07\/jornada_logo.png\" alt=\"Jornada\" \/>[\/vc_column_text][\/vc_column][vc_column column_width_percent=&#8221;95&#8243; gutter_size=&#8221;3&#8243; overlay_alpha=&#8221;50&#8243; shift_x=&#8221;3&#8243; shift_y=&#8221;0&#8243; shift_y_down=&#8221;0&#8243; z_index=&#8221;0&#8243; medium_width=&#8221;3&#8243; mobile_width=&#8221;0&#8243; width=&#8221;2\/4&#8243;][\/vc_column][vc_column column_width_percent=&#8221;100&#8243; position_vertical=&#8221;bottom&#8221; align_horizontal=&#8221;align_center&#8221; gutter_size=&#8221;3&#8243; overlay_alpha=&#8221;50&#8243; shift_x=&#8221;-2&#8243; shift_y=&#8221;0&#8243; shift_y_down=&#8221;0&#8243; z_index=&#8221;0&#8243; medium_width=&#8221;3&#8243; mobile_width=&#8221;0&#8243; width=&#8221;1\/4&#8243; el_id=&#8221;logo2&#8243;][vc_column_text css_animation=&#8221;bottom-t-top&#8221; animation_speed=&#8221;200&#8243;]<img decoding=\"async\" class=\"logofixa\" src=\"https:\/\/www.jornadaebpmg.com.br\/2020\/wp-content\/uploads\/2020\/07\/logos.png\" alt=\"Jornada\" \/>[\/vc_column_text][\/vc_column][\/vc_row][vc_row row_height_percent=&#8221;0&#8243; overlay_alpha=&#8221;50&#8243; gutter_size=&#8221;3&#8243; column_width_percent=&#8221;100&#8243; shift_y=&#8221;0&#8243; z_index=&#8221;0&#8243; mobile_visibility=&#8221;yes&#8221;][vc_column width=&#8221;1\/1&#8243;][vc_empty_space empty_h=&#8221;5&#8243; mobile_visibility=&#8221;yes&#8221;][\/vc_column][\/vc_row][vc_row row_height_percent=&#8221;0&#8243; overlay_alpha=&#8221;50&#8243; gutter_size=&#8221;3&#8243; column_width_percent=&#8221;100&#8243; shift_y=&#8221;0&#8243; shift_y_fixed=&#8221;yes&#8221; z_index=&#8221;0&#8243; row_name=&#8221;home&#8221; css=&#8221;.vc_custom_1596910478504{padding-top: 50px !important;}&#8221;][vc_column column_width_percent=&#8221;100&#8243; position_horizontal=&#8221;left&#8221; position_vertical=&#8221;middle&#8221; gutter_size=&#8221;3&#8243; overlay_alpha=&#8221;50&#8243; shift_x=&#8221;0&#8243; shift_y=&#8221;0&#8243; shift_y_down=&#8221;0&#8243; z_index=&#8221;0&#8243; medium_visibility=&#8221;yes&#8221; medium_width=&#8221;0&#8243; mobile_visibility=&#8221;yes&#8221; mobile_width=&#8221;0&#8243; width=&#8221;1\/4&#8243;][\/vc_column][vc_column column_width_percent=&#8221;100&#8243; gutter_size=&#8221;0&#8243; override_padding=&#8221;yes&#8221; column_padding=&#8221;0&#8243; back_color=&#8221;color-901555&#8243; overlay_alpha=&#8221;50&#8243; shift_x=&#8221;3&#8243; shift_y=&#8221;0&#8243; shift_y_down=&#8221;0&#8243; z_index=&#8221;0&#8243; medium_width=&#8221;7&#8243; mobile_width=&#8221;7&#8243; width=&#8221;2\/4&#8243; css=&#8221;.vc_custom_1596461270861{padding-top: 0px !important;padding-right: 0px !important;padding-bottom: 0px !important;padding-left: 0px !important;}&#8221;][vc_row_inner row_inner_height_percent=&#8221;0&#8243; overlay_alpha=&#8221;50&#8243; gutter_size=&#8221;3&#8243; shift_y=&#8221;0&#8243; z_index=&#8221;0&#8243; css=&#8221;.vc_custom_1596461059148{margin-top: 0px !important;}&#8221;][vc_column_inner column_width_percent=&#8221;100&#8243; gutter_size=&#8221;1&#8243; override_padding=&#8221;yes&#8221; column_padding=&#8221;0&#8243; overlay_alpha=&#8221;50&#8243; shift_x=&#8221;0&#8243; shift_y=&#8221;0&#8243; shift_y_down=&#8221;0&#8243; z_index=&#8221;0&#8243; medium_width=&#8221;0&#8243; mobile_width=&#8221;0&#8243; width=&#8221;1\/1&#8243;][vc_single_image media=&#8221;651&#8243; media_width_percent=&#8221;100&#8243; css_animation=&#8221;alpha-anim&#8221; animation_speed=&#8221;300&#8243; animation_delay=&#8221;100&#8243;][\/vc_column_inner][\/vc_row_inner][vc_row_inner row_inner_height_percent=&#8221;0&#8243; overlay_alpha=&#8221;50&#8243; gutter_size=&#8221;3&#8243; shift_y=&#8221;0&#8243; z_index=&#8221;0&#8243; css=&#8221;.vc_custom_1596913099382{padding-top: 10px !important;padding-right: 10px !important;padding-left: 10px !important;}&#8221;][vc_column_inner width=&#8221;1\/1&#8243;][vc_empty_space empty_h=&#8221;1&#8243;][vc_column_text]<iframe src=\"https:\/\/www.youtube.com\/embed\/JRFQgVwxRQs\" width=\"560\" height=\"315\" frameborder=\"0\" allowfullscreen=\"allowfullscreen\"><\/iframe>[\/vc_column_text][vc_empty_space empty_h=&#8221;1&#8243;][\/vc_column_inner][\/vc_row_inner][vc_row_inner row_inner_height_percent=&#8221;0&#8243; overlay_alpha=&#8221;50&#8243; gutter_size=&#8221;3&#8243; shift_y=&#8221;0&#8243; z_index=&#8221;0&#8243; css=&#8221;.vc_custom_1596913099382{padding-top: 10px !important;padding-right: 10px !important;padding-left: 10px !important;}&#8221;][vc_column_inner width=&#8221;1\/1&#8243;][vc_single_image media=&#8221;235&#8243; media_width_percent=&#8221;100&#8243; css_animation=&#8221;alpha-anim&#8221; animation_speed=&#8221;300&#8243; animation_delay=&#8221;100&#8243;][\/vc_column_inner][\/vc_row_inner][vc_row_inner row_inner_height_percent=&#8221;0&#8243; overlay_alpha=&#8221;50&#8243; equal_height=&#8221;yes&#8221; gutter_size=&#8221;0&#8243; shift_y=&#8221;0&#8243; z_index=&#8221;0&#8243;][vc_column_inner column_width_percent=&#8221;100&#8243; gutter_size=&#8221;2&#8243; back_color=&#8221;color-901555&#8243; overlay_alpha=&#8221;50&#8243; shift_x=&#8221;0&#8243; shift_y=&#8221;0&#8243; shift_y_down=&#8221;0&#8243; z_index=&#8221;0&#8243; medium_width=&#8221;3&#8243; mobile_width=&#8221;3&#8243; css_animation=&#8221;bottom-t-top&#8221; width=&#8221;1\/4&#8243;][vc_single_image media=&#8221;520&#8243; media_width_percent=&#8221;100&#8243; advanced=&#8221;yes&#8221; media_items=&#8221;media|original,icon|md&#8221; media_style=&#8221;dark&#8221; media_overlay_color=&#8221;accent&#8221; media_overlay_opacity=&#8221;50&#8243; media_image_anim=&#8221;no&#8221; media_h_align=&#8221;center&#8221; media_padding=&#8221;2&#8243; media_icon=&#8221;fa fa-folder-open-o&#8221; media_link=&#8221;url:https%3A%2F%2Fwww.jornadaebpmg.com.br%2F2020%2Fwp-content%2Fuploads%2F2020%2F08%2Fabertura_XXIV_jornada_helenice_de_castro.pdf|title:Abrir%20o%20texto%20completo|target:%20_blank|&#8221;][\/vc_column_inner][vc_column_inner column_width_percent=&#8221;100&#8243; gutter_size=&#8221;0&#8243; back_color=&#8221;color-901555&#8243; overlay_alpha=&#8221;50&#8243; shift_x=&#8221;0&#8243; shift_y=&#8221;0&#8243; shift_y_down=&#8221;0&#8243; z_index=&#8221;0&#8243; medium_width=&#8221;5&#8243; mobile_width=&#8221;5&#8243; css_animation=&#8221;bottom-t-top&#8221; animation_delay=&#8221;200&#8243; width=&#8221;3\/4&#8243;][vc_custom_heading heading_semantic=&#8221;h6&#8243; text_size=&#8221;h6&#8243;]<strong>Abertura da XXIV Jornada da EBP-MG<\/strong>[\/vc_custom_heading][vc_column_text]por Helenice de Castro (Diretora Geral da EBP-MG)[\/vc_column_text][vc_empty_space empty_h=&#8221;0&#8243;][vc_column_text]<a href=\"https:\/\/www.jornadaebpmg.com.br\/2020\/wp-content\/uploads\/2020\/08\/abertura_XXIV_jornada_helenice_de_castro.pdf\" target=\"_blank\" rel=\"noopener noreferrer\">Abrir o texto completo<\/a>[\/vc_column_text][\/vc_column_inner][\/vc_row_inner][vc_row_inner row_inner_height_percent=&#8221;0&#8243; overlay_alpha=&#8221;50&#8243; equal_height=&#8221;yes&#8221; gutter_size=&#8221;0&#8243; shift_y=&#8221;0&#8243; z_index=&#8221;0&#8243;][vc_column_inner column_width_percent=&#8221;100&#8243; gutter_size=&#8221;2&#8243; back_color=&#8221;color-901555&#8243; overlay_alpha=&#8221;50&#8243; shift_x=&#8221;0&#8243; shift_y=&#8221;0&#8243; shift_y_down=&#8221;0&#8243; z_index=&#8221;0&#8243; medium_width=&#8221;3&#8243; mobile_width=&#8221;3&#8243; css_animation=&#8221;bottom-t-top&#8221; width=&#8221;1\/4&#8243;][vc_single_image media=&#8221;520&#8243; media_width_percent=&#8221;100&#8243; advanced=&#8221;yes&#8221; media_items=&#8221;media|original,icon|md&#8221; media_style=&#8221;dark&#8221; media_overlay_color=&#8221;accent&#8221; media_overlay_opacity=&#8221;50&#8243; media_image_anim=&#8221;no&#8221; media_h_align=&#8221;center&#8221; media_padding=&#8221;2&#8243; media_icon=&#8221;fa fa-folder-open-o&#8221; media_link=&#8221;url:https%3A%2F%2Fwww.jornadaebpmg.com.br%2F2020%2Fwp-content%2Fuploads%2F2020%2F08%2Fargumento2_luciola_macedo.pdf|title:Abrir%20o%20texto%20completo|target:%20_blank|&#8221;][\/vc_column_inner][vc_column_inner column_width_percent=&#8221;100&#8243; gutter_size=&#8221;0&#8243; back_color=&#8221;color-901555&#8243; overlay_alpha=&#8221;50&#8243; shift_x=&#8221;0&#8243; shift_y=&#8221;0&#8243; shift_y_down=&#8221;0&#8243; z_index=&#8221;0&#8243; medium_width=&#8221;5&#8243; mobile_width=&#8221;5&#8243; css_animation=&#8221;bottom-t-top&#8221; animation_delay=&#8221;200&#8243; width=&#8221;3\/4&#8243;][vc_custom_heading heading_semantic=&#8221;h6&#8243; text_size=&#8221;h6&#8243;]<strong>Qual la\u00e7o, onde n\u00e3o h\u00e1 rela\u00e7\u00e3o?<\/strong>[\/vc_custom_heading][vc_column_text]por Luc\u00edola Mac\u00eado (Coordenadora da XXIV Jornada da EBP-MG <em>fora de serie<\/em>)[\/vc_column_text][vc_empty_space empty_h=&#8221;0&#8243;][vc_column_text]<a href=\"https:\/\/www.jornadaebpmg.com.br\/2020\/wp-content\/uploads\/2020\/08\/argumento2_luciola_macedo.pdf\" target=\"_blank\" rel=\"noopener noreferrer\">Abrir o texto completo<\/a>[\/vc_column_text][\/vc_column_inner][\/vc_row_inner][vc_row_inner row_inner_height_percent=&#8221;0&#8243; overlay_alpha=&#8221;50&#8243; equal_height=&#8221;yes&#8221; gutter_size=&#8221;0&#8243; shift_y=&#8221;0&#8243; z_index=&#8221;0&#8243;][vc_column_inner column_width_percent=&#8221;100&#8243; gutter_size=&#8221;2&#8243; back_color=&#8221;color-901555&#8243; overlay_alpha=&#8221;50&#8243; shift_x=&#8221;0&#8243; shift_y=&#8221;0&#8243; shift_y_down=&#8221;0&#8243; z_index=&#8221;0&#8243; medium_width=&#8221;3&#8243; mobile_width=&#8221;3&#8243; css_animation=&#8221;bottom-t-top&#8221; width=&#8221;1\/4&#8243;][vc_single_image media=&#8221;520&#8243; media_width_percent=&#8221;100&#8243; advanced=&#8221;yes&#8221; media_items=&#8221;media|original,icon|md&#8221; media_style=&#8221;dark&#8221; media_overlay_color=&#8221;accent&#8221; media_overlay_opacity=&#8221;50&#8243; media_image_anim=&#8221;no&#8221; media_h_align=&#8221;center&#8221; media_padding=&#8221;2&#8243; media_icon=&#8221;fa fa-folder-open-o&#8221; media_link=&#8221;url:https%3A%2F%2Fwww.jornadaebpmg.com.br%2F2020%2Fwp-content%2Fuploads%2F2020%2F08%2Fargumento2_elisa_alvarenga.pdf|title:Abrir%20o%20texto%20completo|target:%20_blank|&#8221;][\/vc_column_inner][vc_column_inner column_width_percent=&#8221;100&#8243; gutter_size=&#8221;0&#8243; back_color=&#8221;color-901555&#8243; overlay_alpha=&#8221;50&#8243; shift_x=&#8221;0&#8243; shift_y=&#8221;0&#8243; shift_y_down=&#8221;0&#8243; z_index=&#8221;0&#8243; medium_width=&#8221;5&#8243; mobile_width=&#8221;5&#8243; css_animation=&#8221;bottom-t-top&#8221; animation_delay=&#8221;200&#8243; width=&#8221;3\/4&#8243;][vc_custom_heading heading_semantic=&#8221;h6&#8243; text_size=&#8221;h6&#8243;]<strong>\u00a0O que h\u00e1 de novo nas parcerias?<\/strong>[\/vc_custom_heading][vc_column_text]<\/p>\n<p class=\"p1\">por Elisa Alvarenga (Coordenadora da XXIV Jornada da EBP-MG <em>fora de serie<\/em>)<\/p>\n<p>[\/vc_column_text][vc_empty_space empty_h=&#8221;0&#8243;][vc_column_text]<a href=\"https:\/\/www.jornadaebpmg.com.br\/2020\/wp-content\/uploads\/2020\/08\/argumento2_elisa_alvarenga.pdf\" target=\"_blank\" rel=\"noopener noreferrer\">Abrir o texto completo<\/a>[\/vc_column_text][\/vc_column_inner][\/vc_row_inner][vc_empty_space empty_h=&#8221;3&#8243;][\/vc_column][vc_column column_width_percent=&#8221;100&#8243; position_vertical=&#8221;bottom&#8221; align_horizontal=&#8221;align_center&#8221; gutter_size=&#8221;3&#8243; overlay_alpha=&#8221;50&#8243; shift_x=&#8221;-2&#8243; shift_y=&#8221;0&#8243; shift_y_down=&#8221;0&#8243; z_index=&#8221;0&#8243; medium_visibility=&#8221;yes&#8221; medium_width=&#8221;0&#8243; mobile_visibility=&#8221;yes&#8221; mobile_width=&#8221;0&#8243; width=&#8221;1\/4&#8243;][\/vc_column][\/vc_row][vc_row row_height_percent=&#8221;70&#8243; overlay_alpha=&#8221;50&#8243; gutter_size=&#8221;0&#8243; column_width_percent=&#8221;100&#8243; shift_y=&#8221;0&#8243; z_index=&#8221;0&#8243; desktop_visibility=&#8221;yes&#8221; medium_visibility=&#8221;yes&#8221;][vc_column column_width_percent=&#8221;100&#8243; position_vertical=&#8221;middle&#8221; gutter_size=&#8221;3&#8243; overlay_alpha=&#8221;50&#8243; shift_x=&#8221;0&#8243; shift_y=&#8221;0&#8243; shift_y_down=&#8221;0&#8243; z_index=&#8221;0&#8243; medium_width=&#8221;5&#8243; mobile_width=&#8221;5&#8243; css_animation=&#8221;bottom-t-top&#8221; width=&#8221;1\/2&#8243; link_to=&#8221;url:%23home|||&#8221;][vc_empty_space empty_h=&#8221;2&#8243;][vc_column_text css_animation=&#8221;alpha-anim&#8221; animation_speed=&#8221;400&#8243;]<img decoding=\"async\" src=\"https:\/\/www.jornadaebpmg.com.br\/2020\/wp-content\/uploads\/2020\/07\/jornada_logo.png\" alt=\"Jornada\" \/>[\/vc_column_text][\/vc_column][vc_column column_width_percent=&#8221;90&#8243; position_horizontal=&#8221;right&#8221; position_vertical=&#8221;bottom&#8221; align_horizontal=&#8221;align_right&#8221; gutter_size=&#8221;3&#8243; overlay_alpha=&#8221;50&#8243; shift_x=&#8221;0&#8243; shift_y=&#8221;0&#8243; shift_y_down=&#8221;0&#8243; z_index=&#8221;0&#8243; medium_width=&#8221;3&#8243; align_mobile=&#8221;align_right_mobile&#8221; mobile_width=&#8221;3&#8243; width=&#8221;1\/2&#8243;][vc_empty_space empty_h=&#8221;2&#8243;][vc_empty_space empty_h=&#8221;2&#8243;][vc_column_text css_animation=&#8221;bottom-t-top&#8221; animation_speed=&#8221;200&#8243;]<img decoding=\"async\" src=\"https:\/\/www.jornadaebpmg.com.br\/2020\/wp-content\/uploads\/2020\/07\/logos.png\" alt=\"Jornada\" \/>[\/vc_column_text][\/vc_column][\/vc_row][vc_row row_height_percent=&#8221;0&#8243; overlay_alpha=&#8221;50&#8243; gutter_size=&#8221;3&#8243; column_width_percent=&#8221;100&#8243; shift_y=&#8221;0&#8243; z_index=&#8221;0&#8243; desktop_visibility=&#8221;yes&#8221; medium_visibility=&#8221;yes&#8221;][vc_column width=&#8221;1\/1&#8243;][vc_empty_space empty_h=&#8221;5&#8243; mobile_visibility=&#8221;yes&#8221;][\/vc_column][\/vc_row]<\/p>\n","protected":false},"excerpt":{"rendered":"<p>[vc_row row_height_percent=&#8221;0&#8243; overlay_alpha=&#8221;50&#8243; gutter_size=&#8221;0&#8243; column_width_percent=&#8221;100&#8243; shift_y=&#8221;0&#8243; z_index=&#8221;0&#8243; desktop_visibility=&#8221;yes&#8221; mobile_visibility=&#8221;yes&#8221;][vc_column column_width_percent=&#8221;100&#8243; position_vertical=&#8221;middle&#8221; gutter_size=&#8221;3&#8243; overlay_alpha=&#8221;50&#8243; shift_x=&#8221;0&#8243; shift_y=&#8221;1&#8243; shift_y_fixed=&#8221;yes&#8221; shift_y_down=&#8221;0&#8243; z_index=&#8221;0&#8243; medium_width=&#8221;5&#8243; mobile_width=&#8221;5&#8243; [&hellip;]<\/p>\n","protected":false},"author":1,"featured_media":48,"parent":0,"menu_order":0,"comment_status":"closed","ping_status":"closed","template":"","meta":{"footnotes":""},"class_list":["post-644","page","type-page","status-publish","has-post-thumbnail","hentry"],"yoast_head":"<!-- This site is optimized with the Yoast SEO plugin v26.5 - https:\/\/yoast.com\/wordpress\/plugins\/seo\/ -->\n<title>Mutantes 2 - XXIV Jornada EBP-MG<\/title>\n<meta name=\"robots\" content=\"index, follow, max-snippet:-1, max-image-preview:large, max-video-preview:-1\" \/>\n<link rel=\"canonical\" href=\"https:\/\/www.jornadaebpmg.com.br\/2020\/mutantes-2\/\" \/>\n<meta property=\"og:locale\" content=\"pt_BR\" \/>\n<meta property=\"og:type\" content=\"article\" \/>\n<meta property=\"og:title\" content=\"Mutantes 2 - XXIV Jornada EBP-MG\" \/>\n<meta property=\"og:description\" content=\"[vc_row row_height_percent=&#8221;0&#8243; overlay_alpha=&#8221;50&#8243; gutter_size=&#8221;0&#8243; column_width_percent=&#8221;100&#8243; shift_y=&#8221;0&#8243; z_index=&#8221;0&#8243; desktop_visibility=&#8221;yes&#8221; mobile_visibility=&#8221;yes&#8221;][vc_column column_width_percent=&#8221;100&#8243; position_vertical=&#8221;middle&#8221; gutter_size=&#8221;3&#8243; overlay_alpha=&#8221;50&#8243; shift_x=&#8221;0&#8243; shift_y=&#8221;1&#8243; shift_y_fixed=&#8221;yes&#8221; shift_y_down=&#8221;0&#8243; z_index=&#8221;0&#8243; medium_width=&#8221;5&#8243; mobile_width=&#8221;5&#8243; [&hellip;]\" \/>\n<meta property=\"og:url\" content=\"https:\/\/www.jornadaebpmg.com.br\/2020\/mutantes-2\/\" \/>\n<meta property=\"og:site_name\" content=\"XXIV Jornada EBP-MG\" \/>\n<meta property=\"article:modified_time\" content=\"2020-09-09T15:48:27+00:00\" \/>\n<meta property=\"og:image\" content=\"https:\/\/www.jornadaebpmg.com.br\/2020\/wp-content\/uploads\/2020\/08\/jornadaebpmg.png\" \/>\n\t<meta property=\"og:image:width\" content=\"620\" \/>\n\t<meta property=\"og:image:height\" content=\"570\" \/>\n\t<meta property=\"og:image:type\" content=\"image\/png\" \/>\n<meta name=\"twitter:card\" content=\"summary_large_image\" \/>\n<meta name=\"twitter:label1\" content=\"Est. tempo de leitura\" \/>\n\t<meta name=\"twitter:data1\" content=\"7 minutos\" \/>\n<script type=\"application\/ld+json\" class=\"yoast-schema-graph\">{\"@context\":\"https:\/\/schema.org\",\"@graph\":[{\"@type\":\"WebPage\",\"@id\":\"https:\/\/www.jornadaebpmg.com.br\/2020\/mutantes-2\/\",\"url\":\"https:\/\/www.jornadaebpmg.com.br\/2020\/mutantes-2\/\",\"name\":\"Mutantes 2 - XXIV Jornada EBP-MG\",\"isPartOf\":{\"@id\":\"https:\/\/www.jornadaebpmg.com.br\/2020\/#website\"},\"primaryImageOfPage\":{\"@id\":\"https:\/\/www.jornadaebpmg.com.br\/2020\/mutantes-2\/#primaryimage\"},\"image\":{\"@id\":\"https:\/\/www.jornadaebpmg.com.br\/2020\/mutantes-2\/#primaryimage\"},\"thumbnailUrl\":\"https:\/\/www.jornadaebpmg.com.br\/2020\/wp-content\/uploads\/2020\/07\/Captura-de-Tela-2020-07-30-a\u0300s-18.00.57.png\",\"datePublished\":\"2020-08-17T13:35:29+00:00\",\"dateModified\":\"2020-09-09T15:48:27+00:00\",\"breadcrumb\":{\"@id\":\"https:\/\/www.jornadaebpmg.com.br\/2020\/mutantes-2\/#breadcrumb\"},\"inLanguage\":\"pt-BR\",\"potentialAction\":[{\"@type\":\"ReadAction\",\"target\":[\"https:\/\/www.jornadaebpmg.com.br\/2020\/mutantes-2\/\"]}]},{\"@type\":\"ImageObject\",\"inLanguage\":\"pt-BR\",\"@id\":\"https:\/\/www.jornadaebpmg.com.br\/2020\/mutantes-2\/#primaryimage\",\"url\":\"https:\/\/www.jornadaebpmg.com.br\/2020\/wp-content\/uploads\/2020\/07\/Captura-de-Tela-2020-07-30-a\u0300s-18.00.57.png\",\"contentUrl\":\"https:\/\/www.jornadaebpmg.com.br\/2020\/wp-content\/uploads\/2020\/07\/Captura-de-Tela-2020-07-30-a\u0300s-18.00.57.png\",\"width\":822,\"height\":622},{\"@type\":\"BreadcrumbList\",\"@id\":\"https:\/\/www.jornadaebpmg.com.br\/2020\/mutantes-2\/#breadcrumb\",\"itemListElement\":[{\"@type\":\"ListItem\",\"position\":1,\"name\":\"In\u00edcio\",\"item\":\"https:\/\/www.jornadaebpmg.com.br\/2020\/\"},{\"@type\":\"ListItem\",\"position\":2,\"name\":\"Mutantes 2\"}]},{\"@type\":\"WebSite\",\"@id\":\"https:\/\/www.jornadaebpmg.com.br\/2020\/#website\",\"url\":\"https:\/\/www.jornadaebpmg.com.br\/2020\/\",\"name\":\"XXIV Jornada EBP-MG\",\"description\":\"Escola Brasileira de Psican\u00e1lise\",\"potentialAction\":[{\"@type\":\"SearchAction\",\"target\":{\"@type\":\"EntryPoint\",\"urlTemplate\":\"https:\/\/www.jornadaebpmg.com.br\/2020\/?s={search_term_string}\"},\"query-input\":{\"@type\":\"PropertyValueSpecification\",\"valueRequired\":true,\"valueName\":\"search_term_string\"}}],\"inLanguage\":\"pt-BR\"}]}<\/script>\n<!-- \/ Yoast SEO plugin. -->","yoast_head_json":{"title":"Mutantes 2 - XXIV Jornada EBP-MG","robots":{"index":"index","follow":"follow","max-snippet":"max-snippet:-1","max-image-preview":"max-image-preview:large","max-video-preview":"max-video-preview:-1"},"canonical":"https:\/\/www.jornadaebpmg.com.br\/2020\/mutantes-2\/","og_locale":"pt_BR","og_type":"article","og_title":"Mutantes 2 - XXIV Jornada EBP-MG","og_description":"[vc_row row_height_percent=&#8221;0&#8243; overlay_alpha=&#8221;50&#8243; gutter_size=&#8221;0&#8243; column_width_percent=&#8221;100&#8243; shift_y=&#8221;0&#8243; z_index=&#8221;0&#8243; desktop_visibility=&#8221;yes&#8221; mobile_visibility=&#8221;yes&#8221;][vc_column column_width_percent=&#8221;100&#8243; position_vertical=&#8221;middle&#8221; gutter_size=&#8221;3&#8243; overlay_alpha=&#8221;50&#8243; shift_x=&#8221;0&#8243; shift_y=&#8221;1&#8243; shift_y_fixed=&#8221;yes&#8221; shift_y_down=&#8221;0&#8243; z_index=&#8221;0&#8243; medium_width=&#8221;5&#8243; mobile_width=&#8221;5&#8243; [&hellip;]","og_url":"https:\/\/www.jornadaebpmg.com.br\/2020\/mutantes-2\/","og_site_name":"XXIV Jornada EBP-MG","article_modified_time":"2020-09-09T15:48:27+00:00","og_image":[{"width":620,"height":570,"url":"https:\/\/www.jornadaebpmg.com.br\/2020\/wp-content\/uploads\/2020\/08\/jornadaebpmg.png","type":"image\/png"}],"twitter_card":"summary_large_image","twitter_misc":{"Est. tempo de leitura":"7 minutos"},"schema":{"@context":"https:\/\/schema.org","@graph":[{"@type":"WebPage","@id":"https:\/\/www.jornadaebpmg.com.br\/2020\/mutantes-2\/","url":"https:\/\/www.jornadaebpmg.com.br\/2020\/mutantes-2\/","name":"Mutantes 2 - XXIV Jornada EBP-MG","isPartOf":{"@id":"https:\/\/www.jornadaebpmg.com.br\/2020\/#website"},"primaryImageOfPage":{"@id":"https:\/\/www.jornadaebpmg.com.br\/2020\/mutantes-2\/#primaryimage"},"image":{"@id":"https:\/\/www.jornadaebpmg.com.br\/2020\/mutantes-2\/#primaryimage"},"thumbnailUrl":"https:\/\/www.jornadaebpmg.com.br\/2020\/wp-content\/uploads\/2020\/07\/Captura-de-Tela-2020-07-30-a\u0300s-18.00.57.png","datePublished":"2020-08-17T13:35:29+00:00","dateModified":"2020-09-09T15:48:27+00:00","breadcrumb":{"@id":"https:\/\/www.jornadaebpmg.com.br\/2020\/mutantes-2\/#breadcrumb"},"inLanguage":"pt-BR","potentialAction":[{"@type":"ReadAction","target":["https:\/\/www.jornadaebpmg.com.br\/2020\/mutantes-2\/"]}]},{"@type":"ImageObject","inLanguage":"pt-BR","@id":"https:\/\/www.jornadaebpmg.com.br\/2020\/mutantes-2\/#primaryimage","url":"https:\/\/www.jornadaebpmg.com.br\/2020\/wp-content\/uploads\/2020\/07\/Captura-de-Tela-2020-07-30-a\u0300s-18.00.57.png","contentUrl":"https:\/\/www.jornadaebpmg.com.br\/2020\/wp-content\/uploads\/2020\/07\/Captura-de-Tela-2020-07-30-a\u0300s-18.00.57.png","width":822,"height":622},{"@type":"BreadcrumbList","@id":"https:\/\/www.jornadaebpmg.com.br\/2020\/mutantes-2\/#breadcrumb","itemListElement":[{"@type":"ListItem","position":1,"name":"In\u00edcio","item":"https:\/\/www.jornadaebpmg.com.br\/2020\/"},{"@type":"ListItem","position":2,"name":"Mutantes 2"}]},{"@type":"WebSite","@id":"https:\/\/www.jornadaebpmg.com.br\/2020\/#website","url":"https:\/\/www.jornadaebpmg.com.br\/2020\/","name":"XXIV Jornada EBP-MG","description":"Escola Brasileira de Psican\u00e1lise","potentialAction":[{"@type":"SearchAction","target":{"@type":"EntryPoint","urlTemplate":"https:\/\/www.jornadaebpmg.com.br\/2020\/?s={search_term_string}"},"query-input":{"@type":"PropertyValueSpecification","valueRequired":true,"valueName":"search_term_string"}}],"inLanguage":"pt-BR"}]}},"_links":{"self":[{"href":"https:\/\/www.jornadaebpmg.com.br\/2020\/wp-json\/wp\/v2\/pages\/644","targetHints":{"allow":["GET"]}}],"collection":[{"href":"https:\/\/www.jornadaebpmg.com.br\/2020\/wp-json\/wp\/v2\/pages"}],"about":[{"href":"https:\/\/www.jornadaebpmg.com.br\/2020\/wp-json\/wp\/v2\/types\/page"}],"author":[{"embeddable":true,"href":"https:\/\/www.jornadaebpmg.com.br\/2020\/wp-json\/wp\/v2\/users\/1"}],"replies":[{"embeddable":true,"href":"https:\/\/www.jornadaebpmg.com.br\/2020\/wp-json\/wp\/v2\/comments?post=644"}],"version-history":[{"count":10,"href":"https:\/\/www.jornadaebpmg.com.br\/2020\/wp-json\/wp\/v2\/pages\/644\/revisions"}],"predecessor-version":[{"id":658,"href":"https:\/\/www.jornadaebpmg.com.br\/2020\/wp-json\/wp\/v2\/pages\/644\/revisions\/658"}],"wp:featuredmedia":[{"embeddable":true,"href":"https:\/\/www.jornadaebpmg.com.br\/2020\/wp-json\/wp\/v2\/media\/48"}],"wp:attachment":[{"href":"https:\/\/www.jornadaebpmg.com.br\/2020\/wp-json\/wp\/v2\/media?parent=644"}],"curies":[{"name":"wp","href":"https:\/\/api.w.org\/{rel}","templated":true}]}}