{"id":1977,"date":"2021-10-13T16:55:44","date_gmt":"2021-10-13T19:55:44","guid":{"rendered":"https:\/\/www.jornadaebpmg.com.br\/2021\/?page_id=1977"},"modified":"2021-10-15T16:43:09","modified_gmt":"2021-10-15T19:43:09","slug":"tutorial-de-acesso","status":"publish","type":"page","link":"https:\/\/www.jornadaebpmg.com.br\/2021\/tutorial-de-acesso\/","title":{"rendered":"Tutorial de acesso"},"content":{"rendered":"<p>[vc_row row_height_percent=&#8221;0&#8243; override_padding=&#8221;yes&#8221; h_padding=&#8221;2&#8243; top_padding=&#8221;0&#8243; bottom_padding=&#8221;2&#8243; back_color=&#8221;color-jevc&#8221; overlay_alpha=&#8221;50&#8243; equal_height=&#8221;yes&#8221; gutter_size=&#8221;0&#8243; column_width_percent=&#8221;100&#8243; shift_y=&#8221;0&#8243; z_index=&#8221;0&#8243;][vc_column column_width_percent=&#8221;100&#8243; gutter_size=&#8221;0&#8243; back_color=&#8221;color-xsdn&#8221; overlay_alpha=&#8221;50&#8243; shift_x=&#8221;0&#8243; shift_y=&#8221;0&#8243; shift_y_down=&#8221;0&#8243; z_index=&#8221;0&#8243; medium_width=&#8221;0&#8243; mobile_width=&#8221;0&#8243; width=&#8221;1\/1&#8243;][vc_row_inner][vc_column_inner column_width_percent=&#8221;100&#8243; gutter_size=&#8221;2&#8243; override_padding=&#8221;yes&#8221; column_padding=&#8221;2&#8243; back_color=&#8221;color-xsdn&#8221; overlay_alpha=&#8221;50&#8243; shift_x=&#8221;0&#8243; shift_y=&#8221;0&#8243; shift_y_down=&#8221;0&#8243; z_index=&#8221;0&#8243; medium_width=&#8221;0&#8243; mobile_width=&#8221;0&#8243; width=&#8221;1\/1&#8243;][vc_custom_heading heading_semantic=&#8221;h1&#8243; text_font=&#8221;font-185386&#8243; text_size=&#8221;h1&#8243; text_color=&#8221;color-210407&#8243;]Tutorial de acesso[\/vc_custom_heading][vc_empty_space empty_h=&#8221;1&#8243;][vc_custom_heading heading_semantic=&#8221;h1&#8243; text_font=&#8221;font-185386&#8243; text_size=&#8221;h3&#8243; text_color=&#8221;color-210407&#8243;]Informa\u00e7\u00f5es e orienta\u00e7\u00f5es para o acesso da plataforma virtual da 25\u00aa Jornada EBP-MG | Acontecimento de corpo: da Conting\u00eancia \u00e0 Escrita &#8211; 1\u00aa Edi\u00e7\u00e3o.[\/vc_custom_heading][\/vc_column_inner][\/vc_row_inner][vc_column_text]A Comiss\u00e3o de Infraestrutura da 25\u00aa Jornada da Escola Brasileira de Psican\u00e1lise &#8211; MG apresenta aos participantes este tutorial, com algumas informa\u00e7\u00f5es importantes sobre a operacionalidade do acesso \u00e0s salas virtuais das mesas de trabalhos e atividades que acontecer\u00e3o nos dias da Jornada.<\/p>\n<p>Continuamos disponibilizando o contato direto com a Comiss\u00e3o de Infraestrutura, atrav\u00e9s da ferramenta do WhatsApp no site.<\/p>\n<p>Bom trabalho!<\/p>\n<p><em>Graciela Bessa e Miguel Antunes<\/em><strong><br \/>\nCoordenadores da Comiss\u00e3o de Infraestrutura <\/strong>[\/vc_column_text][\/vc_column][\/vc_row][vc_row row_height_percent=&#8221;0&#8243; override_padding=&#8221;yes&#8221; h_padding=&#8221;2&#8243; top_padding=&#8221;0&#8243; bottom_padding=&#8221;2&#8243; back_color=&#8221;color-jevc&#8221; overlay_alpha=&#8221;50&#8243; equal_height=&#8221;yes&#8221; gutter_size=&#8221;0&#8243; column_width_percent=&#8221;100&#8243; shift_y=&#8221;0&#8243; z_index=&#8221;0&#8243;][vc_column column_width_percent=&#8221;100&#8243; gutter_size=&#8221;0&#8243; back_color=&#8221;color-xsdn&#8221; overlay_alpha=&#8221;50&#8243; shift_x=&#8221;0&#8243; shift_y=&#8221;0&#8243; shift_y_down=&#8221;0&#8243; z_index=&#8221;0&#8243; medium_width=&#8221;0&#8243; mobile_width=&#8221;0&#8243; width=&#8221;1\/1&#8243;][vc_custom_heading text_size=&#8221;h3&#8243;]IMPORTANTE[\/vc_custom_heading][vc_column_text]O \u00fanico acesso para se inscrever na 25\u00aa Jornada da EBP-MG \u00e9 pelo endere\u00e7o: <a href=\"https:\/\/www.jornadaebpmg.com.br\/2021\/valores-e-inscricoes\/\">https:\/\/www.jornadaebpmg.com.br\/2021\/valores-e-inscricoes\/<\/a> nele, o participante ser\u00e1 endere\u00e7ado ao site da congresse.me e efetuar\u00e1 o pagamento.<\/p>\n<p>Ao preencher o modo de pagamento aparecer\u00e1 a op\u00e7\u00e3o de inserir &#8220;cupom&#8221;, este item \u00e9 para ser deixado em branco.[\/vc_column_text][\/vc_column][\/vc_row][vc_row row_height_percent=&#8221;0&#8243; override_padding=&#8221;yes&#8221; h_padding=&#8221;2&#8243; top_padding=&#8221;0&#8243; bottom_padding=&#8221;2&#8243; back_color=&#8221;color-jevc&#8221; overlay_alpha=&#8221;50&#8243; equal_height=&#8221;yes&#8221; gutter_size=&#8221;0&#8243; column_width_percent=&#8221;100&#8243; shift_y=&#8221;0&#8243; z_index=&#8221;0&#8243;][vc_column column_width_percent=&#8221;100&#8243; gutter_size=&#8221;2&#8243; back_color=&#8221;color-xsdn&#8221; overlay_alpha=&#8221;50&#8243; shift_x=&#8221;0&#8243; shift_y=&#8221;0&#8243; shift_y_down=&#8221;0&#8243; z_index=&#8221;0&#8243; medium_width=&#8221;0&#8243; mobile_width=&#8221;0&#8243; width=&#8221;1\/1&#8243;][vc_custom_heading]1 &#8211; A confirma\u00e7\u00e3o da inscri\u00e7\u00e3o ser\u00e1 automaticamente enviada pelo remetente: Congresse.Me[\/vc_custom_heading][vc_empty_space empty_h=&#8221;1&#8243;][vc_single_image media=&#8221;1980&#8243; media_width_percent=&#8221;50&#8243; alignment=&#8221;center&#8221;][vc_single_image media=&#8221;1981&#8243; media_width_percent=&#8221;50&#8243; alignment=&#8221;center&#8221;][vc_column_text]<strong>OBSERVA\u00c7\u00c3O:<\/strong><\/p>\n<p>\u25cf Caso n\u00e3o encontre, v\u00e1 na op\u00e7\u00e3o: \u201cpesquisar e-mail\u201d e escreva o nome: congresse.me<br \/>\n\u25cf N\u00e3o encontrando, solicitar \u00e0 Comiss\u00e3o de Infraestrutura, via o whatsapp disponibilizado, o reenvio da confirma\u00e7\u00e3o de inscri\u00e7\u00e3o, informando o nome, e-mail.<br \/>\n[\/vc_column_text][\/vc_column][\/vc_row][vc_row row_height_percent=&#8221;0&#8243; override_padding=&#8221;yes&#8221; h_padding=&#8221;2&#8243; top_padding=&#8221;0&#8243; bottom_padding=&#8221;2&#8243; back_color=&#8221;color-jevc&#8221; overlay_alpha=&#8221;50&#8243; equal_height=&#8221;yes&#8221; gutter_size=&#8221;0&#8243; column_width_percent=&#8221;100&#8243; shift_y=&#8221;0&#8243; z_index=&#8221;0&#8243;][vc_column column_width_percent=&#8221;100&#8243; gutter_size=&#8221;2&#8243; back_color=&#8221;color-xsdn&#8221; overlay_alpha=&#8221;50&#8243; shift_x=&#8221;0&#8243; shift_y=&#8221;0&#8243; shift_y_down=&#8221;0&#8243; z_index=&#8221;0&#8243; medium_width=&#8221;0&#8243; mobile_width=&#8221;0&#8243; width=&#8221;1\/1&#8243;][vc_custom_heading text_size=&#8221;h3&#8243;]2 \u2013 Login e cadastrar senha.[\/vc_custom_heading][vc_empty_space empty_h=&#8221;1&#8243;][vc_column_text]Posteriormente a confirma\u00e7\u00e3o da inscri\u00e7\u00e3o, cadastrar uma senha para fazer o login de acesso a plataforma do evento.[\/vc_column_text][vc_single_image media=&#8221;1982&#8243; media_width_percent=&#8221;40&#8243; alignment=&#8221;center&#8221;][vc_column_text]A partir deste login, ter\u00e1 o acesso \u00e0 p\u00e1gina da 25a Jornada EBP-MG | Acontecimento de corpo: da Conting\u00eancia \u00e0 Escrita.<\/p>\n<p>Voc\u00ea pode acessar o login entrando no site do evento (<a href=\"https:\/\/eventos.congresse.me\/xxvjornadaebpmg\/edicoes\/xxv-jornada-ebp-mg-acontecimento-de-corpo-da-contingencia-a-escrita-1-edicao\">https:\/\/eventos.congresse.me\/xxvjornadaebpmg\/edicoes\/xxv-jornada-ebp-mg-acontecimento-de-corpo-da-contingencia-a-escrita-1-edicao<\/a>) e clicando em \u201cLogin\u201d.[\/vc_column_text][vc_single_image media=&#8221;1982&#8243; media_width_percent=&#8221;40&#8243; alignment=&#8221;center&#8221;][\/vc_column][\/vc_row][vc_row row_height_percent=&#8221;0&#8243; override_padding=&#8221;yes&#8221; h_padding=&#8221;2&#8243; top_padding=&#8221;0&#8243; bottom_padding=&#8221;2&#8243; back_color=&#8221;color-jevc&#8221; overlay_alpha=&#8221;50&#8243; equal_height=&#8221;yes&#8221; gutter_size=&#8221;0&#8243; column_width_percent=&#8221;100&#8243; shift_y=&#8221;0&#8243; z_index=&#8221;0&#8243;][vc_column column_width_percent=&#8221;100&#8243; gutter_size=&#8221;2&#8243; back_color=&#8221;color-xsdn&#8221; overlay_alpha=&#8221;50&#8243; shift_x=&#8221;0&#8243; shift_y=&#8221;0&#8243; shift_y_down=&#8221;0&#8243; z_index=&#8221;0&#8243; medium_width=&#8221;0&#8243; mobile_width=&#8221;0&#8243; width=&#8221;1\/1&#8243;][vc_custom_heading text_size=&#8221;h3&#8243;]3 \u2013 Posterior ao login e senha, preencher os dados do perfil[\/vc_custom_heading][vc_empty_space empty_h=&#8221;1&#8243;][vc_column_text]Aparecer\u00e1: &#8220;Bem-vindo, NOME DO INSCRITO.&#8221; Suas inscri\u00e7\u00f5es ser\u00e3o exibidas abaixo. Caso seja necess\u00e1rio, poder\u00e1 atualizar seus dados cadastrais clicando no menu \u201cPerfil\u201d, inserir o nome, e-mail e telefone.[\/vc_column_text][vc_single_image media=&#8221;2023&#8243; media_width_percent=&#8221;40&#8243; alignment=&#8221;center&#8221;][\/vc_column][\/vc_row][vc_row row_height_percent=&#8221;0&#8243; override_padding=&#8221;yes&#8221; h_padding=&#8221;2&#8243; top_padding=&#8221;0&#8243; bottom_padding=&#8221;2&#8243; back_color=&#8221;color-jevc&#8221; overlay_alpha=&#8221;50&#8243; equal_height=&#8221;yes&#8221; gutter_size=&#8221;0&#8243; column_width_percent=&#8221;100&#8243; shift_y=&#8221;0&#8243; z_index=&#8221;0&#8243;][vc_column column_width_percent=&#8221;100&#8243; gutter_size=&#8221;2&#8243; back_color=&#8221;color-xsdn&#8221; overlay_alpha=&#8221;50&#8243; shift_x=&#8221;0&#8243; shift_y=&#8221;0&#8243; shift_y_down=&#8221;0&#8243; z_index=&#8221;0&#8243; medium_width=&#8221;0&#8243; mobile_width=&#8221;0&#8243; width=&#8221;1\/1&#8243;][vc_custom_heading text_size=&#8221;h3&#8243;]4 \u2013 Posterior ao login e senha, ser\u00e1 direcionado para a plataforma da XXV Jornada da Escola Brasileira de Psican\u00e1lise- MG &#8211; Acontecimento de corpo: da Conting\u00eancia \u00e0 Escrita.[\/vc_custom_heading][vc_empty_space empty_h=&#8221;1&#8243;][vc_single_image media=&#8221;2024&#8243; media_width_percent=&#8221;30&#8243; alignment=&#8221;center&#8221;][vc_column_text]Ap\u00f3s a inscri\u00e7\u00e3o, voc\u00ea tem a op\u00e7\u00e3o de inserir a 25a Jornada da EBP-MG em sua agenda Google ou iOs. Basta clicar em: <strong>&#8220;coloque em sua agenda e n\u00e3o perca&#8221;<\/strong>.[\/vc_column_text][vc_single_image media=&#8221;2025&#8243; media_width_percent=&#8221;41&#8243; alignment=&#8221;center&#8221;][vc_empty_space empty_h=&#8221;1&#8243;][vc_single_image media=&#8221;2026&#8243; media_width_percent=&#8221;41&#8243; alignment=&#8221;center&#8221;][vc_column_text]<strong>OBSERVA\u00c7\u00c3O:<\/strong><\/p>\n<p>\u25cf Recomendamos priorizar o computador e fones de ouvido para acompanhar o evento. Conferir o funcionamento com anteced\u00eancia e tentar ingressar no dia, 15 minutos antes do in\u00edcio das atividades.[\/vc_column_text][\/vc_column][\/vc_row][vc_row row_height_percent=&#8221;0&#8243; override_padding=&#8221;yes&#8221; h_padding=&#8221;2&#8243; top_padding=&#8221;0&#8243; bottom_padding=&#8221;2&#8243; back_color=&#8221;color-jevc&#8221; overlay_alpha=&#8221;50&#8243; equal_height=&#8221;yes&#8221; gutter_size=&#8221;0&#8243; column_width_percent=&#8221;100&#8243; shift_y=&#8221;0&#8243; z_index=&#8221;0&#8243;][vc_column column_width_percent=&#8221;100&#8243; gutter_size=&#8221;2&#8243; back_color=&#8221;color-xsdn&#8221; overlay_alpha=&#8221;50&#8243; shift_x=&#8221;0&#8243; shift_y=&#8221;0&#8243; shift_y_down=&#8221;0&#8243; z_index=&#8221;0&#8243; medium_width=&#8221;0&#8243; mobile_width=&#8221;0&#8243; width=&#8221;1\/1&#8243;][vc_custom_heading text_size=&#8221;h3&#8243;]Endere\u00e7o[\/vc_custom_heading][vc_empty_space empty_h=&#8221;1&#8243;][vc_column_text]\u25cf Livraria do evento: Rua Felipe dos Santos, 588 &#8211; Lourdes &#8211; sede da EBP-MG.<br \/>\nTelefone\/whatsapp (31) 3292.5776<\/p>\n<p>\u25cf O programa da 25a Jornada EBP-MG | Acontecimento de corpo: da Conting\u00eancia \u00e0 Escrita &#8211; Em breve ser\u00e1 disponibilizado em: <a href=\"http:\/\/jornadaebpmg.com.br\/\">http:\/\/jornadaebpmg.com.br\/<\/a>[\/vc_column_text][\/vc_column][\/vc_row]<\/p>\n<div id=\"read_unread\"><\/div>","protected":false},"excerpt":{"rendered":"<p>[vc_row row_height_percent=&#8221;0&#8243; override_padding=&#8221;yes&#8221; h_padding=&#8221;2&#8243; top_padding=&#8221;0&#8243; bottom_padding=&#8221;2&#8243; back_color=&#8221;color-jevc&#8221; overlay_alpha=&#8221;50&#8243; equal_height=&#8221;yes&#8221; gutter_size=&#8221;0&#8243; column_width_percent=&#8221;100&#8243; shift_y=&#8221;0&#8243; z_index=&#8221;0&#8243;][vc_column column_width_percent=&#8221;100&#8243; gutter_size=&#8221;0&#8243; back_color=&#8221;color-xsdn&#8221; overlay_alpha=&#8221;50&#8243; shift_x=&#8221;0&#8243; shift_y=&#8221;0&#8243; shift_y_down=&#8221;0&#8243; [&hellip;]<\/p>\n","protected":false},"author":1,"featured_media":0,"parent":0,"menu_order":0,"comment_status":"closed","ping_status":"closed","template":"","meta":{"h5ap_radio_sources":[],"footnotes":""},"class_list":["post-1977","page","type-page","status-publish","hentry"],"yoast_head":"<!-- This site is optimized with the Yoast SEO plugin v18.5.1 - https:\/\/yoast.com\/wordpress\/plugins\/seo\/ -->\n<title>Tutorial de acesso - 25\u00aa Jornada Escola Brasileira de Psican\u00e1lise \u2013 MG<\/title>\n<meta name=\"robots\" content=\"noindex, follow, max-snippet:-1, max-image-preview:large, max-video-preview:-1\" \/>\n<meta property=\"og:locale\" content=\"pt_BR\" \/>\n<meta property=\"og:type\" content=\"article\" \/>\n<meta property=\"og:title\" content=\"Tutorial de acesso - 25\u00aa Jornada Escola Brasileira de Psican\u00e1lise \u2013 MG\" \/>\n<meta property=\"og:description\" content=\"[vc_row row_height_percent=&#8221;0&#8243; override_padding=&#8221;yes&#8221; h_padding=&#8221;2&#8243; top_padding=&#8221;0&#8243; bottom_padding=&#8221;2&#8243; back_color=&#8221;color-jevc&#8221; overlay_alpha=&#8221;50&#8243; equal_height=&#8221;yes&#8221; gutter_size=&#8221;0&#8243; column_width_percent=&#8221;100&#8243; shift_y=&#8221;0&#8243; z_index=&#8221;0&#8243;][vc_column column_width_percent=&#8221;100&#8243; gutter_size=&#8221;0&#8243; back_color=&#8221;color-xsdn&#8221; overlay_alpha=&#8221;50&#8243; shift_x=&#8221;0&#8243; shift_y=&#8221;0&#8243; shift_y_down=&#8221;0&#8243; [&hellip;]\" \/>\n<meta property=\"og:url\" content=\"https:\/\/www.jornadaebpmg.com.br\/2021\/tutorial-de-acesso\/\" \/>\n<meta property=\"og:site_name\" content=\"25\u00aa Jornada Escola Brasileira de Psican\u00e1lise \u2013 MG\" \/>\n<meta property=\"article:modified_time\" content=\"2021-10-15T19:43:09+00:00\" \/>\n<meta name=\"twitter:card\" content=\"summary_large_image\" \/>\n<meta name=\"twitter:label1\" content=\"Est. tempo de leitura\" \/>\n\t<meta name=\"twitter:data1\" content=\"3 minutos\" \/>\n<script type=\"application\/ld+json\" class=\"yoast-schema-graph\">{\"@context\":\"https:\/\/schema.org\",\"@graph\":[{\"@type\":\"WebSite\",\"@id\":\"https:\/\/www.jornadaebpmg.com.br\/2021\/#website\",\"url\":\"https:\/\/www.jornadaebpmg.com.br\/2021\/\",\"name\":\"25\u00aa Jornada Escola Brasileira de Psican\u00e1lise \u2013 MG\",\"description\":\"Edi\u00e7\u00e3o 2021\",\"potentialAction\":[{\"@type\":\"SearchAction\",\"target\":{\"@type\":\"EntryPoint\",\"urlTemplate\":\"https:\/\/www.jornadaebpmg.com.br\/2021\/?s={search_term_string}\"},\"query-input\":\"required name=search_term_string\"}],\"inLanguage\":\"pt-BR\"},{\"@type\":\"WebPage\",\"@id\":\"https:\/\/www.jornadaebpmg.com.br\/2021\/tutorial-de-acesso\/#webpage\",\"url\":\"https:\/\/www.jornadaebpmg.com.br\/2021\/tutorial-de-acesso\/\",\"name\":\"Tutorial de acesso - 25\u00aa Jornada Escola Brasileira de Psican\u00e1lise \u2013 MG\",\"isPartOf\":{\"@id\":\"https:\/\/www.jornadaebpmg.com.br\/2021\/#website\"},\"datePublished\":\"2021-10-13T19:55:44+00:00\",\"dateModified\":\"2021-10-15T19:43:09+00:00\",\"breadcrumb\":{\"@id\":\"https:\/\/www.jornadaebpmg.com.br\/2021\/tutorial-de-acesso\/#breadcrumb\"},\"inLanguage\":\"pt-BR\",\"potentialAction\":[{\"@type\":\"ReadAction\",\"target\":[\"https:\/\/www.jornadaebpmg.com.br\/2021\/tutorial-de-acesso\/\"]}]},{\"@type\":\"BreadcrumbList\",\"@id\":\"https:\/\/www.jornadaebpmg.com.br\/2021\/tutorial-de-acesso\/#breadcrumb\",\"itemListElement\":[{\"@type\":\"ListItem\",\"position\":1,\"name\":\"Home\",\"item\":\"https:\/\/www.jornadaebpmg.com.br\/2021\/\"},{\"@type\":\"ListItem\",\"position\":2,\"name\":\"Tutorial de acesso\"}]}]}<\/script>\n<!-- \/ Yoast SEO plugin. -->","yoast_head_json":{"title":"Tutorial de acesso - 25\u00aa Jornada Escola Brasileira de Psican\u00e1lise \u2013 MG","robots":{"index":"noindex","follow":"follow","max-snippet":"max-snippet:-1","max-image-preview":"max-image-preview:large","max-video-preview":"max-video-preview:-1"},"og_locale":"pt_BR","og_type":"article","og_title":"Tutorial de acesso - 25\u00aa Jornada Escola Brasileira de Psican\u00e1lise \u2013 MG","og_description":"[vc_row row_height_percent=&#8221;0&#8243; override_padding=&#8221;yes&#8221; h_padding=&#8221;2&#8243; top_padding=&#8221;0&#8243; bottom_padding=&#8221;2&#8243; back_color=&#8221;color-jevc&#8221; overlay_alpha=&#8221;50&#8243; equal_height=&#8221;yes&#8221; gutter_size=&#8221;0&#8243; column_width_percent=&#8221;100&#8243; shift_y=&#8221;0&#8243; z_index=&#8221;0&#8243;][vc_column column_width_percent=&#8221;100&#8243; gutter_size=&#8221;0&#8243; back_color=&#8221;color-xsdn&#8221; overlay_alpha=&#8221;50&#8243; shift_x=&#8221;0&#8243; shift_y=&#8221;0&#8243; shift_y_down=&#8221;0&#8243; [&hellip;]","og_url":"https:\/\/www.jornadaebpmg.com.br\/2021\/tutorial-de-acesso\/","og_site_name":"25\u00aa Jornada Escola Brasileira de Psican\u00e1lise \u2013 MG","article_modified_time":"2021-10-15T19:43:09+00:00","twitter_card":"summary_large_image","twitter_misc":{"Est. tempo de leitura":"3 minutos"},"schema":{"@context":"https:\/\/schema.org","@graph":[{"@type":"WebSite","@id":"https:\/\/www.jornadaebpmg.com.br\/2021\/#website","url":"https:\/\/www.jornadaebpmg.com.br\/2021\/","name":"25\u00aa Jornada Escola Brasileira de Psican\u00e1lise \u2013 MG","description":"Edi\u00e7\u00e3o 2021","potentialAction":[{"@type":"SearchAction","target":{"@type":"EntryPoint","urlTemplate":"https:\/\/www.jornadaebpmg.com.br\/2021\/?s={search_term_string}"},"query-input":"required name=search_term_string"}],"inLanguage":"pt-BR"},{"@type":"WebPage","@id":"https:\/\/www.jornadaebpmg.com.br\/2021\/tutorial-de-acesso\/#webpage","url":"https:\/\/www.jornadaebpmg.com.br\/2021\/tutorial-de-acesso\/","name":"Tutorial de acesso - 25\u00aa Jornada Escola Brasileira de Psican\u00e1lise \u2013 MG","isPartOf":{"@id":"https:\/\/www.jornadaebpmg.com.br\/2021\/#website"},"datePublished":"2021-10-13T19:55:44+00:00","dateModified":"2021-10-15T19:43:09+00:00","breadcrumb":{"@id":"https:\/\/www.jornadaebpmg.com.br\/2021\/tutorial-de-acesso\/#breadcrumb"},"inLanguage":"pt-BR","potentialAction":[{"@type":"ReadAction","target":["https:\/\/www.jornadaebpmg.com.br\/2021\/tutorial-de-acesso\/"]}]},{"@type":"BreadcrumbList","@id":"https:\/\/www.jornadaebpmg.com.br\/2021\/tutorial-de-acesso\/#breadcrumb","itemListElement":[{"@type":"ListItem","position":1,"name":"Home","item":"https:\/\/www.jornadaebpmg.com.br\/2021\/"},{"@type":"ListItem","position":2,"name":"Tutorial de acesso"}]}]}},"_links":{"self":[{"href":"https:\/\/www.jornadaebpmg.com.br\/2021\/wp-json\/wp\/v2\/pages\/1977","targetHints":{"allow":["GET"]}}],"collection":[{"href":"https:\/\/www.jornadaebpmg.com.br\/2021\/wp-json\/wp\/v2\/pages"}],"about":[{"href":"https:\/\/www.jornadaebpmg.com.br\/2021\/wp-json\/wp\/v2\/types\/page"}],"author":[{"embeddable":true,"href":"https:\/\/www.jornadaebpmg.com.br\/2021\/wp-json\/wp\/v2\/users\/1"}],"replies":[{"embeddable":true,"href":"https:\/\/www.jornadaebpmg.com.br\/2021\/wp-json\/wp\/v2\/comments?post=1977"}],"version-history":[{"count":9,"href":"https:\/\/www.jornadaebpmg.com.br\/2021\/wp-json\/wp\/v2\/pages\/1977\/revisions"}],"predecessor-version":[{"id":2028,"href":"https:\/\/www.jornadaebpmg.com.br\/2021\/wp-json\/wp\/v2\/pages\/1977\/revisions\/2028"}],"wp:attachment":[{"href":"https:\/\/www.jornadaebpmg.com.br\/2021\/wp-json\/wp\/v2\/media?parent=1977"}],"curies":[{"name":"wp","href":"https:\/\/api.w.org\/{rel}","templated":true}]}}