{"id":207,"date":"2021-04-25T22:53:58","date_gmt":"2021-04-25T22:53:58","guid":{"rendered":"https:\/\/www.jornadaebpmg.com.br\/2021\/?page_id=207"},"modified":"2021-06-21T22:10:35","modified_gmt":"2021-06-22T01:10:35","slug":"bibliografia","status":"publish","type":"page","link":"https:\/\/www.jornadaebpmg.com.br\/2021\/bibliografia\/","title":{"rendered":"Bibliografia Ecos 0"},"content":{"rendered":"<p>[vc_row row_height_percent=&#8221;0&#8243; override_padding=&#8221;yes&#8221; h_padding=&#8221;2&#8243; top_padding=&#8221;0&#8243; bottom_padding=&#8221;2&#8243; back_color=&#8221;color-jevc&#8221; overlay_alpha=&#8221;50&#8243; gutter_size=&#8221;3&#8243; column_width_percent=&#8221;100&#8243; shift_y=&#8221;0&#8243; z_index=&#8221;0&#8243;][vc_column column_width_percent=&#8221;100&#8243; gutter_size=&#8221;3&#8243; override_padding=&#8221;yes&#8221; column_padding=&#8221;0&#8243; back_color=&#8221;color-xsdn&#8221; overlay_alpha=&#8221;50&#8243; shift_x=&#8221;0&#8243; shift_y=&#8221;0&#8243; shift_y_down=&#8221;0&#8243; z_index=&#8221;0&#8243; medium_width=&#8221;0&#8243; mobile_width=&#8221;0&#8243; width=&#8221;1\/1&#8243;][vc_row_inner][vc_column_inner column_width_percent=&#8221;100&#8243; position_vertical=&#8221;bottom&#8221; gutter_size=&#8221;3&#8243; back_color=&#8221;color-vyce&#8221; overlay_alpha=&#8221;50&#8243; shift_x=&#8221;0&#8243; shift_y=&#8221;0&#8243; shift_y_down=&#8221;0&#8243; z_index=&#8221;0&#8243; medium_width=&#8221;0&#8243; mobile_width=&#8221;0&#8243; css_animation=&#8221;top-t-bottom&#8221; animation_speed=&#8221;300&#8243; width=&#8221;1\/1&#8243;][vc_empty_space empty_h=&#8221;2&#8243;][vc_custom_heading heading_semantic=&#8221;h1&#8243; text_font=&#8221;font-185386&#8243; text_size=&#8221;h1&#8243; text_color=&#8221;color-xsdn&#8221;]Bibliografia[\/vc_custom_heading][\/vc_column_inner][\/vc_row_inner][vc_row_inner][vc_column_inner column_width_percent=&#8221;100&#8243; gutter_size=&#8221;2&#8243; override_padding=&#8221;yes&#8221; column_padding=&#8221;2&#8243; overlay_alpha=&#8221;50&#8243; shift_x=&#8221;0&#8243; shift_y=&#8221;0&#8243; shift_y_down=&#8221;0&#8243; z_index=&#8221;0&#8243; medium_width=&#8221;0&#8243; mobile_width=&#8221;0&#8243; css_animation=&#8221;alpha-anim&#8221; animation_speed=&#8221;300&#8243; animation_delay=&#8221;100&#8243; width=&#8221;1\/1&#8243;][vc_column_text]Abrindo os trabalhos da comiss\u00e3o de Bibliografia, tomamos dois recortes de textos de Lacan e Jacques-Alain Miller que esclarecem o que est\u00e1 em jogo no que se refere ao Acontecimento de Corpo:<\/p>\n<p>\u201cDeixemos o sintoma no que ele \u00e9: um evento corporal, ligado a que: a gente o tem, a gente tem ares de, a gente areja a partir do, a gente o tem. Isso pode at\u00e9 ser cantado, e Joyce n\u00e3o se priva de faz\u00ea-lo&#8221;<\/p>\n<p>Nesse texto de Lacan, Joyce, o Sintoma, tal como foi ressaltado por Miller, encontramos o acontecimento de corpo associado a esse entoar de uma <em>lala\u00e7\u00e3o<\/em>: \u201cl&#8217;on l\u2019a, l&#8217;on l\u2019a de l&#8217;air, l&#8217;on l&#8217;aire, de l&#8217;on l&#8217;a&#8221;. (Miller, 2004:49).<\/p>\n<p>Embora, Miller tenha Freud como ponto de partida, \u00e9 em Lacan, mais especificamente, no texto \u201cJoyce, o sintoma\u201d que essa express\u00e3o \u00e9 pin\u00e7ada. Nela, ressaltam-se os ecos da al\u00edngua no corpo na medida em que:<\/p>\n<p>\u201cTer um corpo\u201d vale por sua diferen\u00e7a com \u201cser um corpo\u201d. Para o animal se justifica identificar seu ser e seu corpo, enquanto essa identifica\u00e7\u00e3o do ser e do corpo n\u00e3o se justifica para o homem (&#8230;) ele \u00e9 tamb\u00e9m feito sujeito pelo significante, quer dizer, \u00e9 feito da falta a ser&#8221;. (Miller, 2004: 50).<\/p>\n<p>E ele prossegue:<\/p>\n<p>\u201co sintoma como um acontecimento de corpo \u00e9 conexo a \u2018ter\u2019 o corpo (&#8230;). Do fato de que tem um corpo, o homem tem tamb\u00e9m sintomas com os quais n\u00e3o pode mais se identificar (&#8230;) Isso porque o corpo \u00e9 onde se passam coisas imprevistas. Estas coisas imprevistas s\u00e3o acontecimentos que deixam tra\u00e7os desnaturalizantes, disfuncionais para o corpo\u201d (Miller, 2004: 50).<\/p>\n<p>E \u00e9 isso que singulariza o corpo do LOM. Assim, Miller introduz uma defini\u00e7\u00e3o de acontecimento de corpo:<\/p>\n<p>\u201cEsta express\u00e3o \u00e9 uma condensa\u00e7\u00e3o. Trata-se sempre, com efeito, de acontecimentos de discurso, que deixam tra\u00e7os no corpo. Fazem sintoma nele, mas na medida em que o sujeito em quest\u00e3o esteja apto para ler mais esses tra\u00e7os, decifr\u00e1-los. Isso finalmente, tende a reduzir-se a que o sujeito encontre os acontecimentos que estes sintomas tra\u00e7am\u201d. (Miller, 2004:50)<\/p>\n<p><strong>Fernanda Costa \u2013 Comiss\u00e3o de Bibliografias e Refer\u00eancias<\/strong>[\/vc_column_text][\/vc_column_inner][\/vc_row_inner][vc_separator sep_color=&#8221;color-vyce&#8221; el_height=&#8221;3px&#8221;][\/vc_column][\/vc_row]<\/p>\n<div id=\"read_unread\"><\/div>","protected":false},"excerpt":{"rendered":"<p>[vc_row row_height_percent=&#8221;0&#8243; override_padding=&#8221;yes&#8221; h_padding=&#8221;2&#8243; top_padding=&#8221;0&#8243; bottom_padding=&#8221;2&#8243; back_color=&#8221;color-jevc&#8221; overlay_alpha=&#8221;50&#8243; gutter_size=&#8221;3&#8243; column_width_percent=&#8221;100&#8243; shift_y=&#8221;0&#8243; z_index=&#8221;0&#8243;][vc_column column_width_percent=&#8221;100&#8243; gutter_size=&#8221;3&#8243; override_padding=&#8221;yes&#8221; column_padding=&#8221;0&#8243; back_color=&#8221;color-xsdn&#8221; overlay_alpha=&#8221;50&#8243; shift_x=&#8221;0&#8243; shift_y=&#8221;0&#8243; [&hellip;]<\/p>\n","protected":false},"author":1,"featured_media":0,"parent":0,"menu_order":0,"comment_status":"closed","ping_status":"closed","template":"","meta":{"h5ap_radio_sources":[],"footnotes":""},"class_list":["post-207","page","type-page","status-publish","hentry"],"yoast_head":"<!-- This site is optimized with the Yoast SEO plugin v18.5.1 - https:\/\/yoast.com\/wordpress\/plugins\/seo\/ -->\n<title>Bibliografia Ecos 0 - 25\u00aa Jornada Escola Brasileira de Psican\u00e1lise \u2013 MG<\/title>\n<meta name=\"robots\" content=\"noindex, follow, max-snippet:-1, max-image-preview:large, max-video-preview:-1\" \/>\n<meta property=\"og:locale\" content=\"pt_BR\" \/>\n<meta property=\"og:type\" content=\"article\" \/>\n<meta property=\"og:title\" content=\"Bibliografia Ecos 0 - 25\u00aa Jornada Escola Brasileira de Psican\u00e1lise \u2013 MG\" \/>\n<meta property=\"og:description\" content=\"[vc_row row_height_percent=&#8221;0&#8243; override_padding=&#8221;yes&#8221; h_padding=&#8221;2&#8243; top_padding=&#8221;0&#8243; bottom_padding=&#8221;2&#8243; back_color=&#8221;color-jevc&#8221; overlay_alpha=&#8221;50&#8243; gutter_size=&#8221;3&#8243; column_width_percent=&#8221;100&#8243; shift_y=&#8221;0&#8243; z_index=&#8221;0&#8243;][vc_column column_width_percent=&#8221;100&#8243; gutter_size=&#8221;3&#8243; override_padding=&#8221;yes&#8221; column_padding=&#8221;0&#8243; back_color=&#8221;color-xsdn&#8221; overlay_alpha=&#8221;50&#8243; shift_x=&#8221;0&#8243; shift_y=&#8221;0&#8243; [&hellip;]\" \/>\n<meta property=\"og:url\" content=\"https:\/\/www.jornadaebpmg.com.br\/2021\/bibliografia\/\" \/>\n<meta property=\"og:site_name\" content=\"25\u00aa Jornada Escola Brasileira de Psican\u00e1lise \u2013 MG\" \/>\n<meta property=\"article:modified_time\" content=\"2021-06-22T01:10:35+00:00\" \/>\n<meta name=\"twitter:card\" content=\"summary_large_image\" \/>\n<meta name=\"twitter:label1\" content=\"Est. tempo de leitura\" \/>\n\t<meta name=\"twitter:data1\" content=\"2 minutos\" \/>\n<script type=\"application\/ld+json\" class=\"yoast-schema-graph\">{\"@context\":\"https:\/\/schema.org\",\"@graph\":[{\"@type\":\"WebSite\",\"@id\":\"https:\/\/www.jornadaebpmg.com.br\/2021\/#website\",\"url\":\"https:\/\/www.jornadaebpmg.com.br\/2021\/\",\"name\":\"25\u00aa Jornada Escola Brasileira de Psican\u00e1lise \u2013 MG\",\"description\":\"Edi\u00e7\u00e3o 2021\",\"potentialAction\":[{\"@type\":\"SearchAction\",\"target\":{\"@type\":\"EntryPoint\",\"urlTemplate\":\"https:\/\/www.jornadaebpmg.com.br\/2021\/?s={search_term_string}\"},\"query-input\":\"required name=search_term_string\"}],\"inLanguage\":\"pt-BR\"},{\"@type\":\"WebPage\",\"@id\":\"https:\/\/www.jornadaebpmg.com.br\/2021\/bibliografia\/#webpage\",\"url\":\"https:\/\/www.jornadaebpmg.com.br\/2021\/bibliografia\/\",\"name\":\"Bibliografia Ecos 0 - 25\u00aa Jornada Escola Brasileira de Psican\u00e1lise \u2013 MG\",\"isPartOf\":{\"@id\":\"https:\/\/www.jornadaebpmg.com.br\/2021\/#website\"},\"datePublished\":\"2021-04-25T22:53:58+00:00\",\"dateModified\":\"2021-06-22T01:10:35+00:00\",\"breadcrumb\":{\"@id\":\"https:\/\/www.jornadaebpmg.com.br\/2021\/bibliografia\/#breadcrumb\"},\"inLanguage\":\"pt-BR\",\"potentialAction\":[{\"@type\":\"ReadAction\",\"target\":[\"https:\/\/www.jornadaebpmg.com.br\/2021\/bibliografia\/\"]}]},{\"@type\":\"BreadcrumbList\",\"@id\":\"https:\/\/www.jornadaebpmg.com.br\/2021\/bibliografia\/#breadcrumb\",\"itemListElement\":[{\"@type\":\"ListItem\",\"position\":1,\"name\":\"Home\",\"item\":\"https:\/\/www.jornadaebpmg.com.br\/2021\/\"},{\"@type\":\"ListItem\",\"position\":2,\"name\":\"Bibliografia Ecos 0\"}]}]}<\/script>\n<!-- \/ Yoast SEO plugin. -->","yoast_head_json":{"title":"Bibliografia Ecos 0 - 25\u00aa Jornada Escola Brasileira de Psican\u00e1lise \u2013 MG","robots":{"index":"noindex","follow":"follow","max-snippet":"max-snippet:-1","max-image-preview":"max-image-preview:large","max-video-preview":"max-video-preview:-1"},"og_locale":"pt_BR","og_type":"article","og_title":"Bibliografia Ecos 0 - 25\u00aa Jornada Escola Brasileira de Psican\u00e1lise \u2013 MG","og_description":"[vc_row row_height_percent=&#8221;0&#8243; override_padding=&#8221;yes&#8221; h_padding=&#8221;2&#8243; top_padding=&#8221;0&#8243; bottom_padding=&#8221;2&#8243; back_color=&#8221;color-jevc&#8221; overlay_alpha=&#8221;50&#8243; gutter_size=&#8221;3&#8243; column_width_percent=&#8221;100&#8243; shift_y=&#8221;0&#8243; z_index=&#8221;0&#8243;][vc_column column_width_percent=&#8221;100&#8243; gutter_size=&#8221;3&#8243; override_padding=&#8221;yes&#8221; column_padding=&#8221;0&#8243; back_color=&#8221;color-xsdn&#8221; overlay_alpha=&#8221;50&#8243; shift_x=&#8221;0&#8243; shift_y=&#8221;0&#8243; [&hellip;]","og_url":"https:\/\/www.jornadaebpmg.com.br\/2021\/bibliografia\/","og_site_name":"25\u00aa Jornada Escola Brasileira de Psican\u00e1lise \u2013 MG","article_modified_time":"2021-06-22T01:10:35+00:00","twitter_card":"summary_large_image","twitter_misc":{"Est. tempo de leitura":"2 minutos"},"schema":{"@context":"https:\/\/schema.org","@graph":[{"@type":"WebSite","@id":"https:\/\/www.jornadaebpmg.com.br\/2021\/#website","url":"https:\/\/www.jornadaebpmg.com.br\/2021\/","name":"25\u00aa Jornada Escola Brasileira de Psican\u00e1lise \u2013 MG","description":"Edi\u00e7\u00e3o 2021","potentialAction":[{"@type":"SearchAction","target":{"@type":"EntryPoint","urlTemplate":"https:\/\/www.jornadaebpmg.com.br\/2021\/?s={search_term_string}"},"query-input":"required name=search_term_string"}],"inLanguage":"pt-BR"},{"@type":"WebPage","@id":"https:\/\/www.jornadaebpmg.com.br\/2021\/bibliografia\/#webpage","url":"https:\/\/www.jornadaebpmg.com.br\/2021\/bibliografia\/","name":"Bibliografia Ecos 0 - 25\u00aa Jornada Escola Brasileira de Psican\u00e1lise \u2013 MG","isPartOf":{"@id":"https:\/\/www.jornadaebpmg.com.br\/2021\/#website"},"datePublished":"2021-04-25T22:53:58+00:00","dateModified":"2021-06-22T01:10:35+00:00","breadcrumb":{"@id":"https:\/\/www.jornadaebpmg.com.br\/2021\/bibliografia\/#breadcrumb"},"inLanguage":"pt-BR","potentialAction":[{"@type":"ReadAction","target":["https:\/\/www.jornadaebpmg.com.br\/2021\/bibliografia\/"]}]},{"@type":"BreadcrumbList","@id":"https:\/\/www.jornadaebpmg.com.br\/2021\/bibliografia\/#breadcrumb","itemListElement":[{"@type":"ListItem","position":1,"name":"Home","item":"https:\/\/www.jornadaebpmg.com.br\/2021\/"},{"@type":"ListItem","position":2,"name":"Bibliografia Ecos 0"}]}]}},"_links":{"self":[{"href":"https:\/\/www.jornadaebpmg.com.br\/2021\/wp-json\/wp\/v2\/pages\/207","targetHints":{"allow":["GET"]}}],"collection":[{"href":"https:\/\/www.jornadaebpmg.com.br\/2021\/wp-json\/wp\/v2\/pages"}],"about":[{"href":"https:\/\/www.jornadaebpmg.com.br\/2021\/wp-json\/wp\/v2\/types\/page"}],"author":[{"embeddable":true,"href":"https:\/\/www.jornadaebpmg.com.br\/2021\/wp-json\/wp\/v2\/users\/1"}],"replies":[{"embeddable":true,"href":"https:\/\/www.jornadaebpmg.com.br\/2021\/wp-json\/wp\/v2\/comments?post=207"}],"version-history":[{"count":9,"href":"https:\/\/www.jornadaebpmg.com.br\/2021\/wp-json\/wp\/v2\/pages\/207\/revisions"}],"predecessor-version":[{"id":1092,"href":"https:\/\/www.jornadaebpmg.com.br\/2021\/wp-json\/wp\/v2\/pages\/207\/revisions\/1092"}],"wp:attachment":[{"href":"https:\/\/www.jornadaebpmg.com.br\/2021\/wp-json\/wp\/v2\/media?parent=207"}],"curies":[{"name":"wp","href":"https:\/\/api.w.org\/{rel}","templated":true}]}}