{"id":27,"date":"2023-03-28T00:49:26","date_gmt":"2023-03-28T00:49:26","guid":{"rendered":"https:\/\/www.jornadaebpmg.com.br\/2023\/?page_id=27"},"modified":"2023-05-26T13:43:43","modified_gmt":"2023-05-26T13:43:43","slug":"envio-de-trabalhos","status":"publish","type":"page","link":"https:\/\/www.jornadaebpmg.com.br\/2023\/envio-de-trabalhos\/","title":{"rendered":"Envio de trabalhos"},"content":{"rendered":"<section class=\"wpb-content-wrapper\"><p>[vc_row][vc_column column_width_percent=&#8221;100&#8243; gutter_size=&#8221;0&#8243; overlay_alpha=&#8221;50&#8243; shift_x=&#8221;0&#8243; shift_y=&#8221;0&#8243; shift_y_down=&#8221;0&#8243; z_index=&#8221;0&#8243; medium_width=&#8221;0&#8243; mobile_width=&#8221;0&#8243; width=&#8221;1\/1&#8243; uncode_shortcode_id=&#8221;984329&#8243;][vc_row_inner row_inner_height_percent=&#8221;0&#8243; overlay_alpha=&#8221;50&#8243; equal_height=&#8221;yes&#8221; gutter_size=&#8221;0&#8243; shift_y=&#8221;0&#8243; z_index=&#8221;0&#8243; uncode_shortcode_id=&#8221;499325&#8243;][vc_column_inner column_width_percent=&#8221;100&#8243; position_vertical=&#8221;middle&#8221; gutter_size=&#8221;2&#8243; override_padding=&#8221;yes&#8221; column_padding=&#8221;1&#8243; style=&#8221;dark&#8221; back_color=&#8221;color-109838&#8243; overlay_alpha=&#8221;50&#8243; shift_x=&#8221;0&#8243; shift_y=&#8221;0&#8243; shift_y_down=&#8221;0&#8243; z_index=&#8221;0&#8243; medium_width=&#8221;0&#8243; mobile_width=&#8221;0&#8243; width=&#8221;1\/6&#8243; uncode_shortcode_id=&#8221;148380&#8243; back_color_type=&#8221;uncode-palette&#8221; css=&#8221;.vc_custom_1684711628902{padding-top: 10px !important;padding-bottom: 10px !important;padding-left: 10px !important;}&#8221;][vc_single_image media=&#8221;103&#8243; media_width_percent=&#8221;70&#8243; alignment=&#8221;center&#8221; uncode_shortcode_id=&#8221;979535&#8243;][\/vc_column_inner][vc_column_inner column_width_percent=&#8221;100&#8243; gutter_size=&#8221;2&#8243; back_color=&#8221;color-109838&#8243; overlay_alpha=&#8221;50&#8243; shift_x=&#8221;0&#8243; shift_y=&#8221;0&#8243; shift_y_down=&#8221;0&#8243; z_index=&#8221;0&#8243; medium_width=&#8221;0&#8243; mobile_width=&#8221;0&#8243; width=&#8221;5\/6&#8243; uncode_shortcode_id=&#8221;207740&#8243; back_color_type=&#8221;uncode-palette&#8221;][vc_custom_heading text_color=&#8221;color-xsdn&#8221; heading_semantic=&#8221;h1&#8243; text_font=&#8221;font-183904&#8243; text_size=&#8221;h1&#8243; uncode_shortcode_id=&#8221;926188&#8243; text_color_type=&#8221;uncode-palette&#8221;]Envio de trabalhos[\/vc_custom_heading][vc_separator sep_color=&#8221;color-xsdn&#8221; uncode_shortcode_id=&#8221;735645&#8243; sep_color_type=&#8221;uncode-palette&#8221; el_width=&#8221;100px&#8221; el_height=&#8221;1px&#8221;][vc_custom_heading text_color=&#8221;color-xsdn&#8221; heading_semantic=&#8221;h4&#8243; text_font=&#8221;font-183904&#8243; text_size=&#8221;h4&#8243; text_weight=&#8221;300&#8243; uncode_shortcode_id=&#8221;702821&#8243; text_color_type=&#8221;uncode-palette&#8221;]Convidamos voc\u00ea a participar da\u00a0<strong>Jornada Cl\u00ednica da 26\u00aa Jornada da EBP-MG, que acontecer\u00e1 no dia 02\/12\/23, pela manh\u00e3, no Hotel Mercure.<\/strong>[\/vc_custom_heading][\/vc_column_inner][\/vc_row_inner][vc_row_inner][vc_column_inner column_width_percent=&#8221;100&#8243; gutter_size=&#8221;3&#8243; back_color=&#8221;color-109838&#8243; overlay_color=&#8221;color-xsdn&#8221; overlay_alpha=&#8221;90&#8243; shift_x=&#8221;0&#8243; shift_y=&#8221;0&#8243; shift_y_down=&#8221;0&#8243; z_index=&#8221;0&#8243; medium_width=&#8221;0&#8243; mobile_width=&#8221;0&#8243; width=&#8221;1\/1&#8243; uncode_shortcode_id=&#8221;692358&#8243; back_color_type=&#8221;uncode-palette&#8221; overlay_color_type=&#8221;uncode-palette&#8221;][vc_column_text uncode_shortcode_id=&#8221;840251&#8243;]A seguir, informamos as diretrizes para a apresenta\u00e7\u00e3o:<\/p>\n<p>Os trabalhos que esperamos podem ser casos ou ensaios cl\u00ednicos em torno de um dos 3 eixos da 26\u00aa Jornada da EBP-MG:[\/vc_column_text][\/vc_column_inner][\/vc_row_inner][vc_row_inner][vc_column_inner column_width_percent=&#8221;100&#8243; gutter_size=&#8221;3&#8243; back_color=&#8221;color-109838&#8243; overlay_color=&#8221;color-xsdn&#8221; overlay_alpha=&#8221;80&#8243; shift_x=&#8221;0&#8243; shift_y=&#8221;0&#8243; shift_y_down=&#8221;0&#8243; z_index=&#8221;0&#8243; medium_width=&#8221;0&#8243; mobile_width=&#8221;0&#8243; width=&#8221;1\/1&#8243; uncode_shortcode_id=&#8221;980951&#8243; back_color_type=&#8221;uncode-palette&#8221; overlay_color_type=&#8221;uncode-palette&#8221;][vc_column_text uncode_shortcode_id=&#8221;102436&#8243;]<strong>1 \u2013 O mundo rumo \u00e0 psicose<\/strong><\/p>\n<p><strong>2 \u2013 Diagnosticar e despatologizar<\/strong><\/p>\n<p><strong>3 \u2013 As flutua\u00e7\u00f5es do sexo<\/strong>[\/vc_column_text][\/vc_column_inner][\/vc_row_inner][vc_row_inner][vc_column_inner column_width_percent=&#8221;100&#8243; gutter_size=&#8221;3&#8243; back_color=&#8221;color-109838&#8243; overlay_color=&#8221;color-xsdn&#8221; overlay_alpha=&#8221;90&#8243; shift_x=&#8221;0&#8243; shift_y=&#8221;0&#8243; shift_y_down=&#8221;0&#8243; z_index=&#8221;0&#8243; medium_width=&#8221;0&#8243; mobile_width=&#8221;0&#8243; width=&#8221;1\/1&#8243; uncode_shortcode_id=&#8221;205190&#8243; back_color_type=&#8221;uncode-palette&#8221; overlay_color_type=&#8221;uncode-palette&#8221;][vc_column_text uncode_shortcode_id=&#8221;154847&#8243;]O texto deve ser enviado at\u00e9\u00a0<strong>20 de outubro<\/strong>\u00a0para o seguinte e-mail: jornadaclinicaebpmg@gmail.com<\/p>\n<p>\u2013 <strong>Assunto do e-mail<\/strong>: 26\u00aa Jornada da EBP-MG, Nome do autor.<\/p>\n<p>Voc\u00ea receber\u00e1 a confirma\u00e7\u00e3o do envio; por favor, verifique sua caixa de Spam. Caso n\u00e3o receba a confirma\u00e7\u00e3o ap\u00f3s 3 dias, reenvie o texto esclarecendo que se trata de um reenvio.<\/p>\n<p>A\u00a0<strong>Comiss\u00e3o Cient\u00edfica<\/strong> da 26\u00aa Jornada da EBP-MG ser\u00e1 respons\u00e1vel pela leitura dos textos e sele\u00e7\u00e3o dos trabalhos.<\/p>\n<p>Se voc\u00ea tiver alguma d\u00favida ou pergunta, pode escrever para:<a href=\"mailto:jornadaebpmg@gmail.com\"> jornadaebpmg@gmail.com<\/a><\/p>\n<p><strong>Condi\u00e7\u00f5es para a apresenta\u00e7\u00e3o de trabalhos<\/strong><\/p>\n<ul>\n<li>T\u00edtulo do trabalho, abaixo o nome completo do autor.<\/li>\n<li>O e-mail do autor.<\/li>\n<li>Eixo com o qual o trabalho est\u00e1 relacionado (Ver Argumento e Eixos no site).<\/li>\n<li>Formato WORD, fonte Times New Roman, tamanho 12, justificado, espa\u00e7amento de 1,5 entre linhas.<\/li>\n<li><strong>6000 caracteres incluindo espa\u00e7os<\/strong>.<\/li>\n<li>As refer\u00eancias bibliogr\u00e1ficas citadas devem ser apresentadas da seguinte forma:<br \/>\n\u2013 Autor, T\u00edtulo do livro, \u201ct\u00edtulo do artigo ou cap\u00edtulo\u201d, local, editora, ano, p\u00e1gina.<br \/>\n\u2013 \u201cT\u00edtulo do artigo\u201d, p\u00e1gina (site) de onde foi retirado o texto ou artigo.<\/li>\n<\/ul>\n<p>[\/vc_column_text][\/vc_column_inner][\/vc_row_inner][vc_row_inner][vc_column_inner column_width_percent=&#8221;100&#8243; position_vertical=&#8221;middle&#8221; gutter_size=&#8221;2&#8243; style=&#8221;dark&#8221; back_color=&#8221;color-109838&#8243; overlay_alpha=&#8221;50&#8243; shift_x=&#8221;0&#8243; shift_y=&#8221;0&#8243; shift_y_down=&#8221;0&#8243; z_index=&#8221;0&#8243; medium_width=&#8221;0&#8243; mobile_width=&#8221;0&#8243; width=&#8221;1\/1&#8243; uncode_shortcode_id=&#8221;152660&#8243; back_color_type=&#8221;uncode-palette&#8221;][vc_separator sep_color=&#8221;color-xsdn&#8221; uncode_shortcode_id=&#8221;158486&#8243; sep_color_type=&#8221;uncode-palette&#8221; el_width=&#8221;100px&#8221; el_height=&#8221;3px&#8221;][vc_column_text uncode_shortcode_id=&#8221;686659&#8243;]<strong>O envio de trabalhos \u00e9 aberto a quem se dispuser a faz\u00ea-lo, mas \u00e9 necess\u00e1rio estar inscrito na 26\u00aa Jornada da EBP-MG<\/strong>[\/vc_column_text][\/vc_column_inner][\/vc_row_inner][\/vc_column][\/vc_row]<\/p>\n<\/section>","protected":false},"excerpt":{"rendered":"<p>[vc_row][vc_column column_width_percent=&#8221;100&#8243; gutter_size=&#8221;0&#8243; overlay_alpha=&#8221;50&#8243; shift_x=&#8221;0&#8243; shift_y=&#8221;0&#8243; shift_y_down=&#8221;0&#8243; z_index=&#8221;0&#8243; medium_width=&#8221;0&#8243; mobile_width=&#8221;0&#8243; width=&#8221;1\/1&#8243; uncode_shortcode_id=&#8221;984329&#8243;][vc_row_inner row_inner_height_percent=&#8221;0&#8243; overlay_alpha=&#8221;50&#8243; equal_height=&#8221;yes&#8221; gutter_size=&#8221;0&#8243; shift_y=&#8221;0&#8243; z_index=&#8221;0&#8243; uncode_shortcode_id=&#8221;499325&#8243;][vc_column_inner column_width_percent=&#8221;100&#8243; [&hellip;]<\/p>\n","protected":false},"author":1,"featured_media":0,"parent":0,"menu_order":0,"comment_status":"closed","ping_status":"closed","template":"","meta":{"footnotes":""},"class_list":["post-27","page","type-page","status-publish","hentry","page_category-acesso-rapido","page_category-envio"],"yoast_head":"<!-- This site is optimized with the Yoast SEO plugin v23.3 - https:\/\/yoast.com\/wordpress\/plugins\/seo\/ -->\n<title>Envio de trabalhos - 26\u00aa\u00a0Jornada EBP \/ MG<\/title>\n<meta name=\"robots\" content=\"noindex, follow, max-snippet:-1, max-image-preview:large, max-video-preview:-1\" \/>\n<meta property=\"og:locale\" content=\"en_US\" \/>\n<meta property=\"og:type\" content=\"article\" \/>\n<meta property=\"og:title\" content=\"Envio de trabalhos - 26\u00aa\u00a0Jornada EBP \/ MG\" \/>\n<meta property=\"og:description\" content=\"[vc_row][vc_column column_width_percent=&#8221;100&#8243; gutter_size=&#8221;0&#8243; overlay_alpha=&#8221;50&#8243; shift_x=&#8221;0&#8243; shift_y=&#8221;0&#8243; shift_y_down=&#8221;0&#8243; z_index=&#8221;0&#8243; medium_width=&#8221;0&#8243; mobile_width=&#8221;0&#8243; width=&#8221;1\/1&#8243; uncode_shortcode_id=&#8221;984329&#8243;][vc_row_inner row_inner_height_percent=&#8221;0&#8243; overlay_alpha=&#8221;50&#8243; equal_height=&#8221;yes&#8221; gutter_size=&#8221;0&#8243; shift_y=&#8221;0&#8243; z_index=&#8221;0&#8243; uncode_shortcode_id=&#8221;499325&#8243;][vc_column_inner column_width_percent=&#8221;100&#8243; [&hellip;]\" \/>\n<meta property=\"og:url\" content=\"https:\/\/www.jornadaebpmg.com.br\/2023\/envio-de-trabalhos\/\" \/>\n<meta property=\"og:site_name\" content=\"26\u00aa\u00a0Jornada EBP \/ MG\" \/>\n<meta property=\"article:modified_time\" content=\"2023-05-26T13:43:43+00:00\" \/>\n<meta name=\"twitter:card\" content=\"summary_large_image\" \/>\n<meta name=\"twitter:label1\" content=\"Est. reading time\" \/>\n\t<meta name=\"twitter:data1\" content=\"2 minutes\" \/>\n<script type=\"application\/ld+json\" class=\"yoast-schema-graph\">{\"@context\":\"https:\/\/schema.org\",\"@graph\":[{\"@type\":\"WebPage\",\"@id\":\"https:\/\/www.jornadaebpmg.com.br\/2023\/envio-de-trabalhos\/\",\"url\":\"https:\/\/www.jornadaebpmg.com.br\/2023\/envio-de-trabalhos\/\",\"name\":\"Envio de trabalhos - 26\u00aa\u00a0Jornada EBP \/ MG\",\"isPartOf\":{\"@id\":\"https:\/\/www.jornadaebpmg.com.br\/2023\/#website\"},\"datePublished\":\"2023-03-28T00:49:26+00:00\",\"dateModified\":\"2023-05-26T13:43:43+00:00\",\"breadcrumb\":{\"@id\":\"https:\/\/www.jornadaebpmg.com.br\/2023\/envio-de-trabalhos\/#breadcrumb\"},\"inLanguage\":\"en-US\",\"potentialAction\":[{\"@type\":\"ReadAction\",\"target\":[\"https:\/\/www.jornadaebpmg.com.br\/2023\/envio-de-trabalhos\/\"]}]},{\"@type\":\"BreadcrumbList\",\"@id\":\"https:\/\/www.jornadaebpmg.com.br\/2023\/envio-de-trabalhos\/#breadcrumb\",\"itemListElement\":[{\"@type\":\"ListItem\",\"position\":1,\"name\":\"Home\",\"item\":\"https:\/\/www.jornadaebpmg.com.br\/2023\/\"},{\"@type\":\"ListItem\",\"position\":2,\"name\":\"Envio de trabalhos\"}]},{\"@type\":\"WebSite\",\"@id\":\"https:\/\/www.jornadaebpmg.com.br\/2023\/#website\",\"url\":\"https:\/\/www.jornadaebpmg.com.br\/2023\/\",\"name\":\"26\u00aa\u00a0Jornada EBP \/ MG\",\"description\":\"H\u00e1 algo de novo nas psicoses... ainda\",\"potentialAction\":[{\"@type\":\"SearchAction\",\"target\":{\"@type\":\"EntryPoint\",\"urlTemplate\":\"https:\/\/www.jornadaebpmg.com.br\/2023\/?s={search_term_string}\"},\"query-input\":\"required name=search_term_string\"}],\"inLanguage\":\"en-US\"}]}<\/script>\n<!-- \/ Yoast SEO plugin. -->","yoast_head_json":{"title":"Envio de trabalhos - 26\u00aa\u00a0Jornada EBP \/ MG","robots":{"index":"noindex","follow":"follow","max-snippet":"max-snippet:-1","max-image-preview":"max-image-preview:large","max-video-preview":"max-video-preview:-1"},"og_locale":"en_US","og_type":"article","og_title":"Envio de trabalhos - 26\u00aa\u00a0Jornada EBP \/ MG","og_description":"[vc_row][vc_column column_width_percent=&#8221;100&#8243; gutter_size=&#8221;0&#8243; overlay_alpha=&#8221;50&#8243; shift_x=&#8221;0&#8243; shift_y=&#8221;0&#8243; shift_y_down=&#8221;0&#8243; z_index=&#8221;0&#8243; medium_width=&#8221;0&#8243; mobile_width=&#8221;0&#8243; width=&#8221;1\/1&#8243; uncode_shortcode_id=&#8221;984329&#8243;][vc_row_inner row_inner_height_percent=&#8221;0&#8243; overlay_alpha=&#8221;50&#8243; equal_height=&#8221;yes&#8221; gutter_size=&#8221;0&#8243; shift_y=&#8221;0&#8243; z_index=&#8221;0&#8243; uncode_shortcode_id=&#8221;499325&#8243;][vc_column_inner column_width_percent=&#8221;100&#8243; [&hellip;]","og_url":"https:\/\/www.jornadaebpmg.com.br\/2023\/envio-de-trabalhos\/","og_site_name":"26\u00aa\u00a0Jornada EBP \/ MG","article_modified_time":"2023-05-26T13:43:43+00:00","twitter_card":"summary_large_image","twitter_misc":{"Est. reading time":"2 minutes"},"schema":{"@context":"https:\/\/schema.org","@graph":[{"@type":"WebPage","@id":"https:\/\/www.jornadaebpmg.com.br\/2023\/envio-de-trabalhos\/","url":"https:\/\/www.jornadaebpmg.com.br\/2023\/envio-de-trabalhos\/","name":"Envio de trabalhos - 26\u00aa\u00a0Jornada EBP \/ MG","isPartOf":{"@id":"https:\/\/www.jornadaebpmg.com.br\/2023\/#website"},"datePublished":"2023-03-28T00:49:26+00:00","dateModified":"2023-05-26T13:43:43+00:00","breadcrumb":{"@id":"https:\/\/www.jornadaebpmg.com.br\/2023\/envio-de-trabalhos\/#breadcrumb"},"inLanguage":"en-US","potentialAction":[{"@type":"ReadAction","target":["https:\/\/www.jornadaebpmg.com.br\/2023\/envio-de-trabalhos\/"]}]},{"@type":"BreadcrumbList","@id":"https:\/\/www.jornadaebpmg.com.br\/2023\/envio-de-trabalhos\/#breadcrumb","itemListElement":[{"@type":"ListItem","position":1,"name":"Home","item":"https:\/\/www.jornadaebpmg.com.br\/2023\/"},{"@type":"ListItem","position":2,"name":"Envio de trabalhos"}]},{"@type":"WebSite","@id":"https:\/\/www.jornadaebpmg.com.br\/2023\/#website","url":"https:\/\/www.jornadaebpmg.com.br\/2023\/","name":"26\u00aa\u00a0Jornada EBP \/ MG","description":"H\u00e1 algo de novo nas psicoses... ainda","potentialAction":[{"@type":"SearchAction","target":{"@type":"EntryPoint","urlTemplate":"https:\/\/www.jornadaebpmg.com.br\/2023\/?s={search_term_string}"},"query-input":"required name=search_term_string"}],"inLanguage":"en-US"}]}},"_links":{"self":[{"href":"https:\/\/www.jornadaebpmg.com.br\/2023\/wp-json\/wp\/v2\/pages\/27","targetHints":{"allow":["GET"]}}],"collection":[{"href":"https:\/\/www.jornadaebpmg.com.br\/2023\/wp-json\/wp\/v2\/pages"}],"about":[{"href":"https:\/\/www.jornadaebpmg.com.br\/2023\/wp-json\/wp\/v2\/types\/page"}],"author":[{"embeddable":true,"href":"https:\/\/www.jornadaebpmg.com.br\/2023\/wp-json\/wp\/v2\/users\/1"}],"replies":[{"embeddable":true,"href":"https:\/\/www.jornadaebpmg.com.br\/2023\/wp-json\/wp\/v2\/comments?post=27"}],"version-history":[{"count":10,"href":"https:\/\/www.jornadaebpmg.com.br\/2023\/wp-json\/wp\/v2\/pages\/27\/revisions"}],"predecessor-version":[{"id":94,"href":"https:\/\/www.jornadaebpmg.com.br\/2023\/wp-json\/wp\/v2\/pages\/27\/revisions\/94"}],"wp:attachment":[{"href":"https:\/\/www.jornadaebpmg.com.br\/2023\/wp-json\/wp\/v2\/media?parent=27"}],"curies":[{"name":"wp","href":"https:\/\/api.w.org\/{rel}","templated":true}]}}