{"id":12,"date":"2024-04-04T00:27:49","date_gmt":"2024-04-04T00:27:49","guid":{"rendered":"https:\/\/www.jornadaebpmg.com.br\/2024\/?page_id=12"},"modified":"2024-09-26T11:37:36","modified_gmt":"2024-09-26T11:37:36","slug":"bibliografia","status":"publish","type":"page","link":"https:\/\/www.jornadaebpmg.com.br\/2024\/bibliografia\/","title":{"rendered":"Bibliografia"},"content":{"rendered":"<div class=\"wpb-content-wrapper\"><p>[vc_row row_height_percent=&#8221;0&#8243; overlay_alpha=&#8221;50&#8243; gutter_size=&#8221;3&#8243; column_width_percent=&#8221;100&#8243; shift_y=&#8221;0&#8243; z_index=&#8221;0&#8243; uncode_shortcode_id=&#8221;398788&#8243;][vc_column column_width_percent=&#8221;100&#8243; gutter_size=&#8221;2&#8243; back_color=&#8221;color-xsdn&#8221; overlay_alpha=&#8221;50&#8243; shift_x=&#8221;0&#8243; shift_y=&#8221;0&#8243; shift_y_down=&#8221;0&#8243; z_index=&#8221;0&#8243; medium_width=&#8221;0&#8243; mobile_width=&#8221;0&#8243; width=&#8221;1\/1&#8243; uncode_shortcode_id=&#8221;351011&#8243; back_color_type=&#8221;uncode-palette&#8221;][vc_separator sep_color=&#8221;accent&#8221; uncode_shortcode_id=&#8221;105358&#8243; sep_color_type=&#8221;uncode-palette&#8221; el_height=&#8221;3px&#8221;][vc_column_text uncode_shortcode_id=&#8221;941491&#8243;]FREUD, S. O Eu e o Isso. In:<em> Edi\u00e7\u00e3o Standard Brasileira das Obras Completas de Sigmund Freud.<\/em> Tradu\u00e7\u00e3o de Jayme Salom\u00e3o.\u00a0 Rio de Janeiro: Imago, Vol. XIX. 1976, p. 13-83.\u00a0 (Trabalho original publicado em 1923)<\/p>\n<p>FREUD, S. Inibi\u00e7\u00e3o, Sintoma e Ang\u00fastia. In:<em> Edi\u00e7\u00e3o Standard Brasileira das Obras Completas de Sigmund Freud.<\/em> Tradu\u00e7\u00e3o de Jayme Salom\u00e3o.\u00a0 Rio de Janeiro: Imago, Vol. XX. 1976, p. 95-201.\u00a0 (Trabalho original publicado em 1926)<\/p>\n<p>FREUD, S. A dissolu\u00e7\u00e3o do Complexo de \u00c9dipo. In:<em> Edi\u00e7\u00e3o Standard Brasileira das Obras Completas de Sigmund Freud.<\/em> Tradu\u00e7\u00e3o de Jayme Salom\u00e3o.\u00a0 Rio de Janeiro: Imago, Vol. XIX. 1976, p. 189-199. (Trabalho original publicado em 1924)<\/p>\n<p>FREUD, S. O infamiliar [Das Unheimlich]. In: <em>Obras Incompletas de Sigmund Freud. <\/em>Tradu\u00e7\u00e3o de Ernani Chaves e Pedro Heliodoro Tavares. Belo Horizonte: Editora Aut\u00eantica. p. 27-125. (Trabalho original publicado em 1919).<\/p>\n<p>LACAN, J. <em>O Semin\u00e1rio<\/em>, livro 10: A ang\u00fastia. Tradu\u00e7\u00e3o de Vera Ribeiro. Rio de Janeiro: Jorge Zahar Ed., 2005. (Trabalho original proferido em 1962-63).<\/p>\n<p>LACAN, J. O Semin\u00e1rio, livro 11: Os quatro conceitos fundamentais da Psican\u00e1lise. Vers\u00e3o brasileira de M.D. Magno. Rio de Janeiro: Jorge Zahar Ed., 1985. 2\u00aa. ed. (Trabalho original proferido em 1964).<\/p>\n<p>LACAN, J. <em>Le S\u00e9minaire<\/em>,\u00a0 livre XIV: La logique du fantasme. Texte \u00e9tabli par Jacques-Alain Miller. Paris: \u00c9ditions du Seuil et Le Champ Freudien. 2023. (1966-67).<\/p>\n<p>LACAN, J. <em>Le S\u00e9minaire,<\/em>\u00a0 livre XV: L\u00b4acte psychanaitique. Texte \u00e9tabli par Jacques-Alain Miller. Paris: \u00c9ditions du Seuil et Le Champ Freudien. 2024. (1967-68).<\/p>\n<p>LACAN, J. <em>O Semin\u00e1rio<\/em>, livro 16: De um Outro ao outro. Tradu\u00e7\u00e3o de Vera Ribeiro. Rio de Janeiro: Jorge Zahar Ed., 2008. (Trabalho original proferido em 1968-69).<\/p>\n<p>LACAN, J. <em>Le S\u00e9minaire<\/em>, Livre 24: L\u2019insu que sait de l\u2019une b\u00e9vue s\u2019aile \u00e0 mourre. Li\u00e7\u00f5es publicadas na revista: <em>Ornicar? <\/em>Paris, n. 12-13 (1977), n. 17-18 (1979). (Trabalho original proferido em 1976-1977).<\/p>\n<p>LACAN. J. Rumo ao significante novo. <em>Op\u00e7\u00e3o Lacaniana<\/em>, n. 22, 1998. p. 6-15. (Trabalho original proferido em 10 de maio de 1977)<\/p>\n<p>LACAN. J.\u00a0 A terceira. In: LACAN, J.; MILLER, J.-A. <em>A terceira\/ Teoria de lal\u00edngua<\/em>.Trad. Teresinha N. Meirelles do Prado. Rio de Janeiro: Zahar, 2022. (Trabalhos originais proferidos em 1974).<\/p>\n<p>MILLER, J.-A. El ultim\u00edsimo Lacan<strong>.<\/strong> Buenos Aires: Paid\u00f3s, 2014.<\/p>\n<p>MILLER, J.-A. O inconsciente e o corpo falante. In: Scilicet: O Corpo Falante \u2013 Sobre o inconsciente no s\u00e9culo XXI . S\u00e3o Paulo: Escola Brasileira de Psican\u00e1lise, 2016, p.19-32.[\/vc_column_text][vc_separator sep_color=&#8221;accent&#8221; uncode_shortcode_id=&#8221;105358&#8243; sep_color_type=&#8221;uncode-palette&#8221; el_height=&#8221;3px&#8221;][\/vc_column][\/vc_row]<\/p>\n<\/div>","protected":false},"excerpt":{"rendered":"<p>[vc_row row_height_percent=&#8221;0&#8243; overlay_alpha=&#8221;50&#8243; gutter_size=&#8221;3&#8243; column_width_percent=&#8221;100&#8243; shift_y=&#8221;0&#8243; z_index=&#8221;0&#8243; uncode_shortcode_id=&#8221;398788&#8243;][vc_column column_width_percent=&#8221;100&#8243; gutter_size=&#8221;2&#8243; back_color=&#8221;color-xsdn&#8221; overlay_alpha=&#8221;50&#8243; shift_x=&#8221;0&#8243; shift_y=&#8221;0&#8243; shift_y_down=&#8221;0&#8243; z_index=&#8221;0&#8243; medium_width=&#8221;0&#8243; mobile_width=&#8221;0&#8243; width=&#8221;1\/1&#8243; uncode_shortcode_id=&#8221;351011&#8243; [&hellip;]<\/p>\n","protected":false},"author":1,"featured_media":203,"parent":0,"menu_order":0,"comment_status":"closed","ping_status":"closed","template":"","meta":{"footnotes":""},"class_list":["post-12","page","type-page","status-publish","has-post-thumbnail","hentry","page_category-destaque"],"aioseo_notices":[],"_links":{"self":[{"href":"https:\/\/www.jornadaebpmg.com.br\/2024\/wp-json\/wp\/v2\/pages\/12","targetHints":{"allow":["GET"]}}],"collection":[{"href":"https:\/\/www.jornadaebpmg.com.br\/2024\/wp-json\/wp\/v2\/pages"}],"about":[{"href":"https:\/\/www.jornadaebpmg.com.br\/2024\/wp-json\/wp\/v2\/types\/page"}],"author":[{"embeddable":true,"href":"https:\/\/www.jornadaebpmg.com.br\/2024\/wp-json\/wp\/v2\/users\/1"}],"replies":[{"embeddable":true,"href":"https:\/\/www.jornadaebpmg.com.br\/2024\/wp-json\/wp\/v2\/comments?post=12"}],"version-history":[{"count":7,"href":"https:\/\/www.jornadaebpmg.com.br\/2024\/wp-json\/wp\/v2\/pages\/12\/revisions"}],"predecessor-version":[{"id":722,"href":"https:\/\/www.jornadaebpmg.com.br\/2024\/wp-json\/wp\/v2\/pages\/12\/revisions\/722"}],"wp:featuredmedia":[{"embeddable":true,"href":"https:\/\/www.jornadaebpmg.com.br\/2024\/wp-json\/wp\/v2\/media\/203"}],"wp:attachment":[{"href":"https:\/\/www.jornadaebpmg.com.br\/2024\/wp-json\/wp\/v2\/media?parent=12"}],"curies":[{"name":"wp","href":"https:\/\/api.w.org\/{rel}","templated":true}]}}