{"id":13,"date":"2024-04-04T00:27:58","date_gmt":"2024-04-04T00:27:58","guid":{"rendered":"https:\/\/www.jornadaebpmg.com.br\/2024\/?page_id=13"},"modified":"2024-11-27T12:48:04","modified_gmt":"2024-11-27T12:48:04","slug":"acolhimento","status":"publish","type":"page","link":"https:\/\/www.jornadaebpmg.com.br\/2024\/acolhimento\/","title":{"rendered":"Acolhimento"},"content":{"rendered":"<div class=\"wpb-content-wrapper\"><p>[vc_row row_height_percent=&#8221;0&#8243; overlay_alpha=&#8221;50&#8243; gutter_size=&#8221;3&#8243; column_width_percent=&#8221;100&#8243; shift_y=&#8221;0&#8243; z_index=&#8221;0&#8243; uncode_shortcode_id=&#8221;398788&#8243;][vc_column column_width_percent=&#8221;70&#8243; gutter_size=&#8221;2&#8243; back_color=&#8221;color-xsdn&#8221; overlay_alpha=&#8221;50&#8243; shift_x=&#8221;0&#8243; shift_y=&#8221;0&#8243; shift_y_down=&#8221;0&#8243; z_index=&#8221;0&#8243; medium_width=&#8221;6&#8243; mobile_width=&#8221;7&#8243; width=&#8221;1\/1&#8243; uncode_shortcode_id=&#8221;947292&#8243; back_color_type=&#8221;uncode-palette&#8221;][vc_row_inner][vc_column_inner column_width_percent=&#8221;100&#8243; gutter_size=&#8221;2&#8243; overlay_alpha=&#8221;50&#8243; shift_x=&#8221;0&#8243; shift_y=&#8221;0&#8243; shift_y_down=&#8221;0&#8243; z_index=&#8221;0&#8243; medium_width=&#8221;6&#8243; mobile_width=&#8221;7&#8243; width=&#8221;1\/1&#8243; uncode_shortcode_id=&#8221;416619&#8243;][vc_custom_heading text_color=&#8221;accent&#8221; heading_semantic=&#8221;h3&#8243; text_font=&#8221;font-175522&#8243; text_weight=&#8221;900&#8243; uncode_shortcode_id=&#8221;790654&#8243; text_color_type=&#8221;uncode-palette&#8221;]ALIMENTA\u00c7\u00c3O[\/vc_custom_heading][vc_separator sep_color=&#8221;accent&#8221; uncode_shortcode_id=&#8221;146360&#8243; sep_color_type=&#8221;uncode-palette&#8221; el_height=&#8221;1px&#8221;][vc_column_text uncode_shortcode_id=&#8221;433619&#8243;]Temos boas not\u00edcias a respeito de nossa Jornada.<\/p>\n<p>Conseguimos um acordo com o Restaurante Tellus, situado no segundo andar do Centro de Conven\u00e7\u00f5es do Hotel Mercure, para servir refei\u00e7\u00e3o com exclusividade para os participantes da Jornada.<\/p>\n<p>Enviamos-lhe, abaixo, dois links para reservar o almo\u00e7o, um para o dia 29\/11, outro para o dia 30\/11.<\/p>\n<p>A reserva est\u00e1 condicionada \u00e0 inscri\u00e7\u00e3o e o pagamento de R$100,00 para cada dia. Voc\u00eas poder\u00e3o ter acesso ao card\u00e1pio pelo formul\u00e1rio.<\/p>\n<p>Como as vagas s\u00e3o limitadas, sugerimos que os interessados fa\u00e7am a reserva at\u00e9 o dia 22 de novembro.[\/vc_column_text][vc_empty_space empty_h=&#8221;1&#8243;][vc_button button_color=&#8221;accent&#8221; radius=&#8221;btn-circle&#8221; border_width=&#8221;0&#8243; display=&#8221;inline&#8221; link=&#8221;url:https%3A%2F%2Fdocs.google.com%2Fforms%2Fd%2Fe%2F1FAIpQLSfo8QXYMzWOar_JBDODx_8yFoJmeYQ5LkqLwUARmS5HBaBEIA%2Fviewform%3Fusp%3Dsf_link|title:Argumento|target:_blank&#8221; uncode_shortcode_id=&#8221;174821&#8243; button_color_type=&#8221;uncode-palette&#8221;]FORMUL\u00c1RIO DE RESERVA 29\/11[\/vc_button][vc_button button_color=&#8221;accent&#8221; radius=&#8221;btn-circle&#8221; border_width=&#8221;0&#8243; display=&#8221;inline&#8221; link=&#8221;url:https%3A%2F%2Fdocs.google.com%2Fforms%2Fd%2Fe%2F1FAIpQLScICMkfSiqx548DGUXAkKYNehIAnRbw2ti23DiuqRKL0PwFag%2Fviewform%3Fusp%3Dsf_link|title:Argumento|target:_blank&#8221; uncode_shortcode_id=&#8221;184760&#8243; button_color_type=&#8221;uncode-palette&#8221;]FORMUL\u00c1RIO DE RESERVA 30\/11[\/vc_button][vc_empty_space empty_h=&#8221;1&#8243;][vc_column_text uncode_shortcode_id=&#8221;170443&#8243;]Informamos-lhe tamb\u00e9m que o mesmo restaurante abrir\u00e1 dois pontos de venda de caf\u00e9 e lanche durante a Jornada.[\/vc_column_text][vc_empty_space empty_h=&#8221;1&#8243;][vc_custom_heading text_color=&#8221;accent&#8221; heading_semantic=&#8221;h3&#8243; text_font=&#8221;font-175522&#8243; text_weight=&#8221;900&#8243; uncode_shortcode_id=&#8221;201849&#8243; text_color_type=&#8221;uncode-palette&#8221;]Restaurantes pr\u00f3ximos \u00e0 27\u00aa J<span class=\"s2\">ornada da EBP- MG[\/vc_custom_heading][vc_separator sep_color=&#8221;accent&#8221; uncode_shortcode_id=&#8221;146360&#8243; sep_color_type=&#8221;uncode-palette&#8221; el_height=&#8221;1px&#8221;][vc_column_text uncode_shortcode_id=&#8221;101434&#8243;]<\/span><\/p>\n<p class=\"s4\"><span class=\"s5\">Speciali Trattoria Ed. Rua Fernandes Tourinho,805 \u2013 Lourdes. Savassi Fone \u2013( 31)32847060<\/span><\/p>\n<p class=\"s4\"><span class=\"s5\">La Macelleria Loudes \u00a0Resturante @lamacelleria Savassi<\/span><\/p>\n<p class=\"s4\"><span class=\"s5\">Redentor Bar \u2013 Fernandes Tourinho, 500 Savassi @redentorbar<\/span><\/p>\n<p class=\"s4\"><span class=\"s5\">Mi corazon Bar \u2013 Fernandes Tourinho, 515 Savassi @micorazonbar <\/span><\/p>\n<p class=\"s4\"><span class=\"s5\">Berilo Cozinha &amp; Drinks &#8211; Fernandes Tourinho, 503 Savassi @berilo.cozinhaedrinks <\/span><\/p>\n<p class=\"s4\"><span class=\"s5\">Bel\u00f4 Caf\u00e9 \u2013 rua Sergipe, 1329 Savassi @belocafebh<\/span><\/p>\n<p class=\"s4\"><span class=\"s5\">Ah! Bom Ed: Rua Fernandes Tourinho, 805 Lourdes Fone ( 32847060)<\/span><\/p>\n<p class=\"s4\"><span class=\"s5\">Emp\u00f3rio Villa \u00c1rabe Contorno 6510<\/span><\/p>\n<p class=\"s4\"><span class=\"s5\">Caf\u00e9 com Letras Ed: Rua Ant\u00f4nio de Albuquerque, 781 Savassi \u2013 fone ( 31) 984214285<\/span><\/p>\n<p class=\"s4\"><span class=\"s5\">A P\u00e3o de Queijaria Savassi \u2013 Rua Antonio de Albuquerque, 856 @apaodequeijaria <\/span><\/p>\n<p class=\"s4\"><span class=\"s5\">Mercado da Boca &#8211; \u00a0rua Levindo Lopes, 124 Savassi @mercadodaboca<\/span><\/p>\n<p class=\"s4\"><span class=\"s5\">Gata Gorda \u2013 rua Levindo Lopes, 96 Savassi @gatagorda.bh<\/span><\/p>\n<p class=\"s4\"><span class=\"s5\">Cabernet Butiquim \u2013 Rua Levindo Lopes, 22 Savassi @cabernetbutiquim <\/span><\/p>\n<p class=\"s4\"><span class=\"s5\">Dona Derna Rua Tom\u00e9 de Souza, 1331 Savassi @donaderna<\/span><\/p>\n<p class=\"s4\"><span class=\"s5\">Shopping P\u00e1tio Savassi \u2013 Av do Contorno, 6061 S\u00e3o Pedro<\/span><\/p>\n<p class=\"s4\"><span class=\"s5\">Casa da Agnes &#8211; \u00a0<\/span><span class=\"s6\">R. Paulo Afonso, 833 &#8211; Santo Ant\u00f4nio @acasadaagnes <\/span><\/p>\n<p class=\"s4\"><span class=\"s5\">La Traviatta Av Cristov\u00e3o Colombo: 282 \u2013 Funcion\u00e1rios <\/span><\/p>\n<p class=\"s4\"><span class=\"s5\">Ninita &#8211; R. B\u00e1rbara Heliodora, 71 \u2013 Lourdes @ninitabh <\/span><\/p>\n<p class=\"s4\"><span class=\"s5\">Mona cafe &#8211; Caf\u00e9s especiais e alimentos vegetarianos pr\u00f3ximo \u00e0 Pra\u00e7a da Liberdade. (@monacafebh<\/span><\/p>\n<p class=\"s4\"><span class=\"s5\">AA Wine Experience \u00a0Rua Curitiba, 2102 \u2013 Lourdes \u2013 Bh \u00a0Fone: 25521740<\/span><\/p>\n<p class=\"s4\"><span class=\"s5\">Pacato \u2013 Ed: Rua rio de Janeiro, 2735 Lourdes Fone: ( 31) 983248736<\/span><\/p>\n<p class=\"s4\"><span class=\"s5\">68 La pizzeria \u00a0&#8211; Rua Felipe dos Santos, 68 \u2013 Lourdes BH<\/span><\/p>\n<p class=\"s4\"><span class=\"s5\">Macau \u2013 Avenida Oleg\u00e1rio Maciel, 1767 \u2013 Lourdes BH Fone: ( 31)33376193<\/span><\/p>\n<p class=\"s4\"><span class=\"s5\">Cozinha Santo Ant\u00f4nio. Rua S\u00e3o Domingos do Prata , 453 Santo Ant\u00f4nio Fone: (31)982186427 <\/span><\/p>\n<p class=\"s4\"><span class=\"s5\">Paradiso &#8211; \u00a0Rua Leopoldina, 347 Santo Ant\u00f4nio <\/span><\/p>\n<p class=\"s4\"><span class=\"s5\">O Leg\u00edtimo Rocambole de Lagoa Dourada Ed.: Avenida do Contorno , 6739 \u2013 Lourdes BH \u00a0Fone \u2013 (31)971873549<\/span><\/p>\n<p class=\"s4\"><a name=\"_gjdgxs\"><\/a><span class=\"s5\">Judite Comida de V\u00f3 Rua Maj. Lopes, 34 Bairro S\u00e3o Pedro \u00a0Fone: (31)994337549<\/span><\/p>\n<p class=\"s4\"><span class=\"s5\">Marilia Pizzeria &#8211; \u00a0Rua Marilia de Dirceu, 226 Lourdes Fone: (31) 32752027<\/span><\/p>\n<p class=\"s4\"><span class=\"s5\">Restaurante Varanda Avenida Alvares Cabral, 1389. \u00a0 Fone ( 31) 993991389<\/span><\/p>\n<p class=\"s4\"><span class=\"s5\">Hofbrauhaus Avenida do Contorno, 7613 Lourdes BH Fone : ( 31)33277613<\/span><\/p>\n<p class=\"s4\"><span class=\"s5\">Alessa Gelato e Caff\u00e8 Rua S\u00e3o Paulo, 2112 Lourdes- \u00a0@alessagelato (Sorveteria)<\/span><\/p>\n<p class=\"s4\"><span class=\"s5\">Pastelaria Mar\u00edlia de Dirceu Rua Mar\u00edlia de Dirceu, 70 Lourdes BH<\/span><\/p>\n<p class=\"s4\"><span class=\"s5\">Olg\u00e1rio Jardins Ed: Av. Prudente de Morais,520- Cidade Jardim Fone: (31)25315425<\/span><\/p>\n<p class=\"s4\"><span class=\"s5\">Santissimus Gourmet Ed: Rua Prudente de Morais , 119 Bairro Santo Ant\u00f4nio<\/span><\/p>\n<p class=\"s4\"><span class=\"s5\">Eddi Fine Burgers, \u00a0Ed. Rua da Bahia, 2652 Lourdes, <\/span><\/p>\n<p class=\"s4\"><span class=\"s5\">Testaurante Glouton \u2013 Ed: Rua B\u00e1rbara Heliodora, 59 Bairros Lourdes \u2013 Fone (31) 32924237<\/span><\/p>\n<p class=\"s4\"><span class=\"s5\">Taste-Vin, Ed: rua Curitiba, 2105 Lourdes , Fone- ( 31) 32925423<\/span><\/p>\n<p class=\"s4\"><span class=\"s5\">O Conde Restaurante Ed: Rua conde de Linhares, 345 \u2013 Cidade Jardin Fone: ( 31) 25316964<\/span><\/p>\n<p class=\"s4\"><span class=\"s5\">D`Artagnan Restaurante Ed: Rua Tom\u00e1s Gonzaga, 593 Lourdes ( 31) 32957878<\/span><\/p>\n<p class=\"s4\"><span class=\"s5\">Sakan\u00e1 Suhi &amp; Hand Rolls \u00a0Ed: Avenida do Contorno, 7000 Bairro Funcion\u00e1rios \u00a0Fone ( 31) 25150007<\/span><\/p>\n<p class=\"s4\"><span class=\"s5\">Gusto Osteria Ed: Rua S\u00e3o Paulo, 2632 Lourdes<\/span><\/p>\n<p class=\"s4\"><span class=\"s5\">Mi Garba Gelateria Ed: Rua Lavras, 96 Lourdes (Sorveteria)<\/span><\/p>\n<p class=\"s4\"><span class=\"s5\">Quina Ed: Avenida Prudente de Morais, 15 <\/span><\/p>\n<p class=\"s4\"><span class=\"s5\">Paladar Grill Ed: Rua Fernandes Tourinho, 1026<\/span><\/p>\n<p>[\/vc_column_text][vc_separator sep_color=&#8221;accent&#8221; uncode_shortcode_id=&#8221;105358&#8243; sep_color_type=&#8221;uncode-palette&#8221; el_height=&#8221;3px&#8221;][\/vc_column_inner][\/vc_row_inner][vc_row_inner][vc_column_inner column_width_percent=&#8221;100&#8243; gutter_size=&#8221;2&#8243; overlay_alpha=&#8221;50&#8243; shift_x=&#8221;0&#8243; shift_y=&#8221;0&#8243; shift_y_down=&#8221;0&#8243; z_index=&#8221;0&#8243; medium_width=&#8221;6&#8243; mobile_width=&#8221;7&#8243; width=&#8221;1\/1&#8243; uncode_shortcode_id=&#8221;416619&#8243;][vc_custom_heading text_color=&#8221;accent&#8221; heading_semantic=&#8221;h3&#8243; text_font=&#8221;font-175522&#8243; text_weight=&#8221;900&#8243; uncode_shortcode_id=&#8221;188438&#8243; text_color_type=&#8221;uncode-palette&#8221;]FESTA[\/vc_custom_heading][vc_separator sep_color=&#8221;accent&#8221; uncode_shortcode_id=&#8221;146360&#8243; sep_color_type=&#8221;uncode-palette&#8221; el_height=&#8221;1px&#8221;][vc_single_image media=&#8221;714&#8243; media_width_percent=&#8221;100&#8243; uncode_shortcode_id=&#8221;191298&#8243;][vc_custom_heading text_color=&#8221;accent&#8221; heading_semantic=&#8221;h3&#8243; text_font=&#8221;font-175522&#8243; text_weight=&#8221;900&#8243; uncode_shortcode_id=&#8221;152031&#8243; text_color_type=&#8221;uncode-palette&#8221;]<b>\u201cMire e Veja\u201d&#8230; a festa!<\/b>[\/vc_custom_heading][vc_column_text uncode_shortcode_id=&#8221;104545&#8243;]Para\u00a0 celebrar a 27\u00aa Jornada, teremos uma festa com um belo visual, no dia 30 de novembro, a partir das 20h, no Mirante do Night Market Rooftop!<\/p>\n<p>Se o tema da Jornada teve como ponto de partida uma li\u00e7\u00e3o do Semin\u00e1rio El ultimissimo\u00a0 Lacan, de Jacques-Alain Miller,\u00a0 cujo t\u00edtulo \u00e9 &#8220;O visual&#8221;,\u00a0 para a festa, nos inspiramos no visual de nosso belo horizonte que o mirante do local escolhido nos apresenta.<\/p>\n<p>A festa ser\u00e1 animada com um toque especial de m\u00fasica, encontros, drinks e alegrias, com a presen\u00e7a do DJ Frankiw e uma surpresa!<\/p>\n<p>Esperamos voc\u00eas!!![\/vc_column_text][vc_empty_space empty_h=&#8221;1&#8243;][vc_button button_color=&#8221;accent&#8221; radius=&#8221;btn-circle&#8221; border_width=&#8221;0&#8243; link=&#8221;url:https%3A%2F%2Fwww.sympla.com.br%2Fevento%2F27-jornada-da-escola-brasileira-de-psicanalise-secao-minas-gerais%2F2461414%3Ftoken%3Db9ef682f0bd5e05d26d3bbf07439b8ba|title:Argumento|target:_blank&#8221; uncode_shortcode_id=&#8221;174954&#8243; button_color_type=&#8221;uncode-palette&#8221;]GARANTA SEU INGRESSO![\/vc_button][vc_separator sep_color=&#8221;accent&#8221; uncode_shortcode_id=&#8221;105358&#8243; sep_color_type=&#8221;uncode-palette&#8221; el_height=&#8221;3px&#8221;][\/vc_column_inner][\/vc_row_inner][vc_empty_space empty_h=&#8221;2&#8243;][vc_row_inner][vc_column_inner column_width_percent=&#8221;100&#8243; gutter_size=&#8221;2&#8243; overlay_alpha=&#8221;50&#8243; shift_x=&#8221;0&#8243; shift_y=&#8221;0&#8243; shift_y_down=&#8221;0&#8243; z_index=&#8221;0&#8243; medium_width=&#8221;0&#8243; mobile_width=&#8221;0&#8243; width=&#8221;1\/1&#8243; uncode_shortcode_id=&#8221;683627&#8243;][vc_custom_heading text_color=&#8221;accent&#8221; heading_semantic=&#8221;h3&#8243; text_font=&#8221;font-175522&#8243; text_weight=&#8221;900&#8243; uncode_shortcode_id=&#8221;433123&#8243; text_color_type=&#8221;uncode-palette&#8221;]HOSPEDAGEM[\/vc_custom_heading][vc_separator sep_color=&#8221;accent&#8221; uncode_shortcode_id=&#8221;146360&#8243; sep_color_type=&#8221;uncode-palette&#8221; el_height=&#8221;1px&#8221;][vc_custom_heading text_color=&#8221;accent&#8221; text_font=&#8221;font-175522&#8243; text_size=&#8221;h3&#8243; text_weight=&#8221;600&#8243; uncode_shortcode_id=&#8221;131936&#8243; text_color_type=&#8221;uncode-palette&#8221;]Escola Brasileira de Psican\u00e1lise \u2013 Se\u00e7\u00e3o Minas Gerais[\/vc_custom_heading][vc_column_text text_lead=&#8221;yes&#8221; uncode_shortcode_id=&#8221;966896&#8243;]O Hotel Mercure, local onde vai acontecer a 27\u00aa Jornada da Se\u00e7\u00e3o Minas Gerais da Escola Brasileira de Psican\u00e1lise (EBP-MG), vai oferecer, para os participantes desse evento, um desconto especial nas di\u00e1rias dos dias 29 e 30\/11\/2024.<\/p>\n<p>Fa\u00e7am suas reservas!<\/p>\n<p>Seguem as tarifas para os participantes do evento:<\/p>\n<table width=\"192\">\n<tbody>\n<tr>\n<td colspan=\"3\" width=\"192\"><strong>CLASSIC<\/strong><\/td>\n<\/tr>\n<tr>\n<td width=\"64\">single<\/td>\n<td width=\"63\">double<\/td>\n<td width=\"64\">triple<\/td>\n<\/tr>\n<tr>\n<td width=\"64\">R$409<\/td>\n<td width=\"63\">R$479<\/td>\n<td width=\"64\">R$529<\/td>\n<\/tr>\n<\/tbody>\n<\/table>\n<table style=\"font-family: -apple-system, BlinkMacSystemFont, 'Segoe UI', Roboto, Oxygen-Sans, Ubuntu, Cantarell, 'Helvetica Neue', sans-serif;\" width=\"192\">\n<tbody>\n<tr>\n<td colspan=\"3\" width=\"192\"><strong>STANDARD<\/strong><\/td>\n<\/tr>\n<tr>\n<td width=\"54\">single<\/td>\n<td width=\"69\">double<\/td>\n<td width=\"70\">triple<\/td>\n<\/tr>\n<tr>\n<td width=\"54\">R$459<\/td>\n<td width=\"69\">R$529<\/td>\n<td width=\"70\">R$579<\/td>\n<\/tr>\n<tr>\n<td width=\"54\"><\/td>\n<td width=\"69\"><\/td>\n<td width=\"70\"><\/td>\n<\/tr>\n<tr>\n<td colspan=\"3\" width=\"192\"><strong>SUPERIOR<\/strong><\/td>\n<\/tr>\n<tr>\n<td width=\"54\">single<\/td>\n<td width=\"69\">double<\/td>\n<td width=\"70\"><\/td>\n<\/tr>\n<tr>\n<td width=\"54\">R$509<\/td>\n<td width=\"69\">R$579<\/td>\n<td width=\"70\"><\/td>\n<\/tr>\n<\/tbody>\n<\/table>\n<p>+ 5% ISS (com caf\u00e9).<br \/>\nNet<\/p>\n<p>Para obterem esse benef\u00edcio, os participantes do evento dever\u00e3o contatar o setor de reservas do Hotel Mercure atrav\u00e9s do e-mail ou telefone, informando o nome do evento para verifica\u00e7\u00e3o de disponibilidade e valores:<\/p>\n<p><strong>E-mail:\u00a0<a href=\"mailto:h3575-re@accor.com\">h3575-re@accor.com<\/a><br \/>\n<\/strong><strong>Telefone: (31) 3298 &#8211; 4161<\/strong><\/p>\n<p>A\u00a0tarifa ades\u00e3o est\u00e1 registrada no sistema do hotel com o nome:\u00a0<strong>Evento da Jornada Brasileira de Psican\u00e1lise \u2013 28 a 30\/11\/2024.<\/strong>[\/vc_column_text][vc_separator sep_color=&#8221;accent&#8221; uncode_shortcode_id=&#8221;105358&#8243; sep_color_type=&#8221;uncode-palette&#8221; el_height=&#8221;3px&#8221;][\/vc_column_inner][\/vc_row_inner][vc_empty_space empty_h=&#8221;2&#8243;][vc_row_inner][vc_column_inner column_width_percent=&#8221;100&#8243; gutter_size=&#8221;2&#8243; overlay_alpha=&#8221;50&#8243; shift_x=&#8221;0&#8243; shift_y=&#8221;0&#8243; shift_y_down=&#8221;0&#8243; z_index=&#8221;0&#8243; medium_width=&#8221;0&#8243; mobile_width=&#8221;0&#8243; width=&#8221;1\/1&#8243; uncode_shortcode_id=&#8221;683627&#8243;][vc_custom_heading text_color=&#8221;accent&#8221; heading_semantic=&#8221;h3&#8243; text_font=&#8221;font-175522&#8243; text_weight=&#8221;900&#8243; uncode_shortcode_id=&#8221;539080&#8243; text_color_type=&#8221;uncode-palette&#8221;]CONTATO[\/vc_custom_heading][vc_separator sep_color=&#8221;accent&#8221; uncode_shortcode_id=&#8221;146360&#8243; sep_color_type=&#8221;uncode-palette&#8221; el_height=&#8221;1px&#8221;][vc_custom_heading text_color=&#8221;accent&#8221; text_font=&#8221;font-175522&#8243; text_size=&#8221;h3&#8243; text_weight=&#8221;600&#8243; uncode_shortcode_id=&#8221;131936&#8243; text_color_type=&#8221;uncode-palette&#8221;]Escola Brasileira de Psican\u00e1lise \u2013 Se\u00e7\u00e3o Minas Gerais[\/vc_custom_heading][vc_column_text text_lead=&#8221;yes&#8221; uncode_shortcode_id=&#8221;578037&#8243;]<span class=\"font-555555\">Av. Afonso Pena, 2770 \u2013 2\u00ba Andar<br \/>\nFuncion\u00e1rios \u2013 Belo Horizonte \u2013\u00a0MG \u2013 30130-006<\/span><\/p>\n<p><img decoding=\"async\" class=\"alignnone wp-image-232\" src=\"https:\/\/www.jornadaebpmg.com.br\/2024\/wp-content\/uploads\/2024\/09\/152740.png\" alt=\"\" width=\"17\" height=\"23\" \/>\u00a0 <span class=\"font-555555\"><strong><a href=\"https:\/\/api.whatsapp.com\/send?phone=5531998798679&amp;text=Ol%C3%A1,%20gostaria%20de%20mais%20informa%C3%A7%C3%B5es%20sobre%20a%2027%C2%AA%20Jornada%20EBP-MG\" target=\"_blank\" rel=\"noopener\">(31) 99879.8679<\/a><\/strong><\/span><br \/>\n(31) 3292-5776[\/vc_column_text][vc_separator sep_color=&#8221;accent&#8221; uncode_shortcode_id=&#8221;105358&#8243; sep_color_type=&#8221;uncode-palette&#8221; el_height=&#8221;3px&#8221;][\/vc_column_inner][\/vc_row_inner][\/vc_column][\/vc_row]<\/p>\n<\/div>","protected":false},"excerpt":{"rendered":"<p>[vc_row row_height_percent=&#8221;0&#8243; overlay_alpha=&#8221;50&#8243; gutter_size=&#8221;3&#8243; column_width_percent=&#8221;100&#8243; shift_y=&#8221;0&#8243; z_index=&#8221;0&#8243; uncode_shortcode_id=&#8221;398788&#8243;][vc_column column_width_percent=&#8221;70&#8243; gutter_size=&#8221;2&#8243; back_color=&#8221;color-xsdn&#8221; overlay_alpha=&#8221;50&#8243; shift_x=&#8221;0&#8243; shift_y=&#8221;0&#8243; shift_y_down=&#8221;0&#8243; z_index=&#8221;0&#8243; medium_width=&#8221;6&#8243; mobile_width=&#8221;7&#8243; width=&#8221;1\/1&#8243; uncode_shortcode_id=&#8221;947292&#8243; [&hellip;]<\/p>\n","protected":false},"author":1,"featured_media":206,"parent":0,"menu_order":0,"comment_status":"closed","ping_status":"closed","template":"","meta":{"footnotes":""},"class_list":["post-13","page","type-page","status-publish","has-post-thumbnail","hentry","page_category-destaque"],"aioseo_notices":[],"_links":{"self":[{"href":"https:\/\/www.jornadaebpmg.com.br\/2024\/wp-json\/wp\/v2\/pages\/13","targetHints":{"allow":["GET"]}}],"collection":[{"href":"https:\/\/www.jornadaebpmg.com.br\/2024\/wp-json\/wp\/v2\/pages"}],"about":[{"href":"https:\/\/www.jornadaebpmg.com.br\/2024\/wp-json\/wp\/v2\/types\/page"}],"author":[{"embeddable":true,"href":"https:\/\/www.jornadaebpmg.com.br\/2024\/wp-json\/wp\/v2\/users\/1"}],"replies":[{"embeddable":true,"href":"https:\/\/www.jornadaebpmg.com.br\/2024\/wp-json\/wp\/v2\/comments?post=13"}],"version-history":[{"count":10,"href":"https:\/\/www.jornadaebpmg.com.br\/2024\/wp-json\/wp\/v2\/pages\/13\/revisions"}],"predecessor-version":[{"id":886,"href":"https:\/\/www.jornadaebpmg.com.br\/2024\/wp-json\/wp\/v2\/pages\/13\/revisions\/886"}],"wp:featuredmedia":[{"embeddable":true,"href":"https:\/\/www.jornadaebpmg.com.br\/2024\/wp-json\/wp\/v2\/media\/206"}],"wp:attachment":[{"href":"https:\/\/www.jornadaebpmg.com.br\/2024\/wp-json\/wp\/v2\/media?parent=13"}],"curies":[{"name":"wp","href":"https:\/\/api.w.org\/{rel}","templated":true}]}}