{"id":25,"date":"2024-04-04T00:29:17","date_gmt":"2024-04-04T00:29:17","guid":{"rendered":"https:\/\/www.jornadaebpmg.com.br\/2024\/?page_id=25"},"modified":"2025-01-22T15:42:42","modified_gmt":"2025-01-22T15:42:42","slug":"27a-jornada-ebp-mg","status":"publish","type":"page","link":"https:\/\/www.jornadaebpmg.com.br\/2024\/","title":{"rendered":"27\u00aa Jornada EBP-MG"},"content":{"rendered":"<div class=\"wpb-content-wrapper\"><p>[vc_row row_height_percent=&#8221;0&#8243; back_color=&#8221;color-628142&#8243; overlay_alpha=&#8221;50&#8243; gutter_size=&#8221;3&#8243; column_width_percent=&#8221;100&#8243; shift_y=&#8221;-1&#8243; z_index=&#8221;5&#8243; enable_bottom_divider=&#8221;default&#8221; bottom_divider=&#8221;curve-asym&#8221; shape_bottom_h_use_pixel=&#8221;&#8221; shape_bottom_height=&#8221;50&#8243; shape_bottom_color=&#8221;color-xsdn&#8221; shape_bottom_opacity=&#8221;100&#8243; shape_bottom_index=&#8221;10&#8243; shape_bottom_responsive=&#8221;yes&#8221; uncode_shortcode_id=&#8221;654163&#8243; back_color_type=&#8221;uncode-palette&#8221; row_name=&#8221;destaques&#8221; shape_bottom_color_type=&#8221;uncode-palette&#8221; row_height_pixel=&#8221;150px&#8221;][vc_column column_width_percent=&#8221;100&#8243; align_horizontal=&#8221;align_center&#8221; gutter_size=&#8221;3&#8243; style=&#8221;dark&#8221; overlay_alpha=&#8221;50&#8243; shift_x=&#8221;0&#8243; shift_y=&#8221;0&#8243; shift_y_down=&#8221;0&#8243; z_index=&#8221;6&#8243; medium_width=&#8221;0&#8243; mobile_width=&#8221;0&#8243; width=&#8221;1\/1&#8243; uncode_shortcode_id=&#8221;625664&#8243;][vc_row_inner row_inner_height_percent=&#8221;0&#8243; overlay_alpha=&#8221;50&#8243; gutter_size=&#8221;1&#8243; shift_y=&#8221;0&#8243; z_index=&#8221;0&#8243; uncode_shortcode_id=&#8221;129370&#8243;][vc_column_inner column_width_percent=&#8221;100&#8243; position_vertical=&#8221;middle&#8221; align_horizontal=&#8221;align_center&#8221; gutter_size=&#8221;2&#8243; style=&#8221;dark&#8221; overlay_alpha=&#8221;50&#8243; shift_x=&#8221;0&#8243; shift_y=&#8221;0&#8243; shift_y_down=&#8221;0&#8243; z_index=&#8221;0&#8243; medium_width=&#8221;0&#8243; mobile_width=&#8221;0&#8243; css_animation=&#8221;bottom-t-top&#8221; animation_speed=&#8221;200&#8243; animation_delay=&#8221;100&#8243; width=&#8221;1\/4&#8243; uncode_shortcode_id=&#8221;811915&#8243;][vc_custom_heading text_color=&#8221;color-xsdn&#8221; heading_semantic=&#8221;h1&#8243; text_font=&#8221;font-175522&#8243; uncode_shortcode_id=&#8221;196970&#8243; text_color_type=&#8221;uncode-palette&#8221;]argumento, eixos e cita\u00e7\u00f5es[\/vc_custom_heading][vc_button button_color=&#8221;color-xsdn&#8221; radius=&#8221;btn-circle&#8221; border_width=&#8221;0&#8243; scale_mobile=&#8221;no&#8221; link=&#8221;url:https%3A%2F%2Fwww.jornadaebpmg.com.br%2F2024%2Fargumento-eixos%2F|title:Semin%C3%A1rio%20Preparat%C3%B3rio&#8221; button_color_type=&#8221;uncode-palette&#8221; uncode_shortcode_id=&#8221;574420&#8243;]SAIBA MAIS[\/vc_button][vc_empty_space empty_h=&#8221;1&#8243; desktop_visibility=&#8221;yes&#8221; medium_visibility=&#8221;yes&#8221;][\/vc_column_inner][vc_column_inner column_width_percent=&#8221;100&#8243; position_vertical=&#8221;middle&#8221; align_horizontal=&#8221;align_center&#8221; gutter_size=&#8221;2&#8243; style=&#8221;dark&#8221; overlay_alpha=&#8221;50&#8243; shift_x=&#8221;0&#8243; shift_y=&#8221;0&#8243; shift_y_down=&#8221;0&#8243; z_index=&#8221;0&#8243; medium_width=&#8221;0&#8243; mobile_width=&#8221;0&#8243; css_animation=&#8221;bottom-t-top&#8221; animation_speed=&#8221;200&#8243; animation_delay=&#8221;200&#8243; width=&#8221;1\/4&#8243; uncode_shortcode_id=&#8221;230267&#8243;][vc_custom_heading text_color=&#8221;color-xsdn&#8221; heading_semantic=&#8221;h1&#8243; text_font=&#8221;font-175522&#8243; uncode_shortcode_id=&#8221;341056&#8243; text_color_type=&#8221;uncode-palette&#8221;]semin\u00e1rios<br \/>\npreparat\u00f3rios[\/vc_custom_heading][vc_button button_color=&#8221;color-xsdn&#8221; radius=&#8221;btn-circle&#8221; border_width=&#8221;0&#8243; scale_mobile=&#8221;no&#8221; link=&#8221;url:https%3A%2F%2Fwww.jornadaebpmg.com.br%2F2024%2Fseminario-preparatorio%2F|title:Semin%C3%A1rio%20Preparat%C3%B3rio&#8221; button_color_type=&#8221;uncode-palette&#8221; uncode_shortcode_id=&#8221;119180&#8243;]CONFIRA AS DATAS E FOTOS[\/vc_button][vc_empty_space empty_h=&#8221;1&#8243; desktop_visibility=&#8221;yes&#8221; medium_visibility=&#8221;yes&#8221;][\/vc_column_inner][vc_column_inner column_width_percent=&#8221;100&#8243; position_vertical=&#8221;middle&#8221; align_horizontal=&#8221;align_center&#8221; gutter_size=&#8221;2&#8243; style=&#8221;dark&#8221; overlay_alpha=&#8221;50&#8243; shift_x=&#8221;0&#8243; shift_y=&#8221;0&#8243; shift_y_down=&#8221;0&#8243; z_index=&#8221;0&#8243; medium_width=&#8221;0&#8243; mobile_width=&#8221;0&#8243; css_animation=&#8221;bottom-t-top&#8221; animation_speed=&#8221;200&#8243; animation_delay=&#8221;300&#8243; width=&#8221;1\/4&#8243; uncode_shortcode_id=&#8221;135402&#8243;][vc_custom_heading text_color=&#8221;color-xsdn&#8221; heading_semantic=&#8221;h1&#8243; text_font=&#8221;font-175522&#8243; uncode_shortcode_id=&#8221;388086&#8243; text_color_type=&#8221;uncode-palette&#8221;]textos de<br \/>\norienta\u00e7\u00e3o[\/vc_custom_heading][vc_button button_color=&#8221;color-xsdn&#8221; radius=&#8221;btn-circle&#8221; border_width=&#8221;0&#8243; scale_mobile=&#8221;no&#8221; link=&#8221;url:https%3A%2F%2Fwww.jornadaebpmg.com.br%2F2024%2Ftextos-de-orientacao%2F|title:Textos%20de%20orienta%C3%A7%C3%A3o&#8221; button_color_type=&#8221;uncode-palette&#8221; uncode_shortcode_id=&#8221;138682&#8243;]ACESSE OS TEXTOS[\/vc_button][vc_empty_space empty_h=&#8221;1&#8243; desktop_visibility=&#8221;yes&#8221; medium_visibility=&#8221;yes&#8221;][\/vc_column_inner][vc_column_inner column_width_percent=&#8221;100&#8243; position_vertical=&#8221;middle&#8221; align_horizontal=&#8221;align_center&#8221; gutter_size=&#8221;2&#8243; overlay_alpha=&#8221;50&#8243; shift_x=&#8221;0&#8243; shift_y=&#8221;0&#8243; shift_y_down=&#8221;0&#8243; z_index=&#8221;0&#8243; medium_width=&#8221;0&#8243; mobile_width=&#8221;0&#8243; width=&#8221;1\/4&#8243; uncode_shortcode_id=&#8221;149491&#8243;][vc_custom_heading heading_semantic=&#8221;h1&#8243; text_font=&#8221;font-175522&#8243; uncode_shortcode_id=&#8221;701564&#8243; text_color_type=&#8221;uncode-solid&#8221; text_color_solid=&#8221;#ffd400&#8243;]programa<br \/>\n2024[\/vc_custom_heading][vc_button button_color=&#8221;color-xsdn&#8221; radius=&#8221;btn-circle&#8221; border_width=&#8221;0&#8243; icon_position=&#8221;right&#8221; scale_mobile=&#8221;no&#8221; link=&#8221;url:https%3A%2F%2Fwww.jornadaebpmg.com.br%2F2024%2Fwp-content%2Fuploads%2F2024%2F11%2FPROGRAMA-JORNADA-2024.pdf|title:Compre%20seu%20ingresso|target:_blank&#8221; button_color_type=&#8221;uncode-palette&#8221; uncode_shortcode_id=&#8221;142700&#8243; icon=&#8221;fa fa-arrow-right2&#8243;]PDF do programa 2024[\/vc_button][vc_empty_space empty_h=&#8221;1&#8243; desktop_visibility=&#8221;yes&#8221; medium_visibility=&#8221;yes&#8221;][\/vc_column_inner][\/vc_row_inner][vc_empty_space empty_h=&#8221;2&#8243;][\/vc_column][\/vc_row][vc_row row_height_percent=&#8221;0&#8243; overlay_alpha=&#8221;50&#8243; equal_height=&#8221;yes&#8221; gutter_size=&#8221;2&#8243; column_width_percent=&#8221;100&#8243; shift_y=&#8221;0&#8243; z_index=&#8221;0&#8243; enable_bottom_divider=&#8221;default&#8221; shape_bottom_invert=&#8221;yes&#8221; shape_bottom_h_use_pixel=&#8221;&#8221; shape_bottom_height=&#8221;50&#8243; shape_bottom_color=&#8221;color-569495&#8243; shape_bottom_opacity=&#8221;100&#8243; shape_bottom_safe=&#8221;yes&#8221; shape_bottom_index=&#8221;0&#8243; uncode_shortcode_id=&#8221;262023&#8243; shape_bottom_color_type=&#8221;uncode-palette&#8221;][vc_column column_width_percent=&#8221;100&#8243; position_vertical=&#8221;middle&#8221; align_horizontal=&#8221;align_center&#8221; gutter_size=&#8221;2&#8243; overlay_alpha=&#8221;50&#8243; shift_x=&#8221;0&#8243; shift_y=&#8221;0&#8243; shift_y_down=&#8221;0&#8243; z_index=&#8221;0&#8243; medium_width=&#8221;5&#8243; mobile_width=&#8221;7&#8243; width=&#8221;7\/12&#8243; uncode_shortcode_id=&#8221;115482&#8243;][vc_single_image media=&#8221;183&#8243; media_width_percent=&#8221;80&#8243; alignment=&#8221;center&#8221; rotating=&#8221;scroll&#8221; uncode_shortcode_id=&#8221;826239&#8243;][vc_empty_space empty_h=&#8221;1&#8243; desktop_visibility=&#8221;yes&#8221; medium_visibility=&#8221;yes&#8221;][vc_button button_color=&#8221;color-628142&#8243; radius=&#8221;btn-circle&#8221; border_width=&#8221;0&#8243; scale_mobile=&#8221;no&#8221; css_animation=&#8221;bottom-t-top&#8221; animation_speed=&#8221;300&#8243; animation_delay=&#8221;100&#8243; link=&#8221;url:https%3A%2F%2Fwww.jornadaebpmg.com.br%2F2024%2Flooping%2Flooping-texto%2F|title:Looping%20TEXTO&#8221; button_color_type=&#8221;uncode-palette&#8221; uncode_shortcode_id=&#8221;209311&#8243;]LOOPING-TEXTO[\/vc_button][vc_button button_color=&#8221;color-628142&#8243; radius=&#8221;btn-circle&#8221; border_width=&#8221;0&#8243; scale_mobile=&#8221;no&#8221; css_animation=&#8221;bottom-t-top&#8221; animation_speed=&#8221;300&#8243; animation_delay=&#8221;200&#8243; link=&#8221;url:https%3A%2F%2Fwww.jornadaebpmg.com.br%2F2024%2Flooping%2Flooping-imagem%2F|title:Looping%20TEXTO&#8221; button_color_type=&#8221;uncode-palette&#8221; uncode_shortcode_id=&#8221;464238&#8243;]LOOPING-IMAGEM[\/vc_button][vc_button button_color=&#8221;color-628142&#8243; radius=&#8221;btn-circle&#8221; border_width=&#8221;0&#8243; scale_mobile=&#8221;no&#8221; css_animation=&#8221;bottom-t-top&#8221; animation_speed=&#8221;300&#8243; animation_delay=&#8221;300&#8243; link=&#8221;url:https%3A%2F%2Fwww.jornadaebpmg.com.br%2F2024%2Flooping%2Flooping-citacao%2F|title:Looping%20TEXTO&#8221; button_color_type=&#8221;uncode-palette&#8221; uncode_shortcode_id=&#8221;220301&#8243;]LOOPING-CITA\u00c7\u00d5ES[\/vc_button][vc_button button_color=&#8221;color-628142&#8243; radius=&#8221;btn-circle&#8221; border_width=&#8221;0&#8243; scale_mobile=&#8221;no&#8221; css_animation=&#8221;bottom-t-top&#8221; animation_speed=&#8221;300&#8243; animation_delay=&#8221;400&#8243; link=&#8221;url:https%3A%2F%2Fwww.jornadaebpmg.com.br%2F2024%2Flooping%2Flooping-info%2F|title:Looping%20INFO&#8221; button_color_type=&#8221;uncode-palette&#8221; uncode_shortcode_id=&#8221;127887&#8243;]LOOPING-INFO[\/vc_button][\/vc_column][vc_column column_width_percent=&#8221;100&#8243; align_horizontal=&#8221;align_center&#8221; gutter_size=&#8221;3&#8243; back_color=&#8221;accent&#8221; overlay_alpha=&#8221;50&#8243; shift_x=&#8221;0&#8243; shift_y=&#8221;0&#8243; shift_y_down=&#8221;0&#8243; z_index=&#8221;0&#8243; medium_width=&#8221;3&#8243; mobile_width=&#8221;7&#8243; radius=&#8221;xl&#8221; shadow=&#8221;sm&#8221; width=&#8221;5\/12&#8243; uncode_shortcode_id=&#8221;173813&#8243; back_color_type=&#8221;uncode-palette&#8221;][vc_custom_heading text_color=&#8221;color-xsdn&#8221; heading_semantic=&#8221;h1&#8243; text_font=&#8221;font-175522&#8243; text_size=&#8221;h1&#8243; uncode_shortcode_id=&#8221;110198&#8243; text_color_type=&#8221;uncode-palette&#8221;]postagens recentes[\/vc_custom_heading][vc_single_image media=&#8221;887&#8243; media_width_percent=&#8221;85&#8243; alignment=&#8221;center&#8221; uncode_shortcode_id=&#8221;174939&#8243; media_link=&#8221;url:https%3A%2F%2Fwww.jornadaebpmg.com.br%2F2024%2Facolhimento%2F|title:Garanta%20seu%20ingresso!|target:_blank&#8221;][vc_single_image media=&#8221;871&#8243; media_width_percent=&#8221;85&#8243; alignment=&#8221;center&#8221; uncode_shortcode_id=&#8221;169970&#8243; media_link=&#8221;url:https%3A%2F%2Fbit.ly%2Ffesta27jornada|title:Garanta%20seu%20ingresso!|target:_blank&#8221;][vc_empty_space empty_h=&#8221;0&#8243;][\/vc_column][\/vc_row][vc_row row_height_percent=&#8221;0&#8243; back_color=&#8221;color-569495&#8243; overlay_alpha=&#8221;0&#8243; gutter_size=&#8221;3&#8243; column_width_percent=&#8221;100&#8243; shift_y=&#8221;0&#8243; z_index=&#8221;0&#8243; enable_bottom_divider=&#8221;default&#8221; shape_bottom_invert=&#8221;yes&#8221; shape_bottom_h_use_pixel=&#8221;&#8221; shape_bottom_height=&#8221;50&#8243; shape_bottom_color=&#8221;color-569495&#8243; shape_bottom_opacity=&#8221;100&#8243; shape_bottom_index=&#8221;0&#8243; uncode_shortcode_id=&#8221;231069&#8243; back_color_type=&#8221;uncode-palette&#8221; shape_bottom_color_type=&#8221;uncode-palette&#8221;][vc_column column_width_percent=&#8221;100&#8243; gutter_size=&#8221;3&#8243; style=&#8221;dark&#8221; overlay_alpha=&#8221;50&#8243; shift_x=&#8221;0&#8243; shift_y=&#8221;0&#8243; shift_y_down=&#8221;0&#8243; z_index=&#8221;0&#8243; medium_width=&#8221;0&#8243; align_mobile=&#8221;align_center_mobile&#8221; mobile_width=&#8221;0&#8243; width=&#8221;1\/1&#8243; uncode_shortcode_id=&#8221;180795&#8243;][uncode_index el_id=&#8221;index-1908307&#8243; loop=&#8221;size:3|order_by:date|post_type:page|tax_query:21|taxonomy_count:10&#8243; screen_lg=&#8221;1000&#8243; screen_md=&#8221;600&#8243; screen_sm=&#8221;480&#8243; gutter_size=&#8221;3&#8243; post_items=&#8221;media|featured|onpost|original,title,text|excerpt,link|default|default_size|scale_mobile|LEIA AQUI&#8221; page_items=&#8221;media|featured|onpost|original,title,link|circle|default_size|scale_mobile|+&#8221; single_text=&#8221;overlay&#8221; images_size=&#8221;sixteen-nine&#8221; single_overlay_color=&#8221;accent&#8221; single_overlay_blend=&#8221;multiply&#8221; single_overlay_opacity=&#8221;50&#8243; single_text_visible=&#8221;yes&#8221; single_text_anim=&#8221;no&#8221; single_image_magnetic=&#8221;yes&#8221; single_padding=&#8221;2&#8243; single_title_family=&#8221;font-175522&#8243; single_title_dimension=&#8221;h2&#8243; single_title_weight=&#8221;900&#8243; single_title_transform=&#8221;lowercase&#8221; single_shadow=&#8221;yes&#8221; shadow_weight=&#8221;sm&#8221; single_border=&#8221;yes&#8221; single_css_animation=&#8221;bottom-t-top&#8221; custom_order=&#8221;yes&#8221; no_double_tap=&#8221;yes&#8221; uncode_shortcode_id=&#8221;110896&#8243; order_ids=&#8221;16,12,13&#8243;][\/vc_column][\/vc_row][vc_row row_height_percent=&#8221;2&#8243; override_padding=&#8221;yes&#8221; h_padding=&#8221;0&#8243; top_padding=&#8221;0&#8243; bottom_padding=&#8221;0&#8243; back_color=&#8221;color-631678&#8243; overlay_alpha=&#8221;50&#8243; gutter_size=&#8221;3&#8243; column_width_percent=&#8221;100&#8243; shift_y=&#8221;0&#8243; z_index=&#8221;0&#8243; uncode_shortcode_id=&#8221;100113&#8243; back_color_type=&#8221;uncode-palette&#8221; css=&#8221;.vc_custom_1730811722590{padding-top: 10px !important;padding-bottom: 0px !important;}&#8221;][vc_column column_width_percent=&#8221;100&#8243; position_vertical=&#8221;middle&#8221; align_horizontal=&#8221;align_center&#8221; gutter_size=&#8221;3&#8243; style=&#8221;dark&#8221; overlay_alpha=&#8221;50&#8243; shift_x=&#8221;0&#8243; shift_y=&#8221;0&#8243; shift_y_down=&#8221;0&#8243; z_index=&#8221;0&#8243; medium_width=&#8221;0&#8243; mobile_width=&#8221;0&#8243; width=&#8221;1\/1&#8243; uncode_shortcode_id=&#8221;202830&#8243; css=&#8221;.vc_custom_1730811668164{padding-top: 0px !important;padding-bottom: 0px !important;}&#8221; link_to=&#8221;url:https%3A%2F%2Fbit.ly%2F27jornadaebpmg|title:Inscri%C3%A7%C3%B5es|target:_blank&#8221;][vc_custom_heading text_color=&#8221;color-xsdn&#8221; text_font=&#8221;font-175522&#8243; text_size=&#8221;h4&#8243; css_animation=&#8221;marquee&#8221; marquee_clone=&#8221;yes&#8221; uncode_shortcode_id=&#8221;391582&#8243; text_color_type=&#8221;uncode-palette&#8221;]INGRESSOS DISPON\u00cdVEIS PARA TRANSMISS\u00c3O POR V\u00cdDEO NO AUDIT\u00d3RIO \u00a0 \u00a0 \u00a0 \u00a0 \u00a0 \u00a0\u2022\u00a0 \u00a0 \u00a0 \u00a0 \u00a0 \u00a0 INGRESSOS DISPON\u00cdVEIS PARA TRANSMISS\u00c3O POR V\u00cdDEO NO AUDIT\u00d3RIO\u00a0 \u00a0 \u00a0 \u00a0 \u00a0 \u00a0 \u00a0\u2022\u00a0 \u00a0 \u00a0 \u00a0 \u00a0 INGRESSOS DISPON\u00cdVEIS PARA TRANSMISS\u00c3O POR V\u00cdDEO NO AUDIT\u00d3RIO \u00a0 \u00a0 \u00a0 \u00a0 \u00a0\u2022\u00a0 \u00a0 \u00a0 \u00a0 \u00a0 INGRESSOS DISPON\u00cdVEIS PARA TRANSMISS\u00c3O POR V\u00cdDEO NO AUDIT\u00d3RIO \u00a0 \u00a0 \u00a0 \u00a0 \u00a0 \u00a0 \u2022[\/vc_custom_heading][vc_empty_space empty_h=&#8221;0&#8243;][\/vc_column][\/vc_row]<\/p>\n<\/div>","protected":false},"excerpt":{"rendered":"<p>[vc_row row_height_percent=&#8221;0&#8243; back_color=&#8221;color-628142&#8243; overlay_alpha=&#8221;50&#8243; gutter_size=&#8221;3&#8243; column_width_percent=&#8221;100&#8243; shift_y=&#8221;-1&#8243; z_index=&#8221;5&#8243; enable_bottom_divider=&#8221;default&#8221; bottom_divider=&#8221;curve-asym&#8221; shape_bottom_h_use_pixel=&#8221;&#8221; shape_bottom_height=&#8221;50&#8243; shape_bottom_color=&#8221;color-xsdn&#8221; shape_bottom_opacity=&#8221;100&#8243; shape_bottom_index=&#8221;10&#8243; shape_bottom_responsive=&#8221;yes&#8221; uncode_shortcode_id=&#8221;654163&#8243; back_color_type=&#8221;uncode-palette&#8221; row_name=&#8221;destaques&#8221; shape_bottom_color_type=&#8221;uncode-palette&#8221; [&hellip;]<\/p>\n","protected":false},"author":1,"featured_media":133,"parent":0,"menu_order":0,"comment_status":"closed","ping_status":"closed","template":"","meta":{"footnotes":""},"class_list":["post-25","page","type-page","status-publish","has-post-thumbnail","hentry"],"aioseo_notices":[],"_links":{"self":[{"href":"https:\/\/www.jornadaebpmg.com.br\/2024\/wp-json\/wp\/v2\/pages\/25","targetHints":{"allow":["GET"]}}],"collection":[{"href":"https:\/\/www.jornadaebpmg.com.br\/2024\/wp-json\/wp\/v2\/pages"}],"about":[{"href":"https:\/\/www.jornadaebpmg.com.br\/2024\/wp-json\/wp\/v2\/types\/page"}],"author":[{"embeddable":true,"href":"https:\/\/www.jornadaebpmg.com.br\/2024\/wp-json\/wp\/v2\/users\/1"}],"replies":[{"embeddable":true,"href":"https:\/\/www.jornadaebpmg.com.br\/2024\/wp-json\/wp\/v2\/comments?post=25"}],"version-history":[{"count":10,"href":"https:\/\/www.jornadaebpmg.com.br\/2024\/wp-json\/wp\/v2\/pages\/25\/revisions"}],"predecessor-version":[{"id":245,"href":"https:\/\/www.jornadaebpmg.com.br\/2024\/wp-json\/wp\/v2\/pages\/25\/revisions\/245"}],"wp:featuredmedia":[{"embeddable":true,"href":"https:\/\/www.jornadaebpmg.com.br\/2024\/wp-json\/wp\/v2\/media\/133"}],"wp:attachment":[{"href":"https:\/\/www.jornadaebpmg.com.br\/2024\/wp-json\/wp\/v2\/media?parent=25"}],"curies":[{"name":"wp","href":"https:\/\/api.w.org\/{rel}","templated":true}]}}