{"id":9,"date":"2024-04-04T00:27:24","date_gmt":"2024-04-04T00:27:24","guid":{"rendered":"https:\/\/www.jornadaebpmg.com.br\/2024\/?page_id=9"},"modified":"2024-09-24T00:06:03","modified_gmt":"2024-09-24T00:06:03","slug":"argumento-eixos","status":"publish","type":"page","link":"https:\/\/www.jornadaebpmg.com.br\/2024\/argumento-eixos\/","title":{"rendered":"Argumento, Eixos e Cita\u00e7\u00f5es"},"content":{"rendered":"<div class=\"wpb-content-wrapper\"><p>[vc_row row_height_percent=&#8221;0&#8243; overlay_alpha=&#8221;50&#8243; equal_height=&#8221;yes&#8221; gutter_size=&#8221;3&#8243; column_width_percent=&#8221;100&#8243; shift_y=&#8221;0&#8243; z_index=&#8221;0&#8243; uncode_shortcode_id=&#8221;152695&#8243;][vc_column column_width_percent=&#8221;100&#8243; gutter_size=&#8221;3&#8243; back_color=&#8221;color-xsdn&#8221; overlay_alpha=&#8221;50&#8243; shift_x=&#8221;0&#8243; shift_y=&#8221;-2&#8243; shift_y_fixed=&#8221;yes&#8221; shift_y_down=&#8221;0&#8243; z_index=&#8221;0&#8243; medium_width=&#8221;4&#8243; mobile_width=&#8221;7&#8243; width=&#8221;1\/1&#8243; uncode_shortcode_id=&#8221;202851&#8243; back_color_type=&#8221;uncode-palette&#8221;][vc_row_inner][vc_column_inner column_width_percent=&#8221;100&#8243; gutter_size=&#8221;2&#8243; overlay_alpha=&#8221;50&#8243; shift_x=&#8221;0&#8243; shift_y=&#8221;0&#8243; shift_y_down=&#8221;0&#8243; z_index=&#8221;0&#8243; medium_width=&#8221;0&#8243; mobile_width=&#8221;0&#8243; width=&#8221;1\/1&#8243; uncode_shortcode_id=&#8221;683627&#8243;][vc_custom_heading text_color=&#8221;accent&#8221; heading_semantic=&#8221;h3&#8243; text_font=&#8221;font-175522&#8243; text_weight=&#8221;900&#8243; uncode_shortcode_id=&#8221;393046&#8243; text_color_type=&#8221;uncode-palette&#8221;]ARGUMENTO[\/vc_custom_heading][vc_separator sep_color=&#8221;accent&#8221; uncode_shortcode_id=&#8221;146360&#8243; sep_color_type=&#8221;uncode-palette&#8221; el_height=&#8221;1px&#8221;][vc_column_text uncode_shortcode_id=&#8221;151956&#8243;]O t\u00edtulo da 27\u00aa. Jornada da EBP-MG &#8211; &#8230; \u201ce as neuroses continuam existindo\u201d -, encontrado por S\u00e9rgio Laia a partir de algumas indica\u00e7\u00f5es de Simone Souto e de conversas com J\u00e9sus Santiago precede, com retic\u00eancias, a afirma\u00e7\u00e3o sobre a exist\u00eancia das neuroses. A escolha desse modo de intitular demarca certa continuidade com a investiga\u00e7\u00e3o da Jornada anterior, a 26\u00aa: \u201cH\u00e1 algo de novo nas psicoses, ainda\u201d.[\/vc_column_text][vc_empty_space empty_h=&#8221;1&#8243;][vc_button button_color=&#8221;accent&#8221; radius=&#8221;btn-circle&#8221; border_width=&#8221;0&#8243; link=&#8221;url:https%3A%2F%2Fwww.jornadaebpmg.com.br%2F2024%2Fargumento%2F|title:Argumento&#8221; uncode_shortcode_id=&#8221;184091&#8243; button_color_type=&#8221;uncode-palette&#8221;]LEIA O ARGUMENTO COMPLETO[\/vc_button][\/vc_column_inner][\/vc_row_inner][vc_row_inner][vc_column_inner column_width_percent=&#8221;100&#8243; gutter_size=&#8221;2&#8243; overlay_alpha=&#8221;50&#8243; shift_x=&#8221;0&#8243; shift_y=&#8221;0&#8243; shift_y_down=&#8221;0&#8243; z_index=&#8221;0&#8243; medium_width=&#8221;0&#8243; mobile_width=&#8221;0&#8243; width=&#8221;1\/1&#8243; uncode_shortcode_id=&#8221;102714&#8243;][vc_custom_heading text_color=&#8221;accent&#8221; heading_semantic=&#8221;h3&#8243; text_font=&#8221;font-175522&#8243; text_weight=&#8221;900&#8243; uncode_shortcode_id=&#8221;193957&#8243; text_color_type=&#8221;uncode-palette&#8221;]EIXOS[\/vc_custom_heading][vc_separator sep_color=&#8221;accent&#8221; uncode_shortcode_id=&#8221;146360&#8243; sep_color_type=&#8221;uncode-palette&#8221; el_height=&#8221;1px&#8221;][vc_column_text uncode_shortcode_id=&#8221;199539&#8243;]Atualmente, a cl\u00ednica das neuroses tem sido marcada por impasses no diagn\u00f3stico e na localiza\u00e7\u00e3o da demanda que dificultam a dire\u00e7\u00e3o do tratamento. Deparamo-nos com casos nos quais a trama ed\u00edpica n\u00e3o se evidencia como balizadora, mas que n\u00e3o se configuram como psicoses. Como sustentar uma pr\u00e1tica psicanal\u00edtica que leve em considera\u00e7\u00e3o as novas formas de apresenta\u00e7\u00e3o das neuroses no s\u00e9culo XXI? Como poder\u00edamos localizar e tratar os neur\u00f3ticos, se temos dificuldades para encontrar em muitos deles a refer\u00eancia ao Nome-do-pai, o consentimento com a castra\u00e7\u00e3o, a disjun\u00e7\u00e3o entre o significante e a puls\u00e3o? Como conceber a neurose sem necessariamente nos referirmos ao Outro? S\u00e3o quest\u00f5es que mobilizam a investiga\u00e7\u00e3o da 27\u00aa Jornada da EBP-MG. Dessas indaga\u00e7\u00f5es iniciais, discernimos tr\u00eas eixos de trabalho:[\/vc_column_text][vc_empty_space empty_h=&#8221;1&#8243;][vc_button button_color=&#8221;accent&#8221; radius=&#8221;btn-circle&#8221; border_width=&#8221;0&#8243; link=&#8221;url:https%3A%2F%2Fwww.jornadaebpmg.com.br%2F2024%2Feixos-de-trabalho%2F|title:Eixos&#8221; uncode_shortcode_id=&#8221;210493&#8243; button_color_type=&#8221;uncode-palette&#8221;]LEIA TODOS OS EIXOS[\/vc_button][\/vc_column_inner][\/vc_row_inner][\/vc_column][\/vc_row]<\/p>\n<\/div>","protected":false},"excerpt":{"rendered":"<p>[vc_row row_height_percent=&#8221;0&#8243; overlay_alpha=&#8221;50&#8243; equal_height=&#8221;yes&#8221; gutter_size=&#8221;3&#8243; column_width_percent=&#8221;100&#8243; shift_y=&#8221;0&#8243; z_index=&#8221;0&#8243; uncode_shortcode_id=&#8221;152695&#8243;][vc_column column_width_percent=&#8221;100&#8243; gutter_size=&#8221;3&#8243; back_color=&#8221;color-xsdn&#8221; overlay_alpha=&#8221;50&#8243; shift_x=&#8221;0&#8243; shift_y=&#8221;-2&#8243; shift_y_fixed=&#8221;yes&#8221; shift_y_down=&#8221;0&#8243; z_index=&#8221;0&#8243; medium_width=&#8221;4&#8243; mobile_width=&#8221;7&#8243; [&hellip;]<\/p>\n","protected":false},"author":1,"featured_media":0,"parent":0,"menu_order":0,"comment_status":"closed","ping_status":"closed","template":"","meta":{"footnotes":""},"class_list":["post-9","page","type-page","status-publish","hentry"],"aioseo_notices":[],"_links":{"self":[{"href":"https:\/\/www.jornadaebpmg.com.br\/2024\/wp-json\/wp\/v2\/pages\/9","targetHints":{"allow":["GET"]}}],"collection":[{"href":"https:\/\/www.jornadaebpmg.com.br\/2024\/wp-json\/wp\/v2\/pages"}],"about":[{"href":"https:\/\/www.jornadaebpmg.com.br\/2024\/wp-json\/wp\/v2\/types\/page"}],"author":[{"embeddable":true,"href":"https:\/\/www.jornadaebpmg.com.br\/2024\/wp-json\/wp\/v2\/users\/1"}],"replies":[{"embeddable":true,"href":"https:\/\/www.jornadaebpmg.com.br\/2024\/wp-json\/wp\/v2\/comments?post=9"}],"version-history":[{"count":10,"href":"https:\/\/www.jornadaebpmg.com.br\/2024\/wp-json\/wp\/v2\/pages\/9\/revisions"}],"predecessor-version":[{"id":707,"href":"https:\/\/www.jornadaebpmg.com.br\/2024\/wp-json\/wp\/v2\/pages\/9\/revisions\/707"}],"wp:attachment":[{"href":"https:\/\/www.jornadaebpmg.com.br\/2024\/wp-json\/wp\/v2\/media?parent=9"}],"curies":[{"name":"wp","href":"https:\/\/api.w.org\/{rel}","templated":true}]}}