{"id":19,"date":"2026-04-07T06:16:20","date_gmt":"2026-04-07T06:16:20","guid":{"rendered":"https:\/\/www.jornadaebpmg.com.br\/2026\/?page_id=19"},"modified":"2026-04-09T20:22:20","modified_gmt":"2026-04-09T20:22:20","slug":"seminarios-preparatorios","status":"publish","type":"page","link":"https:\/\/www.jornadaebpmg.com.br\/2026\/seminarios-preparatorios\/","title":{"rendered":"Semin\u00e1rios preparat\u00f3rios"},"content":{"rendered":"<div class=\"wpb-content-wrapper\"><p>[vc_row row_height_percent=&#8221;0&#8243; back_color=&#8221;color-251008&#8243; overlay_alpha=&#8221;50&#8243; gutter_size=&#8221;3&#8243; column_width_percent=&#8221;100&#8243; shift_y=&#8221;0&#8243; z_index=&#8221;0&#8243; content_parallax=&#8221;0&#8243; uncode_shortcode_id=&#8221;163681&#8243; back_color_type=&#8221;uncode-palette&#8221;][vc_column width=&#8221;1\/1&#8243;][vc_custom_heading auto_text=&#8221;yes&#8221; text_color=&#8221;color-210407&#8243; text_font=&#8221;font-175661&#8243; uncode_shortcode_id=&#8221;142339&#8243; text_color_type=&#8221;uncode-palette&#8221;]Semin\u00e1rios preparat\u00f3rios[\/vc_custom_heading][vc_row_inner][vc_column_inner column_width_percent=&#8221;100&#8243; gutter_size=&#8221;3&#8243; override_padding=&#8221;yes&#8221; column_padding=&#8221;2&#8243; overlay_color=&#8221;color-nhtu&#8221; overlay_alpha=&#8221;5&#8243; shift_x=&#8221;0&#8243; shift_y=&#8221;0&#8243; shift_y_down=&#8221;0&#8243; z_index=&#8221;0&#8243; medium_width=&#8221;0&#8243; mobile_width=&#8221;0&#8243; width=&#8221;1\/2&#8243; uncode_shortcode_id=&#8221;100124&#8243; overlay_color_type=&#8221;uncode-palette&#8221;][vc_custom_heading text_color=&#8221;color-jevc&#8221; text_font=&#8221;font-175661&#8243; text_size=&#8221;h3&#8243; uncode_shortcode_id=&#8221;173443&#8243; text_color_type=&#8221;uncode-palette&#8221;]<strong>Abertura<\/strong>[\/vc_custom_heading][vc_column_text uncode_shortcode_id=&#8221;135763&#8243;]Ludmilla F\u00e9res Faria (Diretora da EBP-MG)<\/p>\n<p>Maria de F\u00e1tima Ferreira (Coordenadora da 28\u00aa Jornada)<\/p>\n<p>M\u00f4nica Campos Silva (Coordenadora da 28\u00aa Jornada)<\/p>\n<p>Data: 09\/04<br \/>\nHor\u00e1rio: 20h30<br \/>\nLocal: Sede da EBP-MG[\/vc_column_text][\/vc_column_inner][vc_column_inner column_width_percent=&#8221;100&#8243; gutter_size=&#8221;3&#8243; override_padding=&#8221;yes&#8221; column_padding=&#8221;2&#8243; overlay_color=&#8221;color-jevc&#8221; overlay_alpha=&#8221;5&#8243; shift_x=&#8221;0&#8243; shift_y=&#8221;0&#8243; shift_y_down=&#8221;0&#8243; z_index=&#8221;0&#8243; medium_width=&#8221;0&#8243; mobile_width=&#8221;0&#8243; width=&#8221;1\/2&#8243; uncode_shortcode_id=&#8221;183968&#8243; overlay_color_type=&#8221;uncode-palette&#8221;][vc_custom_heading text_color=&#8221;color-jevc&#8221; text_font=&#8221;font-175661&#8243; text_size=&#8221;h3&#8243; uncode_shortcode_id=&#8221;183922&#8243; text_color_type=&#8221;uncode-palette&#8221;]<strong>Eixo 1 &#8211; <em>Separar<\/em><\/strong>[\/vc_custom_heading][vc_column_text uncode_shortcode_id=&#8221;134460&#8243;]Cartel: Cristiana Pittella, Daniela Viola, Frederico Feu, Lu\u00eds Couto, Maria de F\u00e1tima Ferreira, Vin\u00edcius Lima.<\/p>\n<p>Mais-um : S\u00e9rgio Laia<\/p>\n<p>Data: 11\/06<br \/>\nHor\u00e1rio: 20h30<br \/>\nLocal: Sede da EBP-MG[\/vc_column_text][\/vc_column_inner][\/vc_row_inner][vc_row_inner][vc_column_inner column_width_percent=&#8221;100&#8243; gutter_size=&#8221;3&#8243; override_padding=&#8221;yes&#8221; column_padding=&#8221;2&#8243; overlay_color=&#8221;color-jevc&#8221; overlay_alpha=&#8221;5&#8243; shift_x=&#8221;0&#8243; shift_y=&#8221;0&#8243; shift_y_down=&#8221;0&#8243; z_index=&#8221;0&#8243; medium_width=&#8221;0&#8243; mobile_width=&#8221;0&#8243; width=&#8221;1\/2&#8243; uncode_shortcode_id=&#8221;121179&#8243; overlay_color_type=&#8221;uncode-palette&#8221;][vc_custom_heading text_color=&#8221;color-jevc&#8221; text_font=&#8221;font-175661&#8243; text_size=&#8221;h3&#8243; uncode_shortcode_id=&#8221;200828&#8243; text_color_type=&#8221;uncode-palette&#8221;]<strong>Eixo 2 &#8211; <em>Fazer par<\/em><\/strong>[\/vc_custom_heading][vc_column_text uncode_shortcode_id=&#8221;154286&#8243;]Cartel: Anam\u00e1ris Pinto, B\u00e1rbara Afonso, Bernardo Micherif, Ernesto Anzalone, Helenice de Castro, Henri Kaufmanner.<\/p>\n<p>Mais-um: Elisa Alvarenga<\/p>\n<p>Data: 06\/08<br \/>\nHor\u00e1rio: 20h30<br \/>\nLocal: Sede da EBP-MG[\/vc_column_text][\/vc_column_inner][vc_column_inner column_width_percent=&#8221;100&#8243; gutter_size=&#8221;3&#8243; override_padding=&#8221;yes&#8221; column_padding=&#8221;2&#8243; overlay_color=&#8221;color-jevc&#8221; overlay_alpha=&#8221;5&#8243; shift_x=&#8221;0&#8243; shift_y=&#8221;0&#8243; shift_y_down=&#8221;0&#8243; z_index=&#8221;0&#8243; medium_width=&#8221;0&#8243; mobile_width=&#8221;0&#8243; width=&#8221;1\/2&#8243; uncode_shortcode_id=&#8221;153305&#8243; overlay_color_type=&#8221;uncode-palette&#8221;][vc_custom_heading text_color=&#8221;color-jevc&#8221; text_font=&#8221;font-175661&#8243; text_size=&#8221;h3&#8243; uncode_shortcode_id=&#8221;155358&#8243; text_color_type=&#8221;uncode-palette&#8221;]<strong>Eixo 3 &#8211; <em>Interpretar<\/em><\/strong>[\/vc_custom_heading][vc_column_text uncode_shortcode_id=&#8221;113411&#8243;]Cartel: Cristina Vidigal, Fernanda Costa, Helo\u00edsa Bed\u00ea, Lilany Pacheco, M\u00f4nica Campos, Ram Mandil.<\/p>\n<p>Mais-um : Maria Jos\u00e9 Gontijo Salum<\/p>\n<p>Data: 03\/09<br \/>\nHor\u00e1rio: 20h30<br \/>\nLocal: Sede da EBP-MG[\/vc_column_text][\/vc_column_inner][\/vc_row_inner][\/vc_column][\/vc_row]<\/p>\n<\/div>","protected":false},"excerpt":{"rendered":"<p>[vc_row row_height_percent=&#8221;0&#8243; back_color=&#8221;color-251008&#8243; overlay_alpha=&#8221;50&#8243; gutter_size=&#8221;3&#8243; column_width_percent=&#8221;100&#8243; shift_y=&#8221;0&#8243; z_index=&#8221;0&#8243; content_parallax=&#8221;0&#8243; uncode_shortcode_id=&#8221;163681&#8243; back_color_type=&#8221;uncode-palette&#8221;][vc_column width=&#8221;1\/1&#8243;][vc_custom_heading auto_text=&#8221;yes&#8221; text_color=&#8221;color-210407&#8243; text_font=&#8221;font-175661&#8243; uncode_shortcode_id=&#8221;142339&#8243; text_color_type=&#8221;uncode-palette&#8221;]Semin\u00e1rios preparat\u00f3rios[\/vc_custom_heading][vc_row_inner][vc_column_inner column_width_percent=&#8221;100&#8243; gutter_size=&#8221;3&#8243; [&hellip;]<\/p>\n","protected":false},"author":1,"featured_media":0,"parent":0,"menu_order":0,"comment_status":"closed","ping_status":"closed","template":"","meta":{"footnotes":""},"class_list":["post-19","page","type-page","status-publish","hentry"],"yoast_head":"<!-- This site is optimized with the Yoast SEO plugin v27.3 - https:\/\/yoast.com\/product\/yoast-seo-wordpress\/ -->\n<title>Semin\u00e1rios preparat\u00f3rios - 28\u00aa Jornada da Escola Brasileira de Psican\u00e1lise - Minas Gerais<\/title>\n<meta name=\"robots\" content=\"noindex, follow, max-snippet:-1, max-image-preview:large, max-video-preview:-1\" \/>\n<meta property=\"og:locale\" content=\"pt_BR\" \/>\n<meta property=\"og:type\" content=\"article\" \/>\n<meta property=\"og:title\" content=\"Semin\u00e1rios preparat\u00f3rios - 28\u00aa Jornada da Escola Brasileira de Psican\u00e1lise - Minas Gerais\" \/>\n<meta property=\"og:description\" content=\"[vc_row row_height_percent=&#8221;0&#8243; back_color=&#8221;color-251008&#8243; overlay_alpha=&#8221;50&#8243; gutter_size=&#8221;3&#8243; column_width_percent=&#8221;100&#8243; shift_y=&#8221;0&#8243; z_index=&#8221;0&#8243; content_parallax=&#8221;0&#8243; uncode_shortcode_id=&#8221;163681&#8243; back_color_type=&#8221;uncode-palette&#8221;][vc_column width=&#8221;1\/1&#8243;][vc_custom_heading auto_text=&#8221;yes&#8221; text_color=&#8221;color-210407&#8243; text_font=&#8221;font-175661&#8243; uncode_shortcode_id=&#8221;142339&#8243; text_color_type=&#8221;uncode-palette&#8221;]Semin\u00e1rios preparat\u00f3rios[\/vc_custom_heading][vc_row_inner][vc_column_inner column_width_percent=&#8221;100&#8243; gutter_size=&#8221;3&#8243; [&hellip;]\" \/>\n<meta property=\"og:url\" content=\"https:\/\/www.jornadaebpmg.com.br\/2026\/seminarios-preparatorios\/\" \/>\n<meta property=\"og:site_name\" content=\"28\u00aa Jornada da Escola Brasileira de Psican\u00e1lise - Minas Gerais\" \/>\n<meta property=\"article:modified_time\" content=\"2026-04-09T20:22:20+00:00\" \/>\n<meta name=\"twitter:card\" content=\"summary_large_image\" \/>\n<meta name=\"twitter:label1\" content=\"Est. tempo de leitura\" \/>\n\t<meta name=\"twitter:data1\" content=\"2 minutos\" \/>\n<script type=\"application\/ld+json\" class=\"yoast-schema-graph\">{\"@context\":\"https:\\\/\\\/schema.org\",\"@graph\":[{\"@type\":\"WebPage\",\"@id\":\"https:\\\/\\\/www.jornadaebpmg.com.br\\\/2026\\\/seminarios-preparatorios\\\/\",\"url\":\"https:\\\/\\\/www.jornadaebpmg.com.br\\\/2026\\\/seminarios-preparatorios\\\/\",\"name\":\"Semin\u00e1rios preparat\u00f3rios - 28\u00aa Jornada da Escola Brasileira de Psican\u00e1lise - Minas Gerais\",\"isPartOf\":{\"@id\":\"https:\\\/\\\/www.jornadaebpmg.com.br\\\/2026\\\/#website\"},\"datePublished\":\"2026-04-07T06:16:20+00:00\",\"dateModified\":\"2026-04-09T20:22:20+00:00\",\"breadcrumb\":{\"@id\":\"https:\\\/\\\/www.jornadaebpmg.com.br\\\/2026\\\/seminarios-preparatorios\\\/#breadcrumb\"},\"inLanguage\":\"pt-BR\",\"potentialAction\":[{\"@type\":\"ReadAction\",\"target\":[\"https:\\\/\\\/www.jornadaebpmg.com.br\\\/2026\\\/seminarios-preparatorios\\\/\"]}]},{\"@type\":\"BreadcrumbList\",\"@id\":\"https:\\\/\\\/www.jornadaebpmg.com.br\\\/2026\\\/seminarios-preparatorios\\\/#breadcrumb\",\"itemListElement\":[{\"@type\":\"ListItem\",\"position\":1,\"name\":\"Home\",\"item\":\"https:\\\/\\\/www.jornadaebpmg.com.br\\\/2026\\\/\"},{\"@type\":\"ListItem\",\"position\":2,\"name\":\"Semin\u00e1rios preparat\u00f3rios\"}]},{\"@type\":\"WebSite\",\"@id\":\"https:\\\/\\\/www.jornadaebpmg.com.br\\\/2026\\\/#website\",\"url\":\"https:\\\/\\\/www.jornadaebpmg.com.br\\\/2026\\\/\",\"name\":\"28\u00aa Jornada EBP-MG\",\"description\":\"\",\"publisher\":{\"@id\":\"https:\\\/\\\/www.jornadaebpmg.com.br\\\/2026\\\/#organization\"},\"potentialAction\":[{\"@type\":\"SearchAction\",\"target\":{\"@type\":\"EntryPoint\",\"urlTemplate\":\"https:\\\/\\\/www.jornadaebpmg.com.br\\\/2026\\\/?s={search_term_string}\"},\"query-input\":{\"@type\":\"PropertyValueSpecification\",\"valueRequired\":true,\"valueName\":\"search_term_string\"}}],\"inLanguage\":\"pt-BR\"},{\"@type\":\"Organization\",\"@id\":\"https:\\\/\\\/www.jornadaebpmg.com.br\\\/2026\\\/#organization\",\"name\":\"Escola Brasileira de Psican\u00e1lise - Sess\u00e3o MG\",\"url\":\"https:\\\/\\\/www.jornadaebpmg.com.br\\\/2026\\\/\",\"logo\":{\"@type\":\"ImageObject\",\"inLanguage\":\"pt-BR\",\"@id\":\"https:\\\/\\\/www.jornadaebpmg.com.br\\\/2026\\\/#\\\/schema\\\/logo\\\/image\\\/\",\"url\":\"https:\\\/\\\/www.jornadaebpmg.com.br\\\/2026\\\/wp-content\\\/uploads\\\/2026\\\/04\\\/titulo.png\",\"contentUrl\":\"https:\\\/\\\/www.jornadaebpmg.com.br\\\/2026\\\/wp-content\\\/uploads\\\/2026\\\/04\\\/titulo.png\",\"width\":650,\"height\":300,\"caption\":\"Escola Brasileira de Psican\u00e1lise - Sess\u00e3o MG\"},\"image\":{\"@id\":\"https:\\\/\\\/www.jornadaebpmg.com.br\\\/2026\\\/#\\\/schema\\\/logo\\\/image\\\/\"}}]}<\/script>\n<!-- \/ Yoast SEO plugin. -->","yoast_head_json":{"title":"Semin\u00e1rios preparat\u00f3rios - 28\u00aa Jornada da Escola Brasileira de Psican\u00e1lise - Minas Gerais","robots":{"index":"noindex","follow":"follow","max-snippet":"max-snippet:-1","max-image-preview":"max-image-preview:large","max-video-preview":"max-video-preview:-1"},"og_locale":"pt_BR","og_type":"article","og_title":"Semin\u00e1rios preparat\u00f3rios - 28\u00aa Jornada da Escola Brasileira de Psican\u00e1lise - Minas Gerais","og_description":"[vc_row row_height_percent=&#8221;0&#8243; back_color=&#8221;color-251008&#8243; overlay_alpha=&#8221;50&#8243; gutter_size=&#8221;3&#8243; column_width_percent=&#8221;100&#8243; shift_y=&#8221;0&#8243; z_index=&#8221;0&#8243; content_parallax=&#8221;0&#8243; uncode_shortcode_id=&#8221;163681&#8243; back_color_type=&#8221;uncode-palette&#8221;][vc_column width=&#8221;1\/1&#8243;][vc_custom_heading auto_text=&#8221;yes&#8221; text_color=&#8221;color-210407&#8243; text_font=&#8221;font-175661&#8243; uncode_shortcode_id=&#8221;142339&#8243; text_color_type=&#8221;uncode-palette&#8221;]Semin\u00e1rios preparat\u00f3rios[\/vc_custom_heading][vc_row_inner][vc_column_inner column_width_percent=&#8221;100&#8243; gutter_size=&#8221;3&#8243; [&hellip;]","og_url":"https:\/\/www.jornadaebpmg.com.br\/2026\/seminarios-preparatorios\/","og_site_name":"28\u00aa Jornada da Escola Brasileira de Psican\u00e1lise - Minas Gerais","article_modified_time":"2026-04-09T20:22:20+00:00","twitter_card":"summary_large_image","twitter_misc":{"Est. tempo de leitura":"2 minutos"},"schema":{"@context":"https:\/\/schema.org","@graph":[{"@type":"WebPage","@id":"https:\/\/www.jornadaebpmg.com.br\/2026\/seminarios-preparatorios\/","url":"https:\/\/www.jornadaebpmg.com.br\/2026\/seminarios-preparatorios\/","name":"Semin\u00e1rios preparat\u00f3rios - 28\u00aa Jornada da Escola Brasileira de Psican\u00e1lise - Minas Gerais","isPartOf":{"@id":"https:\/\/www.jornadaebpmg.com.br\/2026\/#website"},"datePublished":"2026-04-07T06:16:20+00:00","dateModified":"2026-04-09T20:22:20+00:00","breadcrumb":{"@id":"https:\/\/www.jornadaebpmg.com.br\/2026\/seminarios-preparatorios\/#breadcrumb"},"inLanguage":"pt-BR","potentialAction":[{"@type":"ReadAction","target":["https:\/\/www.jornadaebpmg.com.br\/2026\/seminarios-preparatorios\/"]}]},{"@type":"BreadcrumbList","@id":"https:\/\/www.jornadaebpmg.com.br\/2026\/seminarios-preparatorios\/#breadcrumb","itemListElement":[{"@type":"ListItem","position":1,"name":"Home","item":"https:\/\/www.jornadaebpmg.com.br\/2026\/"},{"@type":"ListItem","position":2,"name":"Semin\u00e1rios preparat\u00f3rios"}]},{"@type":"WebSite","@id":"https:\/\/www.jornadaebpmg.com.br\/2026\/#website","url":"https:\/\/www.jornadaebpmg.com.br\/2026\/","name":"28\u00aa Jornada EBP-MG","description":"","publisher":{"@id":"https:\/\/www.jornadaebpmg.com.br\/2026\/#organization"},"potentialAction":[{"@type":"SearchAction","target":{"@type":"EntryPoint","urlTemplate":"https:\/\/www.jornadaebpmg.com.br\/2026\/?s={search_term_string}"},"query-input":{"@type":"PropertyValueSpecification","valueRequired":true,"valueName":"search_term_string"}}],"inLanguage":"pt-BR"},{"@type":"Organization","@id":"https:\/\/www.jornadaebpmg.com.br\/2026\/#organization","name":"Escola Brasileira de Psican\u00e1lise - Sess\u00e3o MG","url":"https:\/\/www.jornadaebpmg.com.br\/2026\/","logo":{"@type":"ImageObject","inLanguage":"pt-BR","@id":"https:\/\/www.jornadaebpmg.com.br\/2026\/#\/schema\/logo\/image\/","url":"https:\/\/www.jornadaebpmg.com.br\/2026\/wp-content\/uploads\/2026\/04\/titulo.png","contentUrl":"https:\/\/www.jornadaebpmg.com.br\/2026\/wp-content\/uploads\/2026\/04\/titulo.png","width":650,"height":300,"caption":"Escola Brasileira de Psican\u00e1lise - Sess\u00e3o MG"},"image":{"@id":"https:\/\/www.jornadaebpmg.com.br\/2026\/#\/schema\/logo\/image\/"}}]}},"_links":{"self":[{"href":"https:\/\/www.jornadaebpmg.com.br\/2026\/wp-json\/wp\/v2\/pages\/19","targetHints":{"allow":["GET"]}}],"collection":[{"href":"https:\/\/www.jornadaebpmg.com.br\/2026\/wp-json\/wp\/v2\/pages"}],"about":[{"href":"https:\/\/www.jornadaebpmg.com.br\/2026\/wp-json\/wp\/v2\/types\/page"}],"author":[{"embeddable":true,"href":"https:\/\/www.jornadaebpmg.com.br\/2026\/wp-json\/wp\/v2\/users\/1"}],"replies":[{"embeddable":true,"href":"https:\/\/www.jornadaebpmg.com.br\/2026\/wp-json\/wp\/v2\/comments?post=19"}],"version-history":[{"count":10,"href":"https:\/\/www.jornadaebpmg.com.br\/2026\/wp-json\/wp\/v2\/pages\/19\/revisions"}],"predecessor-version":[{"id":213,"href":"https:\/\/www.jornadaebpmg.com.br\/2026\/wp-json\/wp\/v2\/pages\/19\/revisions\/213"}],"wp:attachment":[{"href":"https:\/\/www.jornadaebpmg.com.br\/2026\/wp-json\/wp\/v2\/media?parent=19"}],"curies":[{"name":"wp","href":"https:\/\/api.w.org\/{rel}","templated":true}]}}