{"id":27,"date":"2026-04-07T06:18:00","date_gmt":"2026-04-07T06:18:00","guid":{"rendered":"https:\/\/www.jornadaebpmg.com.br\/2026\/?page_id=27"},"modified":"2026-04-09T20:20:15","modified_gmt":"2026-04-09T20:20:15","slug":"bibliografia","status":"publish","type":"page","link":"https:\/\/www.jornadaebpmg.com.br\/2026\/bibliografia\/","title":{"rendered":"Bibliografia"},"content":{"rendered":"<div class=\"wpb-content-wrapper\"><p>[vc_row row_height_percent=&#8221;0&#8243; back_color=&#8221;color-251008&#8243; overlay_alpha=&#8221;50&#8243; gutter_size=&#8221;3&#8243; column_width_percent=&#8221;100&#8243; shift_y=&#8221;0&#8243; z_index=&#8221;0&#8243; content_parallax=&#8221;0&#8243; uncode_shortcode_id=&#8221;163681&#8243; back_color_type=&#8221;uncode-palette&#8221;][vc_column width=&#8221;1\/1&#8243;][vc_custom_heading text_color=&#8221;color-210407&#8243; text_font=&#8221;font-175661&#8243; uncode_shortcode_id=&#8221;721066&#8243; text_color_type=&#8221;uncode-palette&#8221;]Refer\u00eancias B\u00e1sicas[\/vc_custom_heading][vc_row_inner][vc_column_inner column_width_percent=&#8221;100&#8243; gutter_size=&#8221;3&#8243; override_padding=&#8221;yes&#8221; column_padding=&#8221;2&#8243; overlay_color=&#8221;color-nhtu&#8221; overlay_alpha=&#8221;5&#8243; shift_x=&#8221;0&#8243; shift_y=&#8221;0&#8243; shift_y_down=&#8221;0&#8243; z_index=&#8221;0&#8243; medium_width=&#8221;0&#8243; mobile_width=&#8221;0&#8243; width=&#8221;1\/1&#8243; uncode_shortcode_id=&#8221;100124&#8243; overlay_color_type=&#8221;uncode-palette&#8221;][vc_column_text uncode_shortcode_id=&#8221;113374&#8243;]FREUD, S. <em>Obras Incompletas de Sigmund Freud: Fundamentos da Cl\u00ednica<\/em> <em>Psicanal\u00edtica<\/em>. Tradu\u00e7\u00e3o de Claudia Dornbusch. Belo Horizonte: Aut\u00eantica, 2017. (Trabalhos originais publicados entre 1890 e 1937).<\/p>\n<p>LACAN, J. A dire\u00e7\u00e3o do tratamento e os princ\u00edpios de seu poder. In: <em>Escritos<\/em>. Tradu\u00e7\u00e3o de Vera Ribeiro. Rio de Janeiro: Jorge Zahar Editor, 1998, p. 591-652. (Trabalho original proferido em 1958).<\/p>\n<p>LACAN, J. <em>O Semin\u00e1rio, livro 11: <\/em>Os quatro conceitos fundamentais da psican\u00e1lise. Texto estabelecido por Jacques-Alain Miller. Tradu\u00e7\u00e3o de M. D. Magno. Rio de Janeiro: Jorge Zahar Editor, 1988. (Trabalho original proferido em 1964).<\/p>\n<p>LACAN, J. <em>O Semin\u00e1rio, livro 14: <\/em>A l\u00f3gica do fantasma. Texto estabelecido por Jacques-Alain Miller. Tradu\u00e7\u00e3o de Teresinha N. Meirelles do Prado. Rio de Janeiro: Zahar, 2024. (Trabalho original proferido em 1966-1967).<\/p>\n<p>LACAN, J. <em>O Semin\u00e1rio, livro 15: <\/em>O ato psicanal\u00edtico. Texto estabelecido por Jacques-Alain Miller. Tradu\u00e7\u00e3o de Teresinha N. Meirelles do Prado. Rio de Janeiro: Zahar, 2025. (Trabalho original proferido em 1967-1968).<\/p>\n<p>LACAN, J. A l\u00f3gica da fantasia. In: <em>Outros Escritos. <\/em>Tradu\u00e7\u00e3o de Vera Ribeiro. Rio de Janeiro: Zahar, 2003, p. 323-328. (Trabalho original publicado em 1969).<\/p>\n<p>LACAN, J. O ato psicanal\u00edtico. In: <em>Outros Escritos. <\/em>Tradu\u00e7\u00e3o de Vera Ribeiro. Rio de Janeiro: Zahar, 2003, p. 371-379. (Trabalho original publicado em 1969).<\/p>\n<p>MILLER, J.-A. <em>Sutilezas anal\u00edticas<\/em>. <em>Los cursos psicoanal\u00edticos de Jacques-Alain Miller. <\/em>Tradu\u00e7\u00e3o de Silvia Baudini. Buenos Aires: Paid\u00f3s, 2011.<\/p>\n<p>MILLER, J.-A. <em>Perspectivas dos Escritos e Outros escritos de Lacan<\/em>. Rio de Janeiro: Zahar, 2011.<\/p>\n<p>[\/vc_column_text][\/vc_column_inner][\/vc_row_inner][\/vc_column][\/vc_row]<\/p>\n<\/div>","protected":false},"excerpt":{"rendered":"<p>[vc_row row_height_percent=&#8221;0&#8243; back_color=&#8221;color-251008&#8243; overlay_alpha=&#8221;50&#8243; gutter_size=&#8221;3&#8243; column_width_percent=&#8221;100&#8243; shift_y=&#8221;0&#8243; z_index=&#8221;0&#8243; content_parallax=&#8221;0&#8243; uncode_shortcode_id=&#8221;163681&#8243; back_color_type=&#8221;uncode-palette&#8221;][vc_column width=&#8221;1\/1&#8243;][vc_custom_heading text_color=&#8221;color-210407&#8243; text_font=&#8221;font-175661&#8243; uncode_shortcode_id=&#8221;721066&#8243; text_color_type=&#8221;uncode-palette&#8221;]Refer\u00eancias B\u00e1sicas[\/vc_custom_heading][vc_row_inner][vc_column_inner column_width_percent=&#8221;100&#8243; gutter_size=&#8221;3&#8243; override_padding=&#8221;yes&#8221; [&hellip;]<\/p>\n","protected":false},"author":1,"featured_media":0,"parent":0,"menu_order":0,"comment_status":"closed","ping_status":"closed","template":"","meta":{"footnotes":""},"class_list":["post-27","page","type-page","status-publish","hentry"],"yoast_head":"<!-- This site is optimized with the Yoast SEO plugin v27.3 - https:\/\/yoast.com\/product\/yoast-seo-wordpress\/ -->\n<title>Bibliografia - 28\u00aa Jornada da Escola Brasileira de Psican\u00e1lise - Minas Gerais<\/title>\n<meta name=\"robots\" content=\"noindex, follow, max-snippet:-1, max-image-preview:large, max-video-preview:-1\" \/>\n<meta property=\"og:locale\" content=\"pt_BR\" \/>\n<meta property=\"og:type\" content=\"article\" \/>\n<meta property=\"og:title\" content=\"Bibliografia - 28\u00aa Jornada da Escola Brasileira de Psican\u00e1lise - Minas Gerais\" \/>\n<meta property=\"og:description\" content=\"[vc_row row_height_percent=&#8221;0&#8243; back_color=&#8221;color-251008&#8243; overlay_alpha=&#8221;50&#8243; gutter_size=&#8221;3&#8243; column_width_percent=&#8221;100&#8243; shift_y=&#8221;0&#8243; z_index=&#8221;0&#8243; content_parallax=&#8221;0&#8243; uncode_shortcode_id=&#8221;163681&#8243; back_color_type=&#8221;uncode-palette&#8221;][vc_column width=&#8221;1\/1&#8243;][vc_custom_heading text_color=&#8221;color-210407&#8243; text_font=&#8221;font-175661&#8243; uncode_shortcode_id=&#8221;721066&#8243; text_color_type=&#8221;uncode-palette&#8221;]Refer\u00eancias B\u00e1sicas[\/vc_custom_heading][vc_row_inner][vc_column_inner column_width_percent=&#8221;100&#8243; gutter_size=&#8221;3&#8243; override_padding=&#8221;yes&#8221; [&hellip;]\" \/>\n<meta property=\"og:url\" content=\"https:\/\/www.jornadaebpmg.com.br\/2026\/bibliografia\/\" \/>\n<meta property=\"og:site_name\" content=\"28\u00aa Jornada da Escola Brasileira de Psican\u00e1lise - Minas Gerais\" \/>\n<meta property=\"article:modified_time\" content=\"2026-04-09T20:20:15+00:00\" \/>\n<meta name=\"twitter:card\" content=\"summary_large_image\" \/>\n<meta name=\"twitter:label1\" content=\"Est. tempo de leitura\" \/>\n\t<meta name=\"twitter:data1\" content=\"2 minutos\" \/>\n<script type=\"application\/ld+json\" class=\"yoast-schema-graph\">{\"@context\":\"https:\\\/\\\/schema.org\",\"@graph\":[{\"@type\":\"WebPage\",\"@id\":\"https:\\\/\\\/www.jornadaebpmg.com.br\\\/2026\\\/bibliografia\\\/\",\"url\":\"https:\\\/\\\/www.jornadaebpmg.com.br\\\/2026\\\/bibliografia\\\/\",\"name\":\"Bibliografia - 28\u00aa Jornada da Escola Brasileira de Psican\u00e1lise - Minas Gerais\",\"isPartOf\":{\"@id\":\"https:\\\/\\\/www.jornadaebpmg.com.br\\\/2026\\\/#website\"},\"datePublished\":\"2026-04-07T06:18:00+00:00\",\"dateModified\":\"2026-04-09T20:20:15+00:00\",\"breadcrumb\":{\"@id\":\"https:\\\/\\\/www.jornadaebpmg.com.br\\\/2026\\\/bibliografia\\\/#breadcrumb\"},\"inLanguage\":\"pt-BR\",\"potentialAction\":[{\"@type\":\"ReadAction\",\"target\":[\"https:\\\/\\\/www.jornadaebpmg.com.br\\\/2026\\\/bibliografia\\\/\"]}]},{\"@type\":\"BreadcrumbList\",\"@id\":\"https:\\\/\\\/www.jornadaebpmg.com.br\\\/2026\\\/bibliografia\\\/#breadcrumb\",\"itemListElement\":[{\"@type\":\"ListItem\",\"position\":1,\"name\":\"Home\",\"item\":\"https:\\\/\\\/www.jornadaebpmg.com.br\\\/2026\\\/\"},{\"@type\":\"ListItem\",\"position\":2,\"name\":\"Bibliografia\"}]},{\"@type\":\"WebSite\",\"@id\":\"https:\\\/\\\/www.jornadaebpmg.com.br\\\/2026\\\/#website\",\"url\":\"https:\\\/\\\/www.jornadaebpmg.com.br\\\/2026\\\/\",\"name\":\"28\u00aa Jornada EBP-MG\",\"description\":\"\",\"publisher\":{\"@id\":\"https:\\\/\\\/www.jornadaebpmg.com.br\\\/2026\\\/#organization\"},\"potentialAction\":[{\"@type\":\"SearchAction\",\"target\":{\"@type\":\"EntryPoint\",\"urlTemplate\":\"https:\\\/\\\/www.jornadaebpmg.com.br\\\/2026\\\/?s={search_term_string}\"},\"query-input\":{\"@type\":\"PropertyValueSpecification\",\"valueRequired\":true,\"valueName\":\"search_term_string\"}}],\"inLanguage\":\"pt-BR\"},{\"@type\":\"Organization\",\"@id\":\"https:\\\/\\\/www.jornadaebpmg.com.br\\\/2026\\\/#organization\",\"name\":\"Escola Brasileira de Psican\u00e1lise - Sess\u00e3o MG\",\"url\":\"https:\\\/\\\/www.jornadaebpmg.com.br\\\/2026\\\/\",\"logo\":{\"@type\":\"ImageObject\",\"inLanguage\":\"pt-BR\",\"@id\":\"https:\\\/\\\/www.jornadaebpmg.com.br\\\/2026\\\/#\\\/schema\\\/logo\\\/image\\\/\",\"url\":\"https:\\\/\\\/www.jornadaebpmg.com.br\\\/2026\\\/wp-content\\\/uploads\\\/2026\\\/04\\\/titulo.png\",\"contentUrl\":\"https:\\\/\\\/www.jornadaebpmg.com.br\\\/2026\\\/wp-content\\\/uploads\\\/2026\\\/04\\\/titulo.png\",\"width\":650,\"height\":300,\"caption\":\"Escola Brasileira de Psican\u00e1lise - Sess\u00e3o MG\"},\"image\":{\"@id\":\"https:\\\/\\\/www.jornadaebpmg.com.br\\\/2026\\\/#\\\/schema\\\/logo\\\/image\\\/\"}}]}<\/script>\n<!-- \/ Yoast SEO plugin. -->","yoast_head_json":{"title":"Bibliografia - 28\u00aa Jornada da Escola Brasileira de Psican\u00e1lise - Minas Gerais","robots":{"index":"noindex","follow":"follow","max-snippet":"max-snippet:-1","max-image-preview":"max-image-preview:large","max-video-preview":"max-video-preview:-1"},"og_locale":"pt_BR","og_type":"article","og_title":"Bibliografia - 28\u00aa Jornada da Escola Brasileira de Psican\u00e1lise - Minas Gerais","og_description":"[vc_row row_height_percent=&#8221;0&#8243; back_color=&#8221;color-251008&#8243; overlay_alpha=&#8221;50&#8243; gutter_size=&#8221;3&#8243; column_width_percent=&#8221;100&#8243; shift_y=&#8221;0&#8243; z_index=&#8221;0&#8243; content_parallax=&#8221;0&#8243; uncode_shortcode_id=&#8221;163681&#8243; back_color_type=&#8221;uncode-palette&#8221;][vc_column width=&#8221;1\/1&#8243;][vc_custom_heading text_color=&#8221;color-210407&#8243; text_font=&#8221;font-175661&#8243; uncode_shortcode_id=&#8221;721066&#8243; text_color_type=&#8221;uncode-palette&#8221;]Refer\u00eancias B\u00e1sicas[\/vc_custom_heading][vc_row_inner][vc_column_inner column_width_percent=&#8221;100&#8243; gutter_size=&#8221;3&#8243; override_padding=&#8221;yes&#8221; [&hellip;]","og_url":"https:\/\/www.jornadaebpmg.com.br\/2026\/bibliografia\/","og_site_name":"28\u00aa Jornada da Escola Brasileira de Psican\u00e1lise - Minas Gerais","article_modified_time":"2026-04-09T20:20:15+00:00","twitter_card":"summary_large_image","twitter_misc":{"Est. tempo de leitura":"2 minutos"},"schema":{"@context":"https:\/\/schema.org","@graph":[{"@type":"WebPage","@id":"https:\/\/www.jornadaebpmg.com.br\/2026\/bibliografia\/","url":"https:\/\/www.jornadaebpmg.com.br\/2026\/bibliografia\/","name":"Bibliografia - 28\u00aa Jornada da Escola Brasileira de Psican\u00e1lise - Minas Gerais","isPartOf":{"@id":"https:\/\/www.jornadaebpmg.com.br\/2026\/#website"},"datePublished":"2026-04-07T06:18:00+00:00","dateModified":"2026-04-09T20:20:15+00:00","breadcrumb":{"@id":"https:\/\/www.jornadaebpmg.com.br\/2026\/bibliografia\/#breadcrumb"},"inLanguage":"pt-BR","potentialAction":[{"@type":"ReadAction","target":["https:\/\/www.jornadaebpmg.com.br\/2026\/bibliografia\/"]}]},{"@type":"BreadcrumbList","@id":"https:\/\/www.jornadaebpmg.com.br\/2026\/bibliografia\/#breadcrumb","itemListElement":[{"@type":"ListItem","position":1,"name":"Home","item":"https:\/\/www.jornadaebpmg.com.br\/2026\/"},{"@type":"ListItem","position":2,"name":"Bibliografia"}]},{"@type":"WebSite","@id":"https:\/\/www.jornadaebpmg.com.br\/2026\/#website","url":"https:\/\/www.jornadaebpmg.com.br\/2026\/","name":"28\u00aa Jornada EBP-MG","description":"","publisher":{"@id":"https:\/\/www.jornadaebpmg.com.br\/2026\/#organization"},"potentialAction":[{"@type":"SearchAction","target":{"@type":"EntryPoint","urlTemplate":"https:\/\/www.jornadaebpmg.com.br\/2026\/?s={search_term_string}"},"query-input":{"@type":"PropertyValueSpecification","valueRequired":true,"valueName":"search_term_string"}}],"inLanguage":"pt-BR"},{"@type":"Organization","@id":"https:\/\/www.jornadaebpmg.com.br\/2026\/#organization","name":"Escola Brasileira de Psican\u00e1lise - Sess\u00e3o MG","url":"https:\/\/www.jornadaebpmg.com.br\/2026\/","logo":{"@type":"ImageObject","inLanguage":"pt-BR","@id":"https:\/\/www.jornadaebpmg.com.br\/2026\/#\/schema\/logo\/image\/","url":"https:\/\/www.jornadaebpmg.com.br\/2026\/wp-content\/uploads\/2026\/04\/titulo.png","contentUrl":"https:\/\/www.jornadaebpmg.com.br\/2026\/wp-content\/uploads\/2026\/04\/titulo.png","width":650,"height":300,"caption":"Escola Brasileira de Psican\u00e1lise - Sess\u00e3o MG"},"image":{"@id":"https:\/\/www.jornadaebpmg.com.br\/2026\/#\/schema\/logo\/image\/"}}]}},"_links":{"self":[{"href":"https:\/\/www.jornadaebpmg.com.br\/2026\/wp-json\/wp\/v2\/pages\/27","targetHints":{"allow":["GET"]}}],"collection":[{"href":"https:\/\/www.jornadaebpmg.com.br\/2026\/wp-json\/wp\/v2\/pages"}],"about":[{"href":"https:\/\/www.jornadaebpmg.com.br\/2026\/wp-json\/wp\/v2\/types\/page"}],"author":[{"embeddable":true,"href":"https:\/\/www.jornadaebpmg.com.br\/2026\/wp-json\/wp\/v2\/users\/1"}],"replies":[{"embeddable":true,"href":"https:\/\/www.jornadaebpmg.com.br\/2026\/wp-json\/wp\/v2\/comments?post=27"}],"version-history":[{"count":3,"href":"https:\/\/www.jornadaebpmg.com.br\/2026\/wp-json\/wp\/v2\/pages\/27\/revisions"}],"predecessor-version":[{"id":205,"href":"https:\/\/www.jornadaebpmg.com.br\/2026\/wp-json\/wp\/v2\/pages\/27\/revisions\/205"}],"wp:attachment":[{"href":"https:\/\/www.jornadaebpmg.com.br\/2026\/wp-json\/wp\/v2\/media?parent=27"}],"curies":[{"name":"wp","href":"https:\/\/api.w.org\/{rel}","templated":true}]}}