{"id":31,"date":"2026-04-07T06:18:35","date_gmt":"2026-04-07T06:18:35","guid":{"rendered":"https:\/\/www.jornadaebpmg.com.br\/2026\/?page_id=31"},"modified":"2026-04-09T20:20:52","modified_gmt":"2026-04-09T20:20:52","slug":"organizacao","status":"publish","type":"page","link":"https:\/\/www.jornadaebpmg.com.br\/2026\/organizacao\/","title":{"rendered":"Organiza\u00e7\u00e3o"},"content":{"rendered":"<div class=\"wpb-content-wrapper\"><p>[vc_row row_height_percent=&#8221;0&#8243; back_color=&#8221;color-251008&#8243; overlay_alpha=&#8221;50&#8243; gutter_size=&#8221;3&#8243; column_width_percent=&#8221;100&#8243; shift_y=&#8221;0&#8243; z_index=&#8221;0&#8243; content_parallax=&#8221;0&#8243; uncode_shortcode_id=&#8221;163681&#8243; back_color_type=&#8221;uncode-palette&#8221;][vc_column width=&#8221;1\/1&#8243;][vc_custom_heading auto_text=&#8221;yes&#8221; text_color=&#8221;color-210407&#8243; text_font=&#8221;font-175661&#8243; uncode_shortcode_id=&#8221;981031&#8243; text_color_type=&#8221;uncode-palette&#8221;]Semin\u00e1rios preparat\u00f3rios[\/vc_custom_heading][vc_row_inner row_inner_height_percent=&#8221;0&#8243; overlay_alpha=&#8221;50&#8243; equal_height=&#8221;yes&#8221; gutter_size=&#8221;3&#8243; shift_y=&#8221;0&#8243; z_index=&#8221;0&#8243; uncode_shortcode_id=&#8221;876304&#8243;][vc_column_inner column_width_percent=&#8221;100&#8243; gutter_size=&#8221;3&#8243; override_padding=&#8221;yes&#8221; column_padding=&#8221;2&#8243; overlay_color=&#8221;color-nhtu&#8221; overlay_alpha=&#8221;5&#8243; shift_x=&#8221;0&#8243; shift_y=&#8221;0&#8243; shift_y_down=&#8221;0&#8243; z_index=&#8221;0&#8243; medium_width=&#8221;0&#8243; mobile_width=&#8221;0&#8243; css_animation=&#8221;bottom-t-top&#8221; animation_delay=&#8221;100&#8243; width=&#8221;1\/2&#8243; uncode_shortcode_id=&#8221;104787&#8243; overlay_color_type=&#8221;uncode-palette&#8221;][vc_custom_heading text_color=&#8221;color-jevc&#8221; text_font=&#8221;font-175661&#8243; uncode_shortcode_id=&#8221;137859&#8243; text_color_type=&#8221;uncode-palette&#8221;]<b>Comiss\u00e3o Cient\u00edfica<\/b>[\/vc_custom_heading][vc_column_text uncode_shortcode_id=&#8221;478180&#8243;]Elisa Alvarenga<br \/>\nLudmilla F\u00e9res Faria<br \/>\nLu\u00eds Couto<br \/>\nMaria de F\u00e1tima Ferreira<br \/>\nMaria Jos\u00e9 Gontijo Salum<br \/>\nM\u00f4nica Campos Silva<br \/>\nRam Mandil<br \/>\nS\u00e9rgio Laia[\/vc_column_text][\/vc_column_inner][vc_column_inner column_width_percent=&#8221;100&#8243; gutter_size=&#8221;3&#8243; override_padding=&#8221;yes&#8221; column_padding=&#8221;2&#8243; overlay_color=&#8221;color-jevc&#8221; overlay_alpha=&#8221;5&#8243; shift_x=&#8221;0&#8243; shift_y=&#8221;0&#8243; shift_y_down=&#8221;0&#8243; z_index=&#8221;0&#8243; medium_width=&#8221;0&#8243; mobile_width=&#8221;0&#8243; css_animation=&#8221;bottom-t-top&#8221; animation_delay=&#8221;300&#8243; width=&#8221;1\/2&#8243; uncode_shortcode_id=&#8221;143458&#8243; overlay_color_type=&#8221;uncode-palette&#8221;][vc_custom_heading text_color=&#8221;color-jevc&#8221; text_font=&#8221;font-175661&#8243; uncode_shortcode_id=&#8221;970394&#8243; text_color_type=&#8221;uncode-palette&#8221;]<b>Comiss\u00e3o de Livraria<\/b>[\/vc_custom_heading][vc_column_text uncode_shortcode_id=&#8221;127029&#8243;]<strong>Coordena\u00e7\u00e3o:<\/strong><\/p>\n<p>K\u00e1tia Mari\u00e1s<br \/>\nRodrigo Matta Machado<\/p>\n<p><strong>Integrantes:<\/strong><\/p>\n<p>Carolina Alvarenga Long<br \/>\nMaira Freitas<br \/>\nRog\u00e9ria Ara\u00fajo Guimar\u00e3es Gontijo<br \/>\nVitor Ataide Lopes de Souza[\/vc_column_text][\/vc_column_inner][\/vc_row_inner][vc_row_inner row_inner_height_percent=&#8221;0&#8243; overlay_alpha=&#8221;50&#8243; equal_height=&#8221;yes&#8221; gutter_size=&#8221;3&#8243; shift_y=&#8221;0&#8243; z_index=&#8221;0&#8243; uncode_shortcode_id=&#8221;121309&#8243;][vc_column_inner column_width_percent=&#8221;100&#8243; gutter_size=&#8221;3&#8243; override_padding=&#8221;yes&#8221; column_padding=&#8221;2&#8243; overlay_color=&#8221;color-nhtu&#8221; overlay_alpha=&#8221;5&#8243; shift_x=&#8221;0&#8243; shift_y=&#8221;0&#8243; shift_y_down=&#8221;0&#8243; z_index=&#8221;0&#8243; medium_width=&#8221;0&#8243; mobile_width=&#8221;0&#8243; css_animation=&#8221;bottom-t-top&#8221; animation_delay=&#8221;100&#8243; width=&#8221;1\/2&#8243; uncode_shortcode_id=&#8221;671432&#8243; overlay_color_type=&#8221;uncode-palette&#8221;][vc_custom_heading text_color=&#8221;color-jevc&#8221; text_font=&#8221;font-175661&#8243; uncode_shortcode_id=&#8221;150701&#8243; text_color_type=&#8221;uncode-palette&#8221;]<b>Comiss\u00e3o de M\u00eddias<\/b>[\/vc_custom_heading][vc_column_text uncode_shortcode_id=&#8221;376651&#8243;]<strong>Coordena\u00e7\u00e3o:<\/strong><\/p>\n<p>Ernesto Anzalone<br \/>\nMariana Vidigal<\/p>\n<p><strong>Integrantes:<\/strong><\/p>\n<p>Clarice Tulio<br \/>\nMarcela Normand<br \/>\nMarina Ladeira<br \/>\nOl\u00edvia Viana<br \/>\nSilvia Barbosa[\/vc_column_text][\/vc_column_inner][vc_column_inner column_width_percent=&#8221;100&#8243; gutter_size=&#8221;3&#8243; override_padding=&#8221;yes&#8221; column_padding=&#8221;2&#8243; overlay_color=&#8221;color-jevc&#8221; overlay_alpha=&#8221;5&#8243; shift_x=&#8221;0&#8243; shift_y=&#8221;0&#8243; shift_y_down=&#8221;0&#8243; z_index=&#8221;0&#8243; medium_width=&#8221;0&#8243; mobile_width=&#8221;0&#8243; css_animation=&#8221;bottom-t-top&#8221; animation_delay=&#8221;300&#8243; width=&#8221;1\/2&#8243; uncode_shortcode_id=&#8221;244251&#8243; overlay_color_type=&#8221;uncode-palette&#8221;][vc_custom_heading text_color=&#8221;color-jevc&#8221; text_font=&#8221;font-175661&#8243; uncode_shortcode_id=&#8221;124683&#8243; text_color_type=&#8221;uncode-palette&#8221;]<b>Comiss\u00e3o de Infraestrutura<\/b>[\/vc_custom_heading][vc_column_text uncode_shortcode_id=&#8221;177518&#8243;]<strong>Coordena\u00e7\u00e3o:<\/strong><\/p>\n<p>Andr\u00e9a Eul\u00e1lio<br \/>\nLuciana Silviano Brand\u00e3o<\/p>\n<p><strong>Integrantes:<\/strong><\/p>\n<p>Eduardo de Jesus<br \/>\nFernanda Bezerra Santiago<br \/>\nGabriel Vila\u00e7a<br \/>\nKarinne Vieira de Jesus<br \/>\nLaura Campos<br \/>\nMarina Del Papa[\/vc_column_text][\/vc_column_inner][\/vc_row_inner][vc_row_inner row_inner_height_percent=&#8221;0&#8243; overlay_alpha=&#8221;50&#8243; equal_height=&#8221;yes&#8221; gutter_size=&#8221;3&#8243; shift_y=&#8221;0&#8243; z_index=&#8221;0&#8243; uncode_shortcode_id=&#8221;788888&#8243;][vc_column_inner column_width_percent=&#8221;100&#8243; gutter_size=&#8221;3&#8243; override_padding=&#8221;yes&#8221; column_padding=&#8221;2&#8243; overlay_color=&#8221;color-nhtu&#8221; overlay_alpha=&#8221;5&#8243; shift_x=&#8221;0&#8243; shift_y=&#8221;0&#8243; shift_y_down=&#8221;0&#8243; z_index=&#8221;0&#8243; medium_width=&#8221;0&#8243; mobile_width=&#8221;0&#8243; css_animation=&#8221;bottom-t-top&#8221; animation_delay=&#8221;100&#8243; width=&#8221;1\/2&#8243; uncode_shortcode_id=&#8221;130562&#8243; overlay_color_type=&#8221;uncode-palette&#8221;][vc_custom_heading text_color=&#8221;color-jevc&#8221; text_font=&#8221;font-175661&#8243; uncode_shortcode_id=&#8221;158864&#8243; text_color_type=&#8221;uncode-palette&#8221;]<strong>Comiss\u00e3o de Bibliografia<\/strong>[\/vc_custom_heading][vc_column_text uncode_shortcode_id=&#8221;297037&#8243;]<strong>Coordena\u00e7\u00e3o:<\/strong><\/p>\n<p>M\u00e1rcia Mez\u00eancio<br \/>\nTereza Facury<\/p>\n<p><strong>Integrantes:<\/strong><\/p>\n<p>Adriana Vitta<br \/>\nAline Mendes<br \/>\nB\u00e1rbara Afonso<br \/>\nJorge Pimenta<br \/>\nMaria Wilma de Faria<br \/>\nSilvane Carozzi<br \/>\nSoraya Pereira<br \/>\nVin\u00edcius Lima[\/vc_column_text][\/vc_column_inner][vc_column_inner column_width_percent=&#8221;100&#8243; gutter_size=&#8221;3&#8243; override_padding=&#8221;yes&#8221; column_padding=&#8221;2&#8243; overlay_color=&#8221;color-jevc&#8221; overlay_alpha=&#8221;5&#8243; shift_x=&#8221;0&#8243; shift_y=&#8221;0&#8243; shift_y_down=&#8221;0&#8243; z_index=&#8221;0&#8243; medium_width=&#8221;0&#8243; mobile_width=&#8221;0&#8243; css_animation=&#8221;bottom-t-top&#8221; animation_delay=&#8221;300&#8243; width=&#8221;1\/2&#8243; uncode_shortcode_id=&#8221;949094&#8243; overlay_color_type=&#8221;uncode-palette&#8221;][vc_custom_heading text_color=&#8221;color-jevc&#8221; text_font=&#8221;font-175661&#8243; uncode_shortcode_id=&#8221;126740&#8243; text_color_type=&#8221;uncode-palette&#8221;]<b>Comiss\u00e3o de Acolhimento e Festa<\/b>[\/vc_custom_heading][vc_column_text uncode_shortcode_id=&#8221;847699&#8243;]<strong>Coordena\u00e7\u00e3o:<\/strong><\/p>\n<p>Juliana Motta<br \/>\nPaula Pimenta<\/p>\n<p><strong>Integrantes:<\/strong><\/p>\n<p>Ana Paula Oliveira<br \/>\nCec\u00edlia Batista<br \/>\nJo\u00e3o Campos<br \/>\nJ\u00falia Damas<br \/>\nJ\u00falia Werneck<br \/>\nLu\u00eds Henrique<br \/>\nMarcela Mascarenhas<br \/>\nRenata Mendon\u00e7a<br \/>\nVin\u00edcio Ara\u00fajo[\/vc_column_text][\/vc_column_inner][\/vc_row_inner][vc_row_inner row_inner_height_percent=&#8221;0&#8243; overlay_alpha=&#8221;50&#8243; equal_height=&#8221;yes&#8221; gutter_size=&#8221;3&#8243; shift_y=&#8221;0&#8243; z_index=&#8221;0&#8243; uncode_shortcode_id=&#8221;657860&#8243;][vc_column_inner column_width_percent=&#8221;100&#8243; gutter_size=&#8221;3&#8243; override_padding=&#8221;yes&#8221; column_padding=&#8221;2&#8243; overlay_color=&#8221;color-nhtu&#8221; overlay_alpha=&#8221;5&#8243; shift_x=&#8221;0&#8243; shift_y=&#8221;0&#8243; shift_y_down=&#8221;0&#8243; z_index=&#8221;0&#8243; medium_width=&#8221;0&#8243; mobile_width=&#8221;0&#8243; css_animation=&#8221;bottom-t-top&#8221; animation_delay=&#8221;100&#8243; width=&#8221;1\/2&#8243; uncode_shortcode_id=&#8221;944040&#8243; overlay_color_type=&#8221;uncode-palette&#8221;][vc_custom_heading text_color=&#8221;color-jevc&#8221; text_font=&#8221;font-175661&#8243; uncode_shortcode_id=&#8221;102382&#8243; text_color_type=&#8221;uncode-palette&#8221;]<strong>Comiss\u00e3o de Site e Boletim<\/strong>[\/vc_custom_heading][vc_column_text uncode_shortcode_id=&#8221;698197&#8243;]<strong>Coordena\u00e7\u00e3o:<\/strong><\/p>\n<p>Daniela Viola<br \/>\nMichelle Sena<\/p>\n<p><strong>Integrantes:<\/strong><\/p>\n<p>Ana Helena Souza<br \/>\nCec\u00edlia Lana<br \/>\nFrancisco Matheus Barros<br \/>\nGiselle Moreira<br \/>\nLet\u00edcia Mello<br \/>\nMarcela Baccarini<br \/>\nPatr\u00edcia Ribeiro[\/vc_column_text][\/vc_column_inner][vc_column_inner column_width_percent=&#8221;100&#8243; gutter_size=&#8221;3&#8243; override_padding=&#8221;yes&#8221; column_padding=&#8221;2&#8243; overlay_color=&#8221;color-jevc&#8221; overlay_alpha=&#8221;5&#8243; shift_x=&#8221;0&#8243; shift_y=&#8221;0&#8243; shift_y_down=&#8221;0&#8243; z_index=&#8221;0&#8243; medium_width=&#8221;0&#8243; mobile_width=&#8221;0&#8243; css_animation=&#8221;bottom-t-top&#8221; animation_delay=&#8221;300&#8243; width=&#8221;1\/2&#8243; uncode_shortcode_id=&#8221;420937&#8243; overlay_color_type=&#8221;uncode-palette&#8221;][vc_custom_heading text_color=&#8221;color-jevc&#8221; text_font=&#8221;font-175661&#8243; uncode_shortcode_id=&#8221;819217&#8243; text_color_type=&#8221;uncode-palette&#8221;]<strong>Comiss\u00e3o de Secretaria e Tesouraria<\/strong>[\/vc_custom_heading][vc_column_text uncode_shortcode_id=&#8221;428161&#8243;]<strong>Coordena\u00e7\u00e3o:<\/strong><\/p>\n<p>Anam\u00e1ris Pinto<br \/>\nHelo\u00edsa Bed\u00ea[\/vc_column_text][\/vc_column_inner][\/vc_row_inner][\/vc_column][\/vc_row]<\/p>\n<\/div>","protected":false},"excerpt":{"rendered":"<p>[vc_row row_height_percent=&#8221;0&#8243; back_color=&#8221;color-251008&#8243; overlay_alpha=&#8221;50&#8243; gutter_size=&#8221;3&#8243; column_width_percent=&#8221;100&#8243; shift_y=&#8221;0&#8243; z_index=&#8221;0&#8243; content_parallax=&#8221;0&#8243; uncode_shortcode_id=&#8221;163681&#8243; back_color_type=&#8221;uncode-palette&#8221;][vc_column width=&#8221;1\/1&#8243;][vc_custom_heading auto_text=&#8221;yes&#8221; text_color=&#8221;color-210407&#8243; text_font=&#8221;font-175661&#8243; uncode_shortcode_id=&#8221;981031&#8243; text_color_type=&#8221;uncode-palette&#8221;]Semin\u00e1rios preparat\u00f3rios[\/vc_custom_heading][vc_row_inner row_inner_height_percent=&#8221;0&#8243; overlay_alpha=&#8221;50&#8243; [&hellip;]<\/p>\n","protected":false},"author":1,"featured_media":0,"parent":0,"menu_order":0,"comment_status":"closed","ping_status":"closed","template":"","meta":{"footnotes":""},"class_list":["post-31","page","type-page","status-publish","hentry"],"yoast_head":"<!-- This site is optimized with the Yoast SEO plugin v27.3 - https:\/\/yoast.com\/product\/yoast-seo-wordpress\/ -->\n<title>Organiza\u00e7\u00e3o - 28\u00aa Jornada da Escola Brasileira de Psican\u00e1lise - Minas Gerais<\/title>\n<meta name=\"robots\" content=\"noindex, follow, max-snippet:-1, max-image-preview:large, max-video-preview:-1\" \/>\n<meta property=\"og:locale\" content=\"pt_BR\" \/>\n<meta property=\"og:type\" content=\"article\" \/>\n<meta property=\"og:title\" content=\"Organiza\u00e7\u00e3o - 28\u00aa Jornada da Escola Brasileira de Psican\u00e1lise - Minas Gerais\" \/>\n<meta property=\"og:description\" content=\"[vc_row row_height_percent=&#8221;0&#8243; back_color=&#8221;color-251008&#8243; overlay_alpha=&#8221;50&#8243; gutter_size=&#8221;3&#8243; column_width_percent=&#8221;100&#8243; shift_y=&#8221;0&#8243; z_index=&#8221;0&#8243; content_parallax=&#8221;0&#8243; uncode_shortcode_id=&#8221;163681&#8243; back_color_type=&#8221;uncode-palette&#8221;][vc_column width=&#8221;1\/1&#8243;][vc_custom_heading auto_text=&#8221;yes&#8221; text_color=&#8221;color-210407&#8243; text_font=&#8221;font-175661&#8243; uncode_shortcode_id=&#8221;981031&#8243; text_color_type=&#8221;uncode-palette&#8221;]Semin\u00e1rios preparat\u00f3rios[\/vc_custom_heading][vc_row_inner row_inner_height_percent=&#8221;0&#8243; overlay_alpha=&#8221;50&#8243; [&hellip;]\" \/>\n<meta property=\"og:url\" content=\"https:\/\/www.jornadaebpmg.com.br\/2026\/organizacao\/\" \/>\n<meta property=\"og:site_name\" content=\"28\u00aa Jornada da Escola Brasileira de Psican\u00e1lise - Minas Gerais\" \/>\n<meta property=\"article:modified_time\" content=\"2026-04-09T20:20:52+00:00\" \/>\n<meta name=\"twitter:card\" content=\"summary_large_image\" \/>\n<meta name=\"twitter:label1\" content=\"Est. tempo de leitura\" \/>\n\t<meta name=\"twitter:data1\" content=\"3 minutos\" \/>\n<script type=\"application\/ld+json\" class=\"yoast-schema-graph\">{\"@context\":\"https:\\\/\\\/schema.org\",\"@graph\":[{\"@type\":\"WebPage\",\"@id\":\"https:\\\/\\\/www.jornadaebpmg.com.br\\\/2026\\\/organizacao\\\/\",\"url\":\"https:\\\/\\\/www.jornadaebpmg.com.br\\\/2026\\\/organizacao\\\/\",\"name\":\"Organiza\u00e7\u00e3o - 28\u00aa Jornada da Escola Brasileira de Psican\u00e1lise - Minas Gerais\",\"isPartOf\":{\"@id\":\"https:\\\/\\\/www.jornadaebpmg.com.br\\\/2026\\\/#website\"},\"datePublished\":\"2026-04-07T06:18:35+00:00\",\"dateModified\":\"2026-04-09T20:20:52+00:00\",\"breadcrumb\":{\"@id\":\"https:\\\/\\\/www.jornadaebpmg.com.br\\\/2026\\\/organizacao\\\/#breadcrumb\"},\"inLanguage\":\"pt-BR\",\"potentialAction\":[{\"@type\":\"ReadAction\",\"target\":[\"https:\\\/\\\/www.jornadaebpmg.com.br\\\/2026\\\/organizacao\\\/\"]}]},{\"@type\":\"BreadcrumbList\",\"@id\":\"https:\\\/\\\/www.jornadaebpmg.com.br\\\/2026\\\/organizacao\\\/#breadcrumb\",\"itemListElement\":[{\"@type\":\"ListItem\",\"position\":1,\"name\":\"Home\",\"item\":\"https:\\\/\\\/www.jornadaebpmg.com.br\\\/2026\\\/\"},{\"@type\":\"ListItem\",\"position\":2,\"name\":\"Organiza\u00e7\u00e3o\"}]},{\"@type\":\"WebSite\",\"@id\":\"https:\\\/\\\/www.jornadaebpmg.com.br\\\/2026\\\/#website\",\"url\":\"https:\\\/\\\/www.jornadaebpmg.com.br\\\/2026\\\/\",\"name\":\"28\u00aa Jornada EBP-MG\",\"description\":\"\",\"publisher\":{\"@id\":\"https:\\\/\\\/www.jornadaebpmg.com.br\\\/2026\\\/#organization\"},\"potentialAction\":[{\"@type\":\"SearchAction\",\"target\":{\"@type\":\"EntryPoint\",\"urlTemplate\":\"https:\\\/\\\/www.jornadaebpmg.com.br\\\/2026\\\/?s={search_term_string}\"},\"query-input\":{\"@type\":\"PropertyValueSpecification\",\"valueRequired\":true,\"valueName\":\"search_term_string\"}}],\"inLanguage\":\"pt-BR\"},{\"@type\":\"Organization\",\"@id\":\"https:\\\/\\\/www.jornadaebpmg.com.br\\\/2026\\\/#organization\",\"name\":\"Escola Brasileira de Psican\u00e1lise - Sess\u00e3o MG\",\"url\":\"https:\\\/\\\/www.jornadaebpmg.com.br\\\/2026\\\/\",\"logo\":{\"@type\":\"ImageObject\",\"inLanguage\":\"pt-BR\",\"@id\":\"https:\\\/\\\/www.jornadaebpmg.com.br\\\/2026\\\/#\\\/schema\\\/logo\\\/image\\\/\",\"url\":\"https:\\\/\\\/www.jornadaebpmg.com.br\\\/2026\\\/wp-content\\\/uploads\\\/2026\\\/04\\\/titulo.png\",\"contentUrl\":\"https:\\\/\\\/www.jornadaebpmg.com.br\\\/2026\\\/wp-content\\\/uploads\\\/2026\\\/04\\\/titulo.png\",\"width\":650,\"height\":300,\"caption\":\"Escola Brasileira de Psican\u00e1lise - Sess\u00e3o MG\"},\"image\":{\"@id\":\"https:\\\/\\\/www.jornadaebpmg.com.br\\\/2026\\\/#\\\/schema\\\/logo\\\/image\\\/\"}}]}<\/script>\n<!-- \/ Yoast SEO plugin. -->","yoast_head_json":{"title":"Organiza\u00e7\u00e3o - 28\u00aa Jornada da Escola Brasileira de Psican\u00e1lise - Minas Gerais","robots":{"index":"noindex","follow":"follow","max-snippet":"max-snippet:-1","max-image-preview":"max-image-preview:large","max-video-preview":"max-video-preview:-1"},"og_locale":"pt_BR","og_type":"article","og_title":"Organiza\u00e7\u00e3o - 28\u00aa Jornada da Escola Brasileira de Psican\u00e1lise - Minas Gerais","og_description":"[vc_row row_height_percent=&#8221;0&#8243; back_color=&#8221;color-251008&#8243; overlay_alpha=&#8221;50&#8243; gutter_size=&#8221;3&#8243; column_width_percent=&#8221;100&#8243; shift_y=&#8221;0&#8243; z_index=&#8221;0&#8243; content_parallax=&#8221;0&#8243; uncode_shortcode_id=&#8221;163681&#8243; back_color_type=&#8221;uncode-palette&#8221;][vc_column width=&#8221;1\/1&#8243;][vc_custom_heading auto_text=&#8221;yes&#8221; text_color=&#8221;color-210407&#8243; text_font=&#8221;font-175661&#8243; uncode_shortcode_id=&#8221;981031&#8243; text_color_type=&#8221;uncode-palette&#8221;]Semin\u00e1rios preparat\u00f3rios[\/vc_custom_heading][vc_row_inner row_inner_height_percent=&#8221;0&#8243; overlay_alpha=&#8221;50&#8243; [&hellip;]","og_url":"https:\/\/www.jornadaebpmg.com.br\/2026\/organizacao\/","og_site_name":"28\u00aa Jornada da Escola Brasileira de Psican\u00e1lise - Minas Gerais","article_modified_time":"2026-04-09T20:20:52+00:00","twitter_card":"summary_large_image","twitter_misc":{"Est. tempo de leitura":"3 minutos"},"schema":{"@context":"https:\/\/schema.org","@graph":[{"@type":"WebPage","@id":"https:\/\/www.jornadaebpmg.com.br\/2026\/organizacao\/","url":"https:\/\/www.jornadaebpmg.com.br\/2026\/organizacao\/","name":"Organiza\u00e7\u00e3o - 28\u00aa Jornada da Escola Brasileira de Psican\u00e1lise - Minas Gerais","isPartOf":{"@id":"https:\/\/www.jornadaebpmg.com.br\/2026\/#website"},"datePublished":"2026-04-07T06:18:35+00:00","dateModified":"2026-04-09T20:20:52+00:00","breadcrumb":{"@id":"https:\/\/www.jornadaebpmg.com.br\/2026\/organizacao\/#breadcrumb"},"inLanguage":"pt-BR","potentialAction":[{"@type":"ReadAction","target":["https:\/\/www.jornadaebpmg.com.br\/2026\/organizacao\/"]}]},{"@type":"BreadcrumbList","@id":"https:\/\/www.jornadaebpmg.com.br\/2026\/organizacao\/#breadcrumb","itemListElement":[{"@type":"ListItem","position":1,"name":"Home","item":"https:\/\/www.jornadaebpmg.com.br\/2026\/"},{"@type":"ListItem","position":2,"name":"Organiza\u00e7\u00e3o"}]},{"@type":"WebSite","@id":"https:\/\/www.jornadaebpmg.com.br\/2026\/#website","url":"https:\/\/www.jornadaebpmg.com.br\/2026\/","name":"28\u00aa Jornada EBP-MG","description":"","publisher":{"@id":"https:\/\/www.jornadaebpmg.com.br\/2026\/#organization"},"potentialAction":[{"@type":"SearchAction","target":{"@type":"EntryPoint","urlTemplate":"https:\/\/www.jornadaebpmg.com.br\/2026\/?s={search_term_string}"},"query-input":{"@type":"PropertyValueSpecification","valueRequired":true,"valueName":"search_term_string"}}],"inLanguage":"pt-BR"},{"@type":"Organization","@id":"https:\/\/www.jornadaebpmg.com.br\/2026\/#organization","name":"Escola Brasileira de Psican\u00e1lise - Sess\u00e3o MG","url":"https:\/\/www.jornadaebpmg.com.br\/2026\/","logo":{"@type":"ImageObject","inLanguage":"pt-BR","@id":"https:\/\/www.jornadaebpmg.com.br\/2026\/#\/schema\/logo\/image\/","url":"https:\/\/www.jornadaebpmg.com.br\/2026\/wp-content\/uploads\/2026\/04\/titulo.png","contentUrl":"https:\/\/www.jornadaebpmg.com.br\/2026\/wp-content\/uploads\/2026\/04\/titulo.png","width":650,"height":300,"caption":"Escola Brasileira de Psican\u00e1lise - Sess\u00e3o MG"},"image":{"@id":"https:\/\/www.jornadaebpmg.com.br\/2026\/#\/schema\/logo\/image\/"}}]}},"_links":{"self":[{"href":"https:\/\/www.jornadaebpmg.com.br\/2026\/wp-json\/wp\/v2\/pages\/31","targetHints":{"allow":["GET"]}}],"collection":[{"href":"https:\/\/www.jornadaebpmg.com.br\/2026\/wp-json\/wp\/v2\/pages"}],"about":[{"href":"https:\/\/www.jornadaebpmg.com.br\/2026\/wp-json\/wp\/v2\/types\/page"}],"author":[{"embeddable":true,"href":"https:\/\/www.jornadaebpmg.com.br\/2026\/wp-json\/wp\/v2\/users\/1"}],"replies":[{"embeddable":true,"href":"https:\/\/www.jornadaebpmg.com.br\/2026\/wp-json\/wp\/v2\/comments?post=31"}],"version-history":[{"count":7,"href":"https:\/\/www.jornadaebpmg.com.br\/2026\/wp-json\/wp\/v2\/pages\/31\/revisions"}],"predecessor-version":[{"id":209,"href":"https:\/\/www.jornadaebpmg.com.br\/2026\/wp-json\/wp\/v2\/pages\/31\/revisions\/209"}],"wp:attachment":[{"href":"https:\/\/www.jornadaebpmg.com.br\/2026\/wp-json\/wp\/v2\/media?parent=31"}],"curies":[{"name":"wp","href":"https:\/\/api.w.org\/{rel}","templated":true}]}}